{"id":13572,"date":"2025-12-19T14:13:05","date_gmt":"2025-12-19T13:13:05","guid":{"rendered":"https:\/\/www.koettermann.com\/?page_id=13572"},"modified":"2026-02-25T16:30:08","modified_gmt":"2026-02-25T15:30:08","slug":"lab-guide","status":"publish","type":"page","link":"https:\/\/www.koettermann.com\/de\/info-center\/lab-guide\/","title":{"rendered":"LabGuide"},"content":{"rendered":"<div class=\"wpb-content-wrapper\"><p>[vc_row full_width=&#8220;stretch_row_content_no_spaces&#8220;][vc_column][vc_row_inner][vc_column_inner]            <div class=\"iw_header_image \" >\n                <div class=\"iw_header_image_image_wrapper\">\n                    <div class=\"iw_header_image_image_rescue\" aria-hidden=\"true\"><\/div>\n                    <div class=\"picture-tag-wrapper\">\n                                        <picture>\n                    <source media=\"(max-width: 465px)\" srcset=\"https:\/\/www.koettermann.com\/wp-content\/uploads\/2026\/01\/LabGuide_Mobil.jpeg\">\n                    <source media=\"(max-width: 860px)\" srcset=\"https:\/\/www.koettermann.com\/wp-content\/uploads\/2026\/01\/LabGuide_Tablet.jpeg\">\n                    <img decoding=\"async\" src=\"https:\/\/www.koettermann.com\/wp-content\/uploads\/2026\/01\/LabGuide_PC.jpeg\" alt=\"\" width=\"2400\" height=\"813\" style=\"width: 100%; height: 100%; object-fit: cover\" loading=\"lazy\"\/>\n                <\/picture>\n                    <\/div>\n                    <div class=\"iw-image-alt-caption iw-image-alt-caption--center\">\n                        \n                    <\/div>\n                <\/div>\n                \n                            <div class=\"iw_header_image_image_content\">\n                \n            <\/div>\n\n                \n            <\/div>\n\n[\/vc_column_inner][\/vc_row_inner][\/vc_column][\/vc_row][vc_row full_width=&#8220;stretch_row&#8220;][vc_column][vc_row_inner][vc_column_inner offset=&#8220;vc_hidden-sm vc_hidden-xs&#8220;][vc_empty_space height=&#8220;50px&#8220;][\/vc_column_inner][\/vc_row_inner][vc_row_inner][vc_column_inner][vc_empty_space height=&#8220;50px&#8220;][\/vc_column_inner][\/vc_row_inner][vc_row_inner][vc_column_inner][vc_column_text css=&#8220;&#8220;]<\/p>\n<h1 style=\"text-align: left;\">LabGuide<\/h1>\n<p>[\/vc_column_text][\/vc_column_inner][\/vc_row_inner][vc_row_inner][vc_column_inner width=&#8220;1\/6&#8243;][\/vc_column_inner][vc_column_inner width=&#8220;5\/6&#8243; offset=&#8220;vc_hidden-sm vc_hidden-xs&#8220;][vc_column_text css=&#8220;&#8220;]<\/p>\n<h4>Auf einen Blick: Hintergr\u00fcnde, Fachwissen und praktische Einblicke rund um moderne Laboreinrichtungen.<\/h4>\n<p>[\/vc_column_text][\/vc_column_inner][\/vc_row_inner][vc_row_inner][vc_column_inner offset=&#8220;vc_hidden-lg vc_hidden-md&#8220;][vc_column_text css=&#8220;&#8220;]<\/p>\n<h4>Auf einen Blick: Hintergr\u00fcnde, Fachwissen und praktische Einblicke rund um moderne Laboreinrichtungen.<\/h4>\n<p>[\/vc_column_text][\/vc_column_inner][\/vc_row_inner][vc_row_inner][vc_column_inner][vc_empty_space height=&#8220;25px&#8220;][\/vc_column_inner][\/vc_row_inner][vc_row_inner][vc_column_inner offset=&#8220;vc_hidden-xs&#8220;][vc_empty_space height=&#8220;50px&#8220;][\/vc_column_inner][\/vc_row_inner][\/vc_column][\/vc_row][vc_row full_width=&#8220;stretch_row_content_no_spaces&#8220;][vc_column][vc_row_inner][vc_column_inner]<div class=\"iw-post-list iw-cpt-lab-guide without_typation\"><div class=\"iw-post-list__search iw-cpt-lab-guide__search\"><form action=\"\" method=\"get\" class=\"search_form\"><input class=\"\" type=\"text\" name=\"search\" placeholder=\"Wonach suchen Sie?\u2026\" value=\"\"><button class=\"search_button start_search \" type=\"submit\" value=\"Suche\" aria-label=\"Suche starten\"><svg xmlns=\"http:\/\/www.w3.org\/2000\/svg\" width=\"24\" height=\"24\" viewBox=\"0 0 24 24\"><path d=\"M15.5 14h-.79l-.28-.27C15.41 12.59 16 11.11 16 9.5 16 5.91 13.09 3 9.5 3S3 5.91 3 9.5 5.91 16 9.5 16c1.61 0 3.09-.59 4.23-1.57l.27.28v.79l5 4.99L20.49 19l-4.99-5zm-6 0C7.01 14 5 11.99 5 9.5S7.01 5 9.5 5 14 7.01 14 9.5 11.99 14 9.5 14z\"\/><path d=\"M0 0h24v24H0z\" fill=\"none\"\/><\/svg><\/button><\/form><\/div><div class=\"iw-post-list__taxonomies iw-post-list__tags iw-cpt-lab-guide__tags single_line\"><div class=\"taxonomy_link_wrapper_area tag_link_wrapper_area\"><div class=\"taxonomy_link_wrapper tag_link_wrapper single_link \" data-id=\"377\"><a class=\"taxonomy_link tag_link\" href=\"https:\/\/www.koettermann.com\/de\/lab-guide-topic\/laborabzuege\/\" title=\"Alle Beitr\u00e4ge mit dem Schlagwort Laborabz\u00fcge anzeigen\" data-id=\"377\">Laborabz\u00fcge<\/a><\/div><div class=\"taxonomy_link_wrapper tag_link_wrapper single_link \" data-id=\"378\"><a class=\"taxonomy_link tag_link\" href=\"https:\/\/www.koettermann.com\/de\/lab-guide-topic\/laborsicherheit\/\" title=\"Alle Beitr\u00e4ge mit dem Schlagwort Laborsicherheit anzeigen\" data-id=\"378\">Laborsicherheit<\/a><\/div><div class=\"taxonomy_link_wrapper tag_link_wrapper single_link \" data-id=\"380\"><a class=\"taxonomy_link tag_link\" href=\"https:\/\/www.koettermann.com\/de\/lab-guide-topic\/nachhaltigkeit\/\" title=\"Alle Beitr\u00e4ge mit dem Schlagwort Nachhaltigkeit anzeigen\" data-id=\"380\">Nachhaltigkeit<\/a><\/div><div class=\"taxonomy_link_wrapper tag_link_wrapper single_link \" data-id=\"388\"><a class=\"taxonomy_link tag_link\" href=\"https:\/\/www.koettermann.com\/de\/lab-guide-topic\/laborinfrastruktur\/\" title=\"Alle Beitr\u00e4ge mit dem Schlagwort Laborinfrastruktur anzeigen\" data-id=\"388\">Laborinfrastruktur<\/a><\/div><div class=\"taxonomy_link_wrapper tag_link_wrapper single_link \" data-id=\"389\"><a class=\"taxonomy_link tag_link\" href=\"https:\/\/www.koettermann.com\/de\/lab-guide-topic\/siemens\/\" title=\"Alle Beitr\u00e4ge mit dem Schlagwort Siemens anzeigen\" data-id=\"389\">Siemens<\/a><\/div><div class=\"taxonomy_link_wrapper tag_link_wrapper single_link \" data-id=\"390\"><a class=\"taxonomy_link tag_link\" href=\"https:\/\/www.koettermann.com\/de\/lab-guide-topic\/c-gerhardt\/\" title=\"Alle Beitr\u00e4ge mit dem Schlagwort C. Gerhardt anzeigen\" data-id=\"390\">C. Gerhardt<\/a><\/div><div class=\"taxonomy_link_wrapper tag_link_wrapper single_link \" data-id=\"391\"><a class=\"taxonomy_link tag_link\" href=\"https:\/\/www.koettermann.com\/de\/lab-guide-topic\/liebherr\/\" title=\"Alle Beitr\u00e4ge mit dem Schlagwort Liebherr anzeigen\" data-id=\"391\">Liebherr<\/a><\/div><div class=\"clearfix\"><\/div><\/div><\/div><div class=\"iw-post-list__items iw-cpt-lab-guide__items\" data-url=\"\/de\/wp-json\/wp\/v2\/pages\/13572\" data-filter-tag=\"\" data-filter-author=\"\" data-number-of-posts=\"9\" data-order-field=\"date\" data-order-field-meta-field-name=\"\" data-order-direction=\"DESC\" data-columns=\"3\" data-additional-class=\"\" data-post-image-height=\"245px\" data-square-images=\"false\" data-overlay-enable=\"true\" data-hide-date-in-list=\"false\" data-date-format=\"j. F Y\" data-show-author-in-list=\"false\" data-search-enable=\"true\" data-search-placeholder=\"Wonach suchen Sie?\\u2026\" data-tag-type=\"display\" data-tag-order-field=\"count\" data-tag-order-direction=\"DESC\" data-pagination-type=\"arrows_only\" data-custom-shortcode=\"\" data-custom-shortcode-options=\"\" data-secondary-filter-taxonomy=\"\" data-secondary-filter-term=\"\" data-exclude-post-ids=\"\" data-search=\"\" data-tag=\"\" data-page=1 data-category=\"\" data-offset=0 data-fields=\"iw_filter_tag,iw_filter_author,iw_number_of_posts,iw_order_field,iw_order_field_meta_field_name,iw_order_direction,iw_columns,additional_class,iw_post_image_height,iw_square_images,iw_overlay_enable,iw_hide_date_in_list,iw_date_format,iw_show_author_in_list,iw_search_enable,iw_search_placeholder,iw_tag_type,iw_tag_order_field,iw_tag_order_direction,iw_pagination_type,iw_custom_shortcode,iw_custom_shortcode_options,iw_secondary_filter_taxonomy,iw_secondary_filter_term,iw_exclude_post_ids,iw_search,iw_tag,iw_page,iw_category,iw_offset\"><div class=\"col-1-3\"><article class=\"iw-post-list__item iw-cpt-lab-guide__item\">\n                <a href=\"https:\/\/www.koettermann.com\/de\/lab-guide\/vom-moebel-zur-plattform\/\" title=\"Vom M\u00f6bel zur Plattform: Wie das vernetzte Labor Wirklichkeit wird\" class=\"faux-link\"><\/a>\n                <div class=\"post_thumbnail_area\" style=\"height:245px\">\n                    <img decoding=\"async\" width=\"2500\" height=\"1666\" src=\"https:\/\/www.koettermann.com\/wp-content\/uploads\/2026\/03\/analytica_6.jpg\" class=\"attachment-full size-full wp-post-image\" alt=\"\" loading=\"lazy\" \/>\n                    <div class=\"post_thumbnail_overlay\">\n                        <div class=\"post_thumbnail_overlay_text_wrapper\">\n                            <div class=\"post_thumbnail_overlay_text\">Mehr erfahren<\/div>\n                        <\/div>\n                    <\/div>\n                    <div class=\"iw-image-alt-caption iw-image-alt-caption--left\">\n                        \n                    <\/div>\n                <\/div>\n                <div class=\"post_content_area\">\n                    <div class=\"white\"><\/div>\n                    <div class=\"tag--list\"><span class=\"tag\">Laborabz\u00fcge<\/span><span class=\"tag\">C. Gerhardt<\/span><span class=\"tag\">Laborinfrastruktur<\/span><\/div>\n                    <div class=\"post_content_area_headline\">\n                        <a href=\"https:\/\/www.koettermann.com\/de\/lab-guide\/vom-moebel-zur-plattform\/\" title=\"Vom M\u00f6bel zur Plattform: Wie das vernetzte Labor Wirklichkeit wird\">\n                            <p class=\"headline\">\n                                Vom M\u00f6bel zur Plattform: Wie das vernetzte Labor Wirklichkeit wird\n                            <\/p>\n                        <\/a>\n                    <\/div>\n                    <p class=\"excerpt\">\n                        Laborinfrastruktur endet nicht beim M\u00f6bel. Laborabz\u00fcge, Arbeitsfl\u00e4chen und Medienversorgungen sind die Basis. Wenn sie mit Ger\u00e4ten, Softwaresystemen und Sicherheitstechnik zusammenspielen, entsteht echter Mehrwert.\n                    <\/p>\n                <\/div>\n            <\/article><\/div><div class=\"col-1-3\"><article class=\"iw-post-list__item iw-cpt-lab-guide__item even\">\n                <a href=\"https:\/\/www.koettermann.com\/de\/lab-guide\/sicherheit-neu-gedacht\/\" title=\"Sicherheit, Energieeffizienz und Transparenz neu gedacht\" class=\"faux-link\"><\/a>\n                <div class=\"post_thumbnail_area\" style=\"height:245px\">\n                    <img decoding=\"async\" width=\"2500\" height=\"1667\" src=\"https:\/\/www.koettermann.com\/wp-content\/uploads\/2025\/01\/201124_Koettermann_CP-Pharma_WEB-Portrait6.jpg\" class=\"attachment-full size-full wp-post-image\" alt=\"\" loading=\"lazy\" \/>\n                    <div class=\"post_thumbnail_overlay\">\n                        <div class=\"post_thumbnail_overlay_text_wrapper\">\n                            <div class=\"post_thumbnail_overlay_text\">Mehr erfahren<\/div>\n                        <\/div>\n                    <\/div>\n                    <div class=\"iw-image-alt-caption iw-image-alt-caption--left\">\n                        \n                    <\/div>\n                <\/div>\n                <div class=\"post_content_area\">\n                    <div class=\"white\"><\/div>\n                    <div class=\"tag--list\"><span class=\"tag\">Laborabz\u00fcge<\/span><span class=\"tag\">Laborsicherheit<\/span><span class=\"tag\">Nachhaltigkeit<\/span><\/div>\n                    <div class=\"post_content_area_headline\">\n                        <a href=\"https:\/\/www.koettermann.com\/de\/lab-guide\/sicherheit-neu-gedacht\/\" title=\"Sicherheit, Energieeffizienz und Transparenz neu gedacht\">\n                            <p class=\"headline\">\n                                Sicherheit, Energieeffizienz und Transparenz neu gedacht\n                            <\/p>\n                        <\/a>\n                    <\/div>\n                    <p class=\"excerpt\">\n                        Laborabz\u00fcge sind unverzichtbar, verursachen aber hohen Energiebedarf. Moderne Abzugstechnologien sollen Sicherheit erh\u00f6hen und Energieeffizienz transparent machen.\n                    <\/p>\n                <\/div>\n            <\/article><\/div><div class=\"clearfix\"><\/div><div class=\"iw-post-list__pagination iw-cpt-lab-guide__pagination\"><div class=\"prev_area \"><div class=\"prev_arrow\"><svg class=\"arrow_back_no_fill \" xmlns=\"http:\/\/www.w3.org\/2000\/svg\" height=\"24\" viewBox=\"170 -800 640 640\" width=\"24\">\n                            <path d=\"m313-440 224 224-57 56-320-320 320-320 57 56-224 224h487v80H313Z\" \/>\n                        <\/svg><\/div><div class=\"clearfix\"><\/div><\/div><div class=\"page\">1 \/ 1<\/div><div class=\"next_area \"><div class=\"next_arrow\"><svg class=\"arrow_forward_no_fill \" xmlns=\"http:\/\/www.w3.org\/2000\/svg\" height=\"24\" viewBox=\"170 -800 640 640\" width=\"24\">\n                            <path d=\"M647-440H160v-80h487L423-744l57-56 320 320-320 320-57-56 224-224Z\" \/>\n                        <\/svg><\/div><div class=\"clearfix\"><\/div><\/div><\/div><\/div><\/div>[\/vc_column_inner][\/vc_row_inner][vc_row_inner][vc_column_inner][vc_empty_space height=&#8220;50px&#8220;][\/vc_column_inner][\/vc_row_inner][vc_row_inner][vc_column_inner offset=&#8220;vc_hidden-xs&#8220;][vc_empty_space height=&#8220;50px&#8220;][\/vc_column_inner][\/vc_row_inner][\/vc_column][\/vc_row][vc_row full_width=&#8220;stretch_row&#8220;][vc_column][vc_row_inner][vc_column_inner width=&#8220;1\/2&#8243;][vc_column_text]<\/p>\n<h2>Messen &amp; Events<\/h2>\n<p>[\/vc_column_text][vc_column_text]Ob ACHEMA in Frankfurt oder ArabLab in Dubai. Hier finden Sie auf einen Blick alle nationalen und internationalen Messen, Events und Veranstaltung mit unserer Beteiligung.[\/vc_column_text]                <div class=\"iw_wbs_button \" style=\"text-align:left\"\">\n                    <a href=\"https:\/\/www.koettermann.com\/de\/info-center\/messen-events\/\"  target=\"\">\n                        <button >\n                            \n                            MEHR ERFAHREN\n                        <\/button>\n                    <\/a>\n                <\/div>\n[vc_empty_space height=&#8220;50px&#8220;][\/vc_column_inner][vc_column_inner width=&#8220;1\/2&#8243;][vc_column_text]<\/p>\n<h2>Newsletter<\/h2>\n<p>[\/vc_column_text][vc_column_text]Mit unserem E-Mail Newsletter sind Sie immer auf dem neuesten Stand! Erhalten Sie Informationen \u00fcber Produktneuheiten, limitierte Angebote und Anwendungstipps f\u00fcr Ihre K\u00f6ttermann Produkte.[\/vc_column_text]                <div class=\"iw_wbs_button \" style=\"text-align:left\"\">\n                    <a href=\"https:\/\/www.koettermann.com\/de\/info-center\/newsletter\/\"  target=\"\">\n                        <button >\n                            \n                            MEHR ERFAHREN\n                        <\/button>\n                    <\/a>\n                <\/div>\n[vc_empty_space height=&#8220;50px&#8220;][\/vc_column_inner][\/vc_row_inner][vc_row_inner][vc_column_inner][vc_empty_space height=&#8220;50px&#8220;][\/vc_column_inner][\/vc_row_inner][vc_row_inner][vc_column_inner offset=&#8220;vc_hidden-xs&#8220;][vc_empty_space height=&#8220;50px&#8220;][\/vc_column_inner][\/vc_row_inner][\/vc_column][\/vc_row]<\/p>\n<\/div>","protected":false},"excerpt":{"rendered":"<p>[vc_row full_width=&#8220;stretch_row_content_no_spaces&#8220;][vc_column][vc_row_inner][vc_column_inner][\/vc_column_inner][\/vc_row_inner][\/vc_column][\/vc_row][vc_row full_width=&#8220;stretch_row&#8220;][vc_column][vc_row_inner][vc_column_inner offset=&#8220;vc_hidden-sm vc_hidden-xs&#8220;][vc_empty_space height=&#8220;50px&#8220;][\/vc_column_inner][\/vc_row_inner][vc_row_inner][vc_column_inner][vc_empty_space height=&#8220;50px&#8220;][\/vc_column_inner][\/vc_row_inner][vc_row_inner][vc_column_inner][vc_column_text css=&#8220;&#8220;] LabGuide [\/vc_column_text][\/vc_column_inner][\/vc_row_inner][vc_row_inner][vc_column_inner width=&#8220;1\/6&#8243;][\/vc_column_inner][vc_column_inner width=&#8220;5\/6&#8243; offset=&#8220;vc_hidden-sm vc_hidden-xs&#8220;][vc_column_text css=&#8220;&#8220;] Auf einen Blick: Hintergr\u00fcnde, Fachwissen und praktische Einblicke rund um moderne Laboreinrichtungen. [\/vc_column_text][\/vc_column_inner][\/vc_row_inner][vc_row_inner][vc_column_inner offset=&#8220;vc_hidden-lg vc_hidden-md&#8220;][vc_column_text css=&#8220;&#8220;] Auf einen Blick: Hintergr\u00fcnde, Fachwissen und praktische Einblicke rund um moderne Laboreinrichtungen. [\/vc_column_text][\/vc_column_inner][\/vc_row_inner][vc_row_inner][vc_column_inner][vc_empty_space height=&#8220;25px&#8220;][\/vc_column_inner][\/vc_row_inner][vc_row_inner][vc_column_inner offset=&#8220;vc_hidden-xs&#8220;][vc_empty_space height=&#8220;50px&#8220;][\/vc_column_inner][\/vc_row_inner][\/vc_column][\/vc_row][vc_row full_width=&#8220;stretch_row_content_no_spaces&#8220;][vc_column][vc_row_inner][vc_column_inner][\/vc_column_inner][\/vc_row_inner][vc_row_inner][vc_column_inner][vc_empty_space height=&#8220;50px&#8220;][\/vc_column_inner][\/vc_row_inner][vc_row_inner][vc_column_inner offset=&#8220;vc_hidden-xs&#8220;][vc_empty_space height=&#8220;50px&#8220;][\/vc_column_inner][\/vc_row_inner][\/vc_column][\/vc_row][vc_row full_width=&#8220;stretch_row&#8220;][vc_column][vc_row_inner][vc_column_inner width=&#8220;1\/2&#8243;][vc_column_text] Messen &amp; [&hellip;]<\/p>\n","protected":false},"author":2,"featured_media":0,"parent":341,"menu_order":0,"comment_status":"closed","ping_status":"closed","template":"","meta":{"content-type":"","footnotes":""},"class_list":["post-13572","page","type-page","status-publish","hentry"],"yoast_head":"<!-- This site is optimized with the Yoast SEO plugin v27.0 - https:\/\/yoast.com\/product\/yoast-seo-wordpress\/ -->\n<title>Aktuelle Neuigkeiten &amp; Pressemitteilungen | K\u00f6ttermann<\/title>\n<meta name=\"description\" content=\"Die K\u00d6TTERMANN-Gruppe ist weltweiter Spezialist f\u00fcr hochwertige Laboreinrichtungen. Hier finden Sie alle Neuigkeiten und Pressemitteilungen.\" \/>\n<meta name=\"robots\" content=\"index, follow, max-snippet:-1, max-image-preview:large, max-video-preview:-1\" \/>\n<link rel=\"canonical\" href=\"https:\/\/www.koettermann.com\/de\/info-center\/lab-guide\/\" \/>\n<meta property=\"og:locale\" content=\"de_DE\" \/>\n<meta property=\"og:type\" content=\"article\" \/>\n<meta property=\"og:title\" content=\"Aktuelle Neuigkeiten &amp; Pressemitteilungen | K\u00f6ttermann\" \/>\n<meta property=\"og:description\" content=\"Die K\u00d6TTERMANN-Gruppe ist weltweiter Spezialist f\u00fcr hochwertige Laboreinrichtungen. Hier finden Sie alle Neuigkeiten und Pressemitteilungen.\" \/>\n<meta property=\"og:url\" content=\"https:\/\/www.koettermann.com\/de\/info-center\/lab-guide\/\" \/>\n<meta property=\"og:site_name\" content=\"K\u00f6ttermann GmbH\" \/>\n<meta property=\"article:modified_time\" content=\"2026-02-25T15:30:08+00:00\" \/>\n<meta name=\"twitter:card\" content=\"summary_large_image\" \/>\n<meta name=\"twitter:label1\" content=\"Gesch\u00e4tzte Lesezeit\" \/>\n\t<meta name=\"twitter:data1\" content=\"2\u00a0Minuten\" \/>\n<script type=\"application\/ld+json\" class=\"yoast-schema-graph\">{\"@context\":\"https:\/\/schema.org\",\"@graph\":[{\"@type\":\"WebPage\",\"@id\":\"https:\/\/www.koettermann.com\/de\/info-center\/lab-guide\/\",\"url\":\"https:\/\/www.koettermann.com\/de\/info-center\/lab-guide\/\",\"name\":\"Aktuelle Neuigkeiten & Pressemitteilungen | K\u00f6ttermann\",\"isPartOf\":{\"@id\":\"https:\/\/www.koettermann.com\/de\/#website\"},\"datePublished\":\"2025-12-19T13:13:05+00:00\",\"dateModified\":\"2026-02-25T15:30:08+00:00\",\"description\":\"Die K\u00d6TTERMANN-Gruppe ist weltweiter Spezialist f\u00fcr hochwertige Laboreinrichtungen. Hier finden Sie alle Neuigkeiten und Pressemitteilungen.\",\"breadcrumb\":{\"@id\":\"https:\/\/www.koettermann.com\/de\/info-center\/lab-guide\/#breadcrumb\"},\"inLanguage\":\"de\",\"potentialAction\":[{\"@type\":\"ReadAction\",\"target\":[\"https:\/\/www.koettermann.com\/de\/info-center\/lab-guide\/\"]}]},{\"@type\":\"BreadcrumbList\",\"@id\":\"https:\/\/www.koettermann.com\/de\/info-center\/lab-guide\/#breadcrumb\",\"itemListElement\":[{\"@type\":\"ListItem\",\"position\":1,\"name\":\"Startseite\",\"item\":\"https:\/\/www.koettermann.com\/de\/\"},{\"@type\":\"ListItem\",\"position\":2,\"name\":\"Info Center\",\"item\":\"https:\/\/www.koettermann.com\/de\/info-center\/\"},{\"@type\":\"ListItem\",\"position\":3,\"name\":\"LabGuide\"}]},{\"@type\":\"WebSite\",\"@id\":\"https:\/\/www.koettermann.com\/de\/#website\",\"url\":\"https:\/\/www.koettermann.com\/de\/\",\"name\":\"K\u00f6ttermann GmbH\",\"description\":\"\",\"potentialAction\":[{\"@type\":\"SearchAction\",\"target\":{\"@type\":\"EntryPoint\",\"urlTemplate\":\"https:\/\/www.koettermann.com\/de\/?s={search_term_string}\"},\"query-input\":{\"@type\":\"PropertyValueSpecification\",\"valueRequired\":true,\"valueName\":\"search_term_string\"}}],\"inLanguage\":\"de\"}]}<\/script>\n<!-- \/ Yoast SEO plugin. -->","yoast_head_json":{"title":"Aktuelle Neuigkeiten & Pressemitteilungen | K\u00f6ttermann","description":"Die K\u00d6TTERMANN-Gruppe ist weltweiter Spezialist f\u00fcr hochwertige Laboreinrichtungen. Hier finden Sie alle Neuigkeiten und Pressemitteilungen.","robots":{"index":"index","follow":"follow","max-snippet":"max-snippet:-1","max-image-preview":"max-image-preview:large","max-video-preview":"max-video-preview:-1"},"canonical":"https:\/\/www.koettermann.com\/de\/info-center\/lab-guide\/","og_locale":"de_DE","og_type":"article","og_title":"Aktuelle Neuigkeiten & Pressemitteilungen | K\u00f6ttermann","og_description":"Die K\u00d6TTERMANN-Gruppe ist weltweiter Spezialist f\u00fcr hochwertige Laboreinrichtungen. Hier finden Sie alle Neuigkeiten und Pressemitteilungen.","og_url":"https:\/\/www.koettermann.com\/de\/info-center\/lab-guide\/","og_site_name":"K\u00f6ttermann GmbH","article_modified_time":"2026-02-25T15:30:08+00:00","twitter_card":"summary_large_image","twitter_misc":{"Gesch\u00e4tzte Lesezeit":"2\u00a0Minuten"},"schema":{"@context":"https:\/\/schema.org","@graph":[{"@type":"WebPage","@id":"https:\/\/www.koettermann.com\/de\/info-center\/lab-guide\/","url":"https:\/\/www.koettermann.com\/de\/info-center\/lab-guide\/","name":"Aktuelle Neuigkeiten & Pressemitteilungen | K\u00f6ttermann","isPartOf":{"@id":"https:\/\/www.koettermann.com\/de\/#website"},"datePublished":"2025-12-19T13:13:05+00:00","dateModified":"2026-02-25T15:30:08+00:00","description":"Die K\u00d6TTERMANN-Gruppe ist weltweiter Spezialist f\u00fcr hochwertige Laboreinrichtungen. Hier finden Sie alle Neuigkeiten und Pressemitteilungen.","breadcrumb":{"@id":"https:\/\/www.koettermann.com\/de\/info-center\/lab-guide\/#breadcrumb"},"inLanguage":"de","potentialAction":[{"@type":"ReadAction","target":["https:\/\/www.koettermann.com\/de\/info-center\/lab-guide\/"]}]},{"@type":"BreadcrumbList","@id":"https:\/\/www.koettermann.com\/de\/info-center\/lab-guide\/#breadcrumb","itemListElement":[{"@type":"ListItem","position":1,"name":"Startseite","item":"https:\/\/www.koettermann.com\/de\/"},{"@type":"ListItem","position":2,"name":"Info Center","item":"https:\/\/www.koettermann.com\/de\/info-center\/"},{"@type":"ListItem","position":3,"name":"LabGuide"}]},{"@type":"WebSite","@id":"https:\/\/www.koettermann.com\/de\/#website","url":"https:\/\/www.koettermann.com\/de\/","name":"K\u00f6ttermann GmbH","description":"","potentialAction":[{"@type":"SearchAction","target":{"@type":"EntryPoint","urlTemplate":"https:\/\/www.koettermann.com\/de\/?s={search_term_string}"},"query-input":{"@type":"PropertyValueSpecification","valueRequired":true,"valueName":"search_term_string"}}],"inLanguage":"de"}]}},"_links":{"self":[{"href":"https:\/\/www.koettermann.com\/de\/wp-json\/wp\/v2\/pages\/13572","targetHints":{"allow":["GET"]}}],"collection":[{"href":"https:\/\/www.koettermann.com\/de\/wp-json\/wp\/v2\/pages"}],"about":[{"href":"https:\/\/www.koettermann.com\/de\/wp-json\/wp\/v2\/types\/page"}],"author":[{"embeddable":true,"href":"https:\/\/www.koettermann.com\/de\/wp-json\/wp\/v2\/users\/2"}],"replies":[{"embeddable":true,"href":"https:\/\/www.koettermann.com\/de\/wp-json\/wp\/v2\/comments?post=13572"}],"version-history":[{"count":9,"href":"https:\/\/www.koettermann.com\/de\/wp-json\/wp\/v2\/pages\/13572\/revisions"}],"predecessor-version":[{"id":14000,"href":"https:\/\/www.koettermann.com\/de\/wp-json\/wp\/v2\/pages\/13572\/revisions\/14000"}],"up":[{"embeddable":true,"href":"https:\/\/www.koettermann.com\/de\/wp-json\/wp\/v2\/pages\/341"}],"wp:attachment":[{"href":"https:\/\/www.koettermann.com\/de\/wp-json\/wp\/v2\/media?parent=13572"}],"curies":[{"name":"wp","href":"https:\/\/api.w.org\/{rel}","templated":true}]}}