{"id":179,"date":"2020-11-19T10:09:33","date_gmt":"2020-11-19T09:09:33","guid":{"rendered":"https:\/\/www.koettermann.com\/?page_id=179"},"modified":"2026-03-20T11:55:15","modified_gmt":"2026-03-20T10:55:15","slug":"kontakt","status":"publish","type":"page","link":"https:\/\/www.koettermann.com\/de\/kontakt\/","title":{"rendered":"Kontakt"},"content":{"rendered":"<div class=\"wpb-content-wrapper\"><p>[vc_row full_width=&#8220;stretch_row_content_no_spaces&#8220;][vc_column][vc_row_inner][vc_column_inner]            <div class=\"iw_header_image \" >\n                <div class=\"iw_header_image_image_wrapper\">\n                    <div class=\"iw_header_image_image_rescue\" aria-hidden=\"true\"><\/div>\n                    <div class=\"picture-tag-wrapper\">\n                                        <picture>\n                    <source media=\"(max-width: 465px)\" srcset=\"https:\/\/www.koettermann.com\/wp-content\/uploads\/2020\/12\/koettermann-de-header-image-kontakt-573px-02.jpg\">\n                    <source media=\"(max-width: 860px)\" srcset=\"https:\/\/www.koettermann.com\/wp-content\/uploads\/2020\/12\/koettermann-de-header-image-kontakt-860px-02.jpg\">\n                    <img decoding=\"async\" src=\"https:\/\/www.koettermann.com\/wp-content\/uploads\/2020\/12\/koettermann-de-header-image-kontakt-02.jpg\" alt=\"\" width=\"2400\" height=\"813\" style=\"width: 100%; height: 100%; object-fit: cover\" loading=\"lazy\"\/>\n                <\/picture>\n                    <\/div>\n                    <div class=\"iw-image-alt-caption iw-image-alt-caption--center\">\n                        \n                    <\/div>\n                <\/div>\n                \n                            <div class=\"iw_header_image_image_content\">\n                \n            <\/div>\n\n                \n            <\/div>\n\n[\/vc_column_inner][\/vc_row_inner][\/vc_column][\/vc_row][vc_row full_width=&#8220;stretch_row&#8220;][vc_column][vc_row_inner][vc_column_inner offset=&#8220;vc_hidden-sm vc_hidden-xs&#8220;][vc_empty_space height=&#8220;50px&#8220;][\/vc_column_inner][\/vc_row_inner][vc_row_inner][vc_column_inner][vc_empty_space height=&#8220;50px&#8220;][\/vc_column_inner][\/vc_row_inner][vc_row_inner][vc_column_inner][vc_column_text]<\/p>\n<h1 style=\"text-align: left;\">Kontaktieren Sie uns<\/h1>\n<p>[\/vc_column_text][\/vc_column_inner][\/vc_row_inner][vc_row_inner][vc_column_inner width=&#8220;1\/6&#8243;][\/vc_column_inner][vc_column_inner width=&#8220;5\/6&#8243; offset=&#8220;vc_hidden-sm vc_hidden-xs&#8220;][vc_column_text]<\/p>\n<h4>Der Austausch mit Ihnen ist essenziell f\u00fcr unsere Arbeit. Ihre Bed\u00fcrfnisse zu verstehen, bildet die Grundlage f\u00fcr unsere passgenaue Planung. Wir sind f\u00fcr Sie da \u2013 egal ob es um Fragen, W\u00fcnsche, Kritik oder Anregungen geht. Melden Sie sich gern gleich \u00fcber das Kontaktformular oder per E-Mail, Telefon oder WhatsApp.<\/h4>\n<p>[\/vc_column_text][\/vc_column_inner][\/vc_row_inner][vc_row_inner][vc_column_inner offset=&#8220;vc_hidden-lg vc_hidden-md&#8220;][vc_column_text]<\/p>\n<h4>Der Austausch mit Ihnen ist essenziell f\u00fcr unsere Arbeit. Ihre Bed\u00fcrfnisse zu verstehen, bildet die Grundlage f\u00fcr unsere passgenaue Planung. Wir sind f\u00fcr Sie da \u2013 egal ob es um Fragen, W\u00fcnsche, Kritik oder Anregungen geht. Melden Sie sich gern gleich \u00fcber das Kontaktformular oder per E-Mail, Telefon oder WhatsApp.<\/h4>\n<p>[\/vc_column_text][\/vc_column_inner][\/vc_row_inner][vc_row_inner][vc_column_inner][vc_empty_space height=&#8220;25px&#8220;][\/vc_column_inner][\/vc_row_inner][vc_row_inner][vc_column_inner offset=&#8220;vc_hidden-xs&#8220;][vc_empty_space height=&#8220;50px&#8220;][\/vc_column_inner][\/vc_row_inner][\/vc_column][\/vc_row][vc_row full_width=&#8220;stretch_row&#8220;][vc_column][vc_row_inner][vc_column_inner width=&#8220;1\/6&#8243;][\/vc_column_inner][vc_column_inner width=&#8220;5\/6&#8243; offset=&#8220;vc_hidden-xs&#8220;][vc_column_text]<\/p>\n<h4><span style=\"color: #31b9d5;\">Zu folgenden Zeiten erreichen Sie uns<\/span><\/h4>\n<p>[\/vc_column_text][vc_column_text css=&#8220;&#8220;]<strong>Montag \u2013 Donnerstag: 8:00 \u2013 15:00 Uhr<\/strong><br \/>\n<strong>Freitag: 8:00 \u2013 12:00 Uhr<\/strong>[\/vc_column_text][vc_empty_space height=&#8220;25px&#8220;]            <div class=\"iw_anchor \">\n                <div id=\"call\" class=\"iw_anchor_element\" style=\"top: -150px\"><\/div>\n            <\/div>\n[\/vc_column_inner][\/vc_row_inner][vc_row_inner][vc_column_inner width=&#8220;1\/6&#8243;][\/vc_column_inner][vc_column_inner width=&#8220;5\/6&#8243; offset=&#8220;vc_hidden-xs&#8220;][vc_column_text]<\/p>\n<h4><span style=\"color: #31b9d5;\">\u00dcber diese Kan\u00e4le freuen wir uns auf Ihre Kontaktaufnahme<\/span><\/h4>\n<p>[\/vc_column_text][vc_column_text css=&#8220;&#8220;]<strong>Telefon:<\/strong> +49 (0) 5147 976-0<br \/>\n<strong>WhatsApp Kundenservice:<\/strong> +49 (0) 5147 976-7000<br \/>\n<strong>E-Mail:<\/strong> <a href=\"mailto:exploris@koettermann.com\">exploris@koettermann.com<\/a><br \/>\n<strong>Fax:<\/strong> +49 (0) 5147 976-844[\/vc_column_text][vc_column_text]K\u00f6ttermann GmbH<br \/>\nIndustriestra\u00dfe 2<br \/>\nD-31311 Uetze[\/vc_column_text][vc_empty_space height=&#8220;25px&#8220;][\/vc_column_inner][\/vc_row_inner][vc_row_inner][vc_column_inner offset=&#8220;vc_hidden-xs&#8220;][vc_empty_space height=&#8220;50px&#8220;][\/vc_column_inner][\/vc_row_inner][\/vc_column][\/vc_row][vc_row full_width=&#8220;stretch_row&#8220;][vc_column][vc_row_inner][vc_column_inner width=&#8220;1\/3&#8243;][\/vc_column_inner][vc_column_inner width=&#8220;3\/6&#8243;]            <div class=\"iw_anchor \">\n                <div id=\"form\" class=\"iw_anchor_element\" style=\"top: -150px\"><\/div>\n            <\/div>\n[vc_column_text]<\/p>\n<h2>Kontaktformular<\/h2>\n<p>[\/vc_column_text][vc_empty_space height=&#8220;25px&#8220;]\n<div class=\"wpcf7 no-js\" id=\"wpcf7-f177-o1\" lang=\"de-DE\" dir=\"ltr\" data-wpcf7-id=\"177\">\n<div class=\"screen-reader-response\"><p role=\"status\" aria-live=\"polite\" aria-atomic=\"true\"><\/p> <ul><\/ul><\/div>\n<form action=\"\/de\/wp-json\/wp\/v2\/pages\/179#wpcf7-f177-o1\" method=\"post\" class=\"wpcf7-form init\" aria-label=\"Kontaktformular\" enctype=\"multipart\/form-data\" novalidate=\"novalidate\" data-status=\"init\">\n<fieldset class=\"hidden-fields-container\"><input type=\"hidden\" name=\"_wpcf7\" value=\"177\" \/><input type=\"hidden\" name=\"_wpcf7_version\" value=\"6.1.5\" \/><input type=\"hidden\" name=\"_wpcf7_locale\" value=\"de_DE\" \/><input type=\"hidden\" name=\"_wpcf7_unit_tag\" value=\"wpcf7-f177-o1\" \/><input type=\"hidden\" name=\"_wpcf7_container_post\" value=\"0\" \/><input type=\"hidden\" name=\"_wpcf7_posted_data_hash\" value=\"\" \/>\n<\/fieldset>\n<div class=\"iw_contact_form\">\n\t<div class=\"standard_row\">\n\t\t<div class=\"content-element full\">\n\t\t\t<p><label><br \/>\n<span class=\"wpcf7-form-control-wrap\" data-name=\"customer-name\"><input size=\"40\" maxlength=\"400\" class=\"wpcf7-form-control wpcf7-text wpcf7-validates-as-required\" aria-required=\"true\" aria-invalid=\"false\" placeholder=\"Name*\" value=\"\" type=\"text\" name=\"customer-name\" \/><\/span> <\/label>\n\t\t\t<\/p>\n\t\t<\/div>\n\t\t<div class=\"clearfix\">\n\t\t<\/div>\n\t<\/div>\n\t<div class=\"standard_row\">\n\t\t<div class=\"content-element full\">\n\t\t\t<p><label><br \/>\n<span class=\"wpcf7-form-control-wrap\" data-name=\"customer-company\"><input size=\"40\" maxlength=\"400\" class=\"wpcf7-form-control wpcf7-text wpcf7-validates-as-required\" aria-required=\"true\" aria-invalid=\"false\" placeholder=\"Unternehmen*\" value=\"\" type=\"text\" name=\"customer-company\" \/><\/span> <\/label>\n\t\t\t<\/p>\n\t\t<\/div>\n\t\t<div class=\"clearfix\">\n\t\t<\/div>\n\t<\/div>\n\t<div class=\"standard_row\">\n\t\t<div class=\"content-element full\">\n\t\t\t<p><label><br \/>\n<span class=\"wpcf7-form-control-wrap\" data-name=\"customer-mail\"><input size=\"40\" maxlength=\"400\" class=\"wpcf7-form-control wpcf7-email wpcf7-validates-as-required wpcf7-text wpcf7-validates-as-email\" aria-required=\"true\" aria-invalid=\"false\" placeholder=\"E-Mail*\" value=\"\" type=\"email\" name=\"customer-mail\" \/><\/span> <\/label>\n\t\t\t<\/p>\n\t\t<\/div>\n\t\t<div class=\"clearfix\">\n\t\t<\/div>\n\t<\/div>\n\t<div class=\"standard_row\">\n\t\t<div class=\"content-element full\">\n\t\t\t<p><label><br \/>\n<span class=\"wpcf7-form-control-wrap\" data-name=\"customer-phone\"><input size=\"40\" maxlength=\"400\" class=\"wpcf7-form-control wpcf7-tel wpcf7-validates-as-required wpcf7-text wpcf7-validates-as-tel\" aria-required=\"true\" aria-invalid=\"false\" placeholder=\"Rufnummer*\" value=\"\" type=\"tel\" name=\"customer-phone\" \/><\/span> <\/label>\n\t\t\t<\/p>\n\t\t<\/div>\n\t\t<div class=\"clearfix\">\n\t\t<\/div>\n\t<\/div>\n\t<div class=\"standard_row\">\n\t\t<div class=\"content-element full\">\n\t\t\t<p><label><br \/>\n<span class=\"wpcf7-form-control-wrap\" data-name=\"customer-zip\"><input class=\"wpcf7-form-control wpcf7-number wpcf7-validates-as-required wpcf7-validates-as-number\" aria-required=\"true\" aria-invalid=\"false\" placeholder=\"Postleitzahl*\" value=\"\" type=\"number\" name=\"customer-zip\" \/><\/span> <\/label>\n\t\t\t<\/p>\n\t\t<\/div>\n\t\t<div class=\"clearfix\">\n\t\t<\/div>\n\t<\/div>\n\t<div class=\"standard_row\">\n\t\t<div class=\"content-element full\">\n\t\t\t<p><label><\/label>\n\t\t\t<\/p>\n\t\t\t<div class=\"iw-custom-select\">\n\t\t\t\t<p><span class=\"wpcf7-form-control-wrap\" data-name=\"customer-requesttype\"><select class=\"wpcf7-form-control wpcf7-select wpcf7-validates-as-required\" aria-required=\"true\" aria-invalid=\"false\" name=\"customer-requesttype\"><option value=\"Art der Anfrage*\">Art der Anfrage*<\/option><option value=\"Fachberatung\">Fachberatung<\/option><option value=\"Angebot anfordern\">Angebot anfordern<\/option><option value=\"Wartung\">Wartung<\/option><option value=\"Ersatzteile\">Ersatzteile<\/option><option value=\"Fragen und Anregungen\">Fragen und Anregungen<\/option><option value=\"Sonstiges\">Sonstiges<\/option><\/select><\/span>\n\t\t\t\t<\/p>\n\t\t\t<\/div>\n\t\t<\/div>\n\t\t<div class=\"clearfix\">\n\t\t<\/div>\n\t<\/div>\n\t<div class=\"standard_row\">\n\t\t<div class=\"content-element full\">\n\t\t\t<p><label><br \/>\n<span class=\"wpcf7-form-control-wrap\" data-name=\"customer-message\"><textarea cols=\"40\" rows=\"10\" maxlength=\"2000\" class=\"wpcf7-form-control wpcf7-textarea wpcf7-validates-as-required\" aria-required=\"true\" aria-invalid=\"false\" placeholder=\"Nachricht*\" name=\"customer-message\"><\/textarea><\/span> <\/label>\n\t\t\t<\/p>\n\t\t<\/div>\n\t<\/div>\n\t<div class=\"standard_row\">\n\t\t<div class=\"content-element full iw-cf7-file\">\n\t\t\t<p><label><br \/>\n<span class=\"wpcf7-form-control-wrap\" data-name=\"customer-file\"><input size=\"40\" class=\"wpcf7-form-control wpcf7-file\" accept=\".pdf,.txt,.doc,.docx,.xls,.xlsx,image\/*\" aria-invalid=\"false\" type=\"file\" name=\"customer-file\" \/><\/span><\/label>\n\t\t\t<\/p>\n\t\t<\/div>\n\t\t<div class=\"clearfix\">\n\t\t<\/div>\n\t<\/div>\n\t<div class=\"acceptance_row\">\n\t\t<p><span class=\"wpcf7-form-control-wrap\" data-name=\"acceptance-391\"><span class=\"wpcf7-form-control wpcf7-acceptance\"><span class=\"wpcf7-list-item\"><label><input type=\"checkbox\" name=\"acceptance-391\" value=\"1\" aria-invalid=\"false\" \/><span class=\"wpcf7-list-item-label\">Ich bin mit der Weiterverarbeitung meiner Daten im Rahmen der in der <a href=\"\/datenschutz\/\">Datenschutzbestimmung<\/a> genannten Bedingungen zum Zweck der Kontaktaufnahme einverstanden. Diese Seite wird gesch\u00fctzt von reCAPTCHA. Es gelten die <a href=\"https:\/\/policies.google.com\/privacy\">Datenschutzerkl\u00e4rung<\/a> und die <a href=\"https:\/\/policies.google.com\/terms\">Nutzungsbedingungen<\/a> von Google.<\/span><\/label><\/span><\/span><\/span>\n\t\t<\/p>\n\t<\/div>\n\t<div class=\"submit_row\">\n\t\t<p><input class=\"wpcf7-form-control wpcf7-submit has-spinner button\" type=\"submit\" value=\"Abschicken\" \/>\n\t\t<\/p>\n\t<\/div>\n\t<p><span class=\"wpcf7-form-control-wrap iwrecaptcha-21\"><input class=\"wpcf7-form-control wpcf7-iwrecaptcha iw-recaptcha-token\" aria-invalid=\"false\" type=\"hidden\" name=\"iwrecaptcha-21\" value=\"\" \/><\/span>\n\t<\/p>\n<\/div><div class=\"wpcf7-response-output\" aria-hidden=\"true\"><\/div>\n<\/form>\n<\/div>\n[vc_empty_space height=&#8220;25px&#8220;][\/vc_column_inner][vc_column_inner width=&#8220;1\/6&#8243;][\/vc_column_inner][\/vc_row_inner][vc_row_inner][vc_column_inner offset=&#8220;vc_hidden-xs&#8220;][vc_empty_space height=&#8220;50px&#8220;][\/vc_column_inner][\/vc_row_inner][\/vc_column][\/vc_row][vc_row full_width=&#8220;stretch_row&#8220;][vc_column][vc_row_inner][vc_column_inner width=&#8220;1\/3&#8243;][\/vc_column_inner][vc_column_inner width=&#8220;3\/6&#8243;][\/vc_column_inner][vc_column_inner width=&#8220;1\/6&#8243;][\/vc_column_inner][\/vc_row_inner][vc_row_inner][vc_column_inner offset=&#8220;vc_hidden-xs&#8220;][vc_empty_space height=&#8220;50px&#8220;][\/vc_column_inner][\/vc_row_inner][\/vc_column][\/vc_row][vc_row full_width=&#8220;stretch_row_content_no_spaces&#8220;][vc_column][vc_row_inner][vc_column_inner offset=&#8220;vc_hidden-xs&#8220;][vc_gmaps link=&#8220;#E-8_JTNDaWZyYW1lJTIwc3JjJTNEJTIyaHR0cHMlM0ElMkYlMkZ3d3cuZ29vZ2xlLmNvbSUyRm1hcHMlMkZlbWJlZCUzRnBiJTNEJTIxMW0xNCUyMTFtOCUyMTFtMyUyMTFkOTcxNS4yMDI4Nzk5ODk2NCUyMTJkMTAuMTAyNTEzMyUyMTNkNTIuNTAwODQ2OCUyMTNtMiUyMTFpMTAyNCUyMTJpNzY4JTIxNGYxMy4xJTIxM20zJTIxMW0yJTIxMXMweDAlMjUzQTB4MzE0ODU4NmE4NzhlNDA0MyUyMTJzSyUyNUMzJTI1QjZ0dGVybWFubiUyNTIwR21iSCUyMTVlMCUyMTNtMiUyMTFzZGUlMjEyc2RlJTIxNHYxNjA2NDgyMzEwODYzJTIxNW0yJTIxMXNkZSUyMTJzZGUlMjIlMjB3aWR0aCUzRCUyMjYwMCUyMiUyMGhlaWdodCUzRCUyMjQ1MCUyMiUyMGZyYW1lYm9yZGVyJTNEJTIyMCUyMiUyMHN0eWxlJTNEJTIyYm9yZGVyJTNBMCUzQiUyMiUyMGFsbG93ZnVsbHNjcmVlbiUzRCUyMiUyMiUyMGFyaWEtaGlkZGVuJTNEJTIyZmFsc2UlMjIlMjB0YWJpbmRleCUzRCUyMjAlMjIlM0UlM0MlMkZpZnJhbWUlM0U=&#8220; size=&#8220;450&#8243;][\/vc_column_inner][\/vc_row_inner][vc_row_inner][vc_column_inner][vc_empty_space height=&#8220;50px&#8220;][\/vc_column_inner][\/vc_row_inner][vc_row_inner][vc_column_inner offset=&#8220;vc_hidden-xs&#8220;][vc_empty_space height=&#8220;50px&#8220;][\/vc_column_inner][\/vc_row_inner][\/vc_column][\/vc_row][vc_row full_width=&#8220;stretch_row&#8220;][vc_column][vc_row_inner][vc_column_inner width=&#8220;1\/3&#8243;][vc_column_text]<\/p>\n<h5>Weltweit<\/h5>\n<p>[\/vc_column_text][vc_column_text css=&#8220;.vc_custom_1613132601666{margin-top: -15px !important;}&#8220;]K\u00f6ttermann ist rund um den Globus f\u00fcr seine Kunden da. In ganz Deutschland und mit eigenen Vertriebsgesellschaften in Europa sowie autorisierten Vertragspartnern in aller Welt. So ist eine kompetente Beratung jederzeit gew\u00e4hrleistet.[\/vc_column_text]                <div class=\"iw_wbs_button \" style=\"text-align:left\"\">\n                    <a href=\"https:\/\/www.koettermann.com\/de\/unternehmen\/weltweit\/\"  target=\"\">\n                        <button >\n                            \n                            MEHR ERFAHREN\n                        <\/button>\n                    <\/a>\n                <\/div>\n[vc_empty_space height=&#8220;50px&#8220;][\/vc_column_inner][vc_column_inner width=&#8220;1\/3&#8243;][vc_column_text]<\/p>\n<h5>Service<\/h5>\n<p>[\/vc_column_text][vc_column_text css=&#8220;.vc_custom_1606398758724{margin-top: -15px !important;}&#8220;]Vom ersten Beratungsgespr\u00e4ch bis zur \u00dcbergabe Ihres betriebsbereiten Labors sind wir Ihr Ansprechpartner. Gemeinsam finden wir die zu Ihnen passende L\u00f6sung \u2013 egal ob es um ein neues Labor oder Ver\u00e4nderungen eines bestehenden geht.[\/vc_column_text]                <div class=\"iw_wbs_button \" style=\"text-align:left\"\">\n                    <a href=\"https:\/\/www.koettermann.com\/de\/service\/\"  target=\"\">\n                        <button >\n                            \n                            MEHR ERFAHREN\n                        <\/button>\n                    <\/a>\n                <\/div>\n[vc_empty_space height=&#8220;50px&#8220;][\/vc_column_inner][vc_column_inner width=&#8220;1\/3&#8243;][vc_column_text]<\/p>\n<h5>Info Center<\/h5>\n<p>[\/vc_column_text][vc_column_text css=&#8220;.vc_custom_1606398769400{margin-top: -15px !important;}&#8220;]Neben Pressemitteilungen, News und Messeterminen finden Sie im Info Center auch Bedienungs- und Montageanleitungen sowie alle aktuellen und n\u00fctzlichen Informationen aus der K\u00f6ttermann Welt.[\/vc_column_text]                <div class=\"iw_wbs_button \" style=\"text-align:left\"\">\n                    <a href=\"https:\/\/www.koettermann.com\/de\/info-center\/\"  target=\"\">\n                        <button >\n                            \n                            MEHR ERFAHREN\n                        <\/button>\n                    <\/a>\n                <\/div>\n[vc_empty_space height=&#8220;50px&#8220;][\/vc_column_inner][\/vc_row_inner][vc_row_inner][vc_column_inner offset=&#8220;vc_hidden-xs&#8220;][vc_empty_space height=&#8220;50px&#8220;][\/vc_column_inner][\/vc_row_inner][vc_row_inner][vc_column_inner offset=&#8220;vc_hidden-sm vc_hidden-xs&#8220;][vc_empty_space height=&#8220;50px&#8220;][\/vc_column_inner][\/vc_row_inner][\/vc_column][\/vc_row]<\/p>\n<\/div>","protected":false},"excerpt":{"rendered":"<p>[vc_row full_width=&#8220;stretch_row_content_no_spaces&#8220;][vc_column][vc_row_inner][vc_column_inner][\/vc_column_inner][\/vc_row_inner][\/vc_column][\/vc_row][vc_row full_width=&#8220;stretch_row&#8220;][vc_column][vc_row_inner][vc_column_inner offset=&#8220;vc_hidden-sm vc_hidden-xs&#8220;][vc_empty_space height=&#8220;50px&#8220;][\/vc_column_inner][\/vc_row_inner][vc_row_inner][vc_column_inner][vc_empty_space height=&#8220;50px&#8220;][\/vc_column_inner][\/vc_row_inner][vc_row_inner][vc_column_inner][vc_column_text] Kontaktieren Sie uns [\/vc_column_text][\/vc_column_inner][\/vc_row_inner][vc_row_inner][vc_column_inner width=&#8220;1\/6&#8243;][\/vc_column_inner][vc_column_inner width=&#8220;5\/6&#8243; offset=&#8220;vc_hidden-sm vc_hidden-xs&#8220;][vc_column_text] Der Austausch mit Ihnen ist essenziell f\u00fcr unsere Arbeit. Ihre Bed\u00fcrfnisse zu verstehen, bildet die Grundlage f\u00fcr unsere passgenaue Planung. Wir sind f\u00fcr Sie da \u2013 egal ob es um Fragen, W\u00fcnsche, Kritik oder Anregungen geht. Melden Sie sich gern [&hellip;]<\/p>\n","protected":false},"author":1,"featured_media":0,"parent":0,"menu_order":0,"comment_status":"closed","ping_status":"closed","template":"","meta":{"content-type":"","footnotes":""},"class_list":["post-179","page","type-page","status-publish","hentry"],"yoast_head":"<!-- This site is optimized with the Yoast SEO plugin v27.0 - https:\/\/yoast.com\/product\/yoast-seo-wordpress\/ -->\n<title>Kontakt - Beratung f\u00fcr Ihr Labor per Chat, Telefon oder E-Mail | K\u00f6ttermann<\/title>\n<meta name=\"description\" content=\"Hier finden Sie alle Kontaktdaten und -m\u00f6glichkeiten. Wir beraten Sie gern und geben Ihnen alle notwendigen Informationen f\u00fcr Ihr Labor.\" \/>\n<meta name=\"robots\" content=\"index, follow, max-snippet:-1, max-image-preview:large, max-video-preview:-1\" \/>\n<link rel=\"canonical\" href=\"https:\/\/www.koettermann.com\/de\/kontakt\/\" \/>\n<meta property=\"og:locale\" content=\"de_DE\" \/>\n<meta property=\"og:type\" content=\"article\" \/>\n<meta property=\"og:title\" content=\"Kontakt - Beratung f\u00fcr Ihr Labor per Chat, Telefon oder E-Mail | K\u00f6ttermann\" \/>\n<meta property=\"og:description\" content=\"Hier finden Sie alle Kontaktdaten und -m\u00f6glichkeiten. Wir beraten Sie gern und geben Ihnen alle notwendigen Informationen f\u00fcr Ihr Labor.\" \/>\n<meta property=\"og:url\" content=\"https:\/\/www.koettermann.com\/de\/kontakt\/\" \/>\n<meta property=\"og:site_name\" content=\"K\u00f6ttermann GmbH\" \/>\n<meta property=\"article:modified_time\" content=\"2026-03-20T10:55:15+00:00\" \/>\n<meta name=\"twitter:card\" content=\"summary_large_image\" \/>\n<meta name=\"twitter:label1\" content=\"Gesch\u00e4tzte Lesezeit\" \/>\n\t<meta name=\"twitter:data1\" content=\"3\u00a0Minuten\" \/>\n<script type=\"application\/ld+json\" class=\"yoast-schema-graph\">{\"@context\":\"https:\/\/schema.org\",\"@graph\":[{\"@type\":\"WebPage\",\"@id\":\"https:\/\/www.koettermann.com\/de\/kontakt\/\",\"url\":\"https:\/\/www.koettermann.com\/de\/kontakt\/\",\"name\":\"Kontakt - Beratung f\u00fcr Ihr Labor per Chat, Telefon oder E-Mail | K\u00f6ttermann\",\"isPartOf\":{\"@id\":\"https:\/\/www.koettermann.com\/de\/#website\"},\"datePublished\":\"2020-11-19T09:09:33+00:00\",\"dateModified\":\"2026-03-20T10:55:15+00:00\",\"description\":\"Hier finden Sie alle Kontaktdaten und -m\u00f6glichkeiten. Wir beraten Sie gern und geben Ihnen alle notwendigen Informationen f\u00fcr Ihr Labor.\",\"breadcrumb\":{\"@id\":\"https:\/\/www.koettermann.com\/de\/kontakt\/#breadcrumb\"},\"inLanguage\":\"de\",\"potentialAction\":[{\"@type\":\"ReadAction\",\"target\":[\"https:\/\/www.koettermann.com\/de\/kontakt\/\"]}]},{\"@type\":\"BreadcrumbList\",\"@id\":\"https:\/\/www.koettermann.com\/de\/kontakt\/#breadcrumb\",\"itemListElement\":[{\"@type\":\"ListItem\",\"position\":1,\"name\":\"Startseite\",\"item\":\"https:\/\/www.koettermann.com\/de\/\"},{\"@type\":\"ListItem\",\"position\":2,\"name\":\"Kontakt\"}]},{\"@type\":\"WebSite\",\"@id\":\"https:\/\/www.koettermann.com\/de\/#website\",\"url\":\"https:\/\/www.koettermann.com\/de\/\",\"name\":\"K\u00f6ttermann GmbH\",\"description\":\"\",\"potentialAction\":[{\"@type\":\"SearchAction\",\"target\":{\"@type\":\"EntryPoint\",\"urlTemplate\":\"https:\/\/www.koettermann.com\/de\/?s={search_term_string}\"},\"query-input\":{\"@type\":\"PropertyValueSpecification\",\"valueRequired\":true,\"valueName\":\"search_term_string\"}}],\"inLanguage\":\"de\"}]}<\/script>\n<!-- \/ Yoast SEO plugin. -->","yoast_head_json":{"title":"Kontakt - Beratung f\u00fcr Ihr Labor per Chat, Telefon oder E-Mail | K\u00f6ttermann","description":"Hier finden Sie alle Kontaktdaten und -m\u00f6glichkeiten. Wir beraten Sie gern und geben Ihnen alle notwendigen Informationen f\u00fcr Ihr Labor.","robots":{"index":"index","follow":"follow","max-snippet":"max-snippet:-1","max-image-preview":"max-image-preview:large","max-video-preview":"max-video-preview:-1"},"canonical":"https:\/\/www.koettermann.com\/de\/kontakt\/","og_locale":"de_DE","og_type":"article","og_title":"Kontakt - Beratung f\u00fcr Ihr Labor per Chat, Telefon oder E-Mail | K\u00f6ttermann","og_description":"Hier finden Sie alle Kontaktdaten und -m\u00f6glichkeiten. Wir beraten Sie gern und geben Ihnen alle notwendigen Informationen f\u00fcr Ihr Labor.","og_url":"https:\/\/www.koettermann.com\/de\/kontakt\/","og_site_name":"K\u00f6ttermann GmbH","article_modified_time":"2026-03-20T10:55:15+00:00","twitter_card":"summary_large_image","twitter_misc":{"Gesch\u00e4tzte Lesezeit":"3\u00a0Minuten"},"schema":{"@context":"https:\/\/schema.org","@graph":[{"@type":"WebPage","@id":"https:\/\/www.koettermann.com\/de\/kontakt\/","url":"https:\/\/www.koettermann.com\/de\/kontakt\/","name":"Kontakt - Beratung f\u00fcr Ihr Labor per Chat, Telefon oder E-Mail | K\u00f6ttermann","isPartOf":{"@id":"https:\/\/www.koettermann.com\/de\/#website"},"datePublished":"2020-11-19T09:09:33+00:00","dateModified":"2026-03-20T10:55:15+00:00","description":"Hier finden Sie alle Kontaktdaten und -m\u00f6glichkeiten. Wir beraten Sie gern und geben Ihnen alle notwendigen Informationen f\u00fcr Ihr Labor.","breadcrumb":{"@id":"https:\/\/www.koettermann.com\/de\/kontakt\/#breadcrumb"},"inLanguage":"de","potentialAction":[{"@type":"ReadAction","target":["https:\/\/www.koettermann.com\/de\/kontakt\/"]}]},{"@type":"BreadcrumbList","@id":"https:\/\/www.koettermann.com\/de\/kontakt\/#breadcrumb","itemListElement":[{"@type":"ListItem","position":1,"name":"Startseite","item":"https:\/\/www.koettermann.com\/de\/"},{"@type":"ListItem","position":2,"name":"Kontakt"}]},{"@type":"WebSite","@id":"https:\/\/www.koettermann.com\/de\/#website","url":"https:\/\/www.koettermann.com\/de\/","name":"K\u00f6ttermann GmbH","description":"","potentialAction":[{"@type":"SearchAction","target":{"@type":"EntryPoint","urlTemplate":"https:\/\/www.koettermann.com\/de\/?s={search_term_string}"},"query-input":{"@type":"PropertyValueSpecification","valueRequired":true,"valueName":"search_term_string"}}],"inLanguage":"de"}]}},"_links":{"self":[{"href":"https:\/\/www.koettermann.com\/de\/wp-json\/wp\/v2\/pages\/179","targetHints":{"allow":["GET"]}}],"collection":[{"href":"https:\/\/www.koettermann.com\/de\/wp-json\/wp\/v2\/pages"}],"about":[{"href":"https:\/\/www.koettermann.com\/de\/wp-json\/wp\/v2\/types\/page"}],"author":[{"embeddable":true,"href":"https:\/\/www.koettermann.com\/de\/wp-json\/wp\/v2\/users\/1"}],"replies":[{"embeddable":true,"href":"https:\/\/www.koettermann.com\/de\/wp-json\/wp\/v2\/comments?post=179"}],"version-history":[{"count":29,"href":"https:\/\/www.koettermann.com\/de\/wp-json\/wp\/v2\/pages\/179\/revisions"}],"predecessor-version":[{"id":14014,"href":"https:\/\/www.koettermann.com\/de\/wp-json\/wp\/v2\/pages\/179\/revisions\/14014"}],"wp:attachment":[{"href":"https:\/\/www.koettermann.com\/de\/wp-json\/wp\/v2\/media?parent=179"}],"curies":[{"name":"wp","href":"https:\/\/api.w.org\/{rel}","templated":true}]}}