{"id":343,"date":"2020-11-25T10:28:12","date_gmt":"2020-11-25T09:28:12","guid":{"rendered":"https:\/\/www.koettermann.com\/?page_id=343"},"modified":"2025-08-30T10:37:23","modified_gmt":"2025-08-30T08:37:23","slug":"messen-events","status":"publish","type":"page","link":"https:\/\/www.koettermann.com\/de\/info-center\/messen-events\/","title":{"rendered":"Messen &#038; Events"},"content":{"rendered":"<div class=\"wpb-content-wrapper\"><p>[vc_row full_width=&#8220;stretch_row_content_no_spaces&#8220;][vc_column][vc_row_inner][vc_column_inner]            <div class=\"iw_header_image \" >\n                <div class=\"iw_header_image_image_wrapper\">\n                    <div class=\"iw_header_image_image_rescue\" aria-hidden=\"true\"><\/div>\n                    <div class=\"picture-tag-wrapper\">\n                                        <picture>\n                    <source media=\"(max-width: 465px)\" srcset=\"https:\/\/www.koettermann.com\/wp-content\/uploads\/2020\/11\/koettermann-de-header-image-messen_events-573px.jpg\">\n                    <source media=\"(max-width: 860px)\" srcset=\"https:\/\/www.koettermann.com\/wp-content\/uploads\/2020\/11\/koettermann-de-header-image-messen_events-860px.jpg\">\n                    <img decoding=\"async\" src=\"https:\/\/www.koettermann.com\/wp-content\/uploads\/2020\/11\/koettermann-de-header-image-messen_events.jpg\" alt=\"\" width=\"2400\" height=\"813\" style=\"width: 100%; height: 100%; object-fit: cover\" loading=\"lazy\"\/>\n                <\/picture>\n                    <\/div>\n                    <div class=\"iw-image-alt-caption iw-image-alt-caption--center\">\n                        \n                    <\/div>\n                <\/div>\n                \n                            <div class=\"iw_header_image_image_content\">\n                \n            <\/div>\n\n                \n            <\/div>\n\n[\/vc_column_inner][\/vc_row_inner][\/vc_column][\/vc_row][vc_row full_width=&#8220;stretch_row&#8220;][vc_column][vc_row_inner][vc_column_inner offset=&#8220;vc_hidden-sm vc_hidden-xs&#8220;][vc_empty_space height=&#8220;50px&#8220;][\/vc_column_inner][\/vc_row_inner][vc_row_inner][vc_column_inner][vc_empty_space height=&#8220;50px&#8220;][\/vc_column_inner][\/vc_row_inner][vc_row_inner][vc_column_inner][vc_column_text]<\/p>\n<h1 style=\"text-align: left;\">Messen &amp; Events<\/h1>\n<p>[\/vc_column_text][\/vc_column_inner][\/vc_row_inner][vc_row_inner][vc_column_inner width=&#8220;1\/6&#8243;][\/vc_column_inner][vc_column_inner width=&#8220;5\/6&#8243; offset=&#8220;vc_hidden-sm vc_hidden-xs&#8220;][vc_column_text]<\/p>\n<h4>Um Sie pers\u00f6nlich von unseren Produkten zu \u00fcberzeugen, freuen wir uns, wenn Sie uns auf den folgenden Messen und Veranstaltungen besuchen:<\/h4>\n<p>[\/vc_column_text][\/vc_column_inner][\/vc_row_inner][vc_row_inner][vc_column_inner offset=&#8220;vc_hidden-lg vc_hidden-md&#8220;][vc_column_text]<\/p>\n<h4>Um Sie pers\u00f6nlich von unseren Produkten zu \u00fcberzeugen, freuen wir uns, wenn Sie uns auf den folgenden Messen und Veranstaltungen besuchen:<\/h4>\n<p>[\/vc_column_text][\/vc_column_inner][\/vc_row_inner][vc_row_inner][vc_column_inner][vc_empty_space height=&#8220;25px&#8220;][\/vc_column_inner][\/vc_row_inner][vc_row_inner][vc_column_inner offset=&#8220;vc_hidden-xs&#8220;][vc_empty_space height=&#8220;50px&#8220;][\/vc_column_inner][\/vc_row_inner][\/vc_column][\/vc_row][vc_row full_width=&#8220;stretch_row&#8220;][vc_column][vc_row_inner][vc_column_inner]<div class=\"iw-post-list iw-cpt-events without_typation\"><div class=\"iw-post-list__search iw-cpt-events__search\"><form action=\"\" method=\"get\" class=\"search_form\"><input class=\"\" type=\"text\" name=\"search\" placeholder=\"Wonach suchen Sie?\" value=\"\"><button class=\"search_button start_search \" type=\"submit\" value=\"Suche\" aria-label=\"Suche starten\"><svg xmlns=\"http:\/\/www.w3.org\/2000\/svg\" width=\"24\" height=\"24\" viewBox=\"0 0 24 24\"><path d=\"M15.5 14h-.79l-.28-.27C15.41 12.59 16 11.11 16 9.5 16 5.91 13.09 3 9.5 3S3 5.91 3 9.5 5.91 16 9.5 16c1.61 0 3.09-.59 4.23-1.57l.27.28v.79l5 4.99L20.49 19l-4.99-5zm-6 0C7.01 14 5 11.99 5 9.5S7.01 5 9.5 5 14 7.01 14 9.5 11.99 14 9.5 14z\"\/><path d=\"M0 0h24v24H0z\" fill=\"none\"\/><\/svg><\/button><\/form><\/div><div class=\"iw-post-list__taxonomies iw-post-list__categories iw-cpt-events__categories hide_taxonomies hide_categories\"><\/div><div class=\"iw-post-list__items iw-cpt-events__items\" data-url=\"\/de\/wp-json\/wp\/v2\/pages\/343\" data-filter-category=\"\" data-filter-author=\"\" data-number-of-posts=\"9\" data-order-field=\"date\" data-order-field-meta-field-name=\"\" data-order-direction=\"DESC\" data-columns=\"3\" data-additional-class=\"\" data-post-image-height=\"245px\" data-square-images=\"false\" data-overlay-enable=\"true\" data-search-enable=\"true\" data-search-placeholder=\"Wonach suchen Sie?\" data-category-type=\"none\" data-category-level=\"all\" data-category-order-field=\"date\" data-category-order-direction=\"DESC\" data-pagination-type=\"arrows_only\" data-custom-shortcode=\"\" data-custom-shortcode-options=\"\" data-secondary-filter-taxonomy=\"\" data-secondary-filter-term=\"\" data-exclude-post-ids=\"\" data-search=\"\" data-category=\"\" data-page=1 data-tag=\"\" data-offset=0 data-fields=\"iw_filter_category,iw_filter_author,iw_number_of_posts,iw_order_field,iw_order_field_meta_field_name,iw_order_direction,iw_columns,additional_class,iw_post_image_height,iw_square_images,iw_overlay_enable,iw_search_enable,iw_search_placeholder,iw_category_type,iw_category_level,iw_category_order_field,iw_category_order_direction,iw_pagination_type,iw_custom_shortcode,iw_custom_shortcode_options,iw_secondary_filter_taxonomy,iw_secondary_filter_term,iw_exclude_post_ids,iw_search,iw_category,iw_page,iw_tag,iw_offset\" ><div class=\"col-1-3\"><article class=\"iw-post-list__item iw-cpt-events__item  completed\">\n                <div class=\"post_thumbnail_area\" style=\"height:245px\">\n                    <a href=\"https:\/\/www.koettermann.com\/de\/event\/analytica-2026\/\" title=\"analytica 2026\">\n                        <img decoding=\"async\" width=\"760\" height=\"490\" src=\"https:\/\/www.koettermann.com\/wp-content\/uploads\/2025\/08\/messe_analytica_germany_2026.png\" class=\"attachment-full size-full wp-post-image\" alt=\"\" loading=\"lazy\" \/>\n                    <div class=\"post_thumbnail_overlay\">\n                        <div class=\"post_thumbnail_overlay_text_wrapper\">\n                            <div class=\"post_thumbnail_overlay_text\">Mehr erfahren<\/div>\n                        <\/div>\n                    <\/div>\n                        <div class=\"iw-image-alt-caption iw-image-alt-caption--left\">\n                            \n                        <\/div>\n                    <\/a>\n                <\/div>\n                <div class=\"post_content_area\">\n                    <div class=\"post_content_area_headline\">\n                        <a href=\"https:\/\/www.koettermann.com\/de\/event\/analytica-2026\/\" title=\"analytica 2026\">\n                            <p class=\"headline\">\n                                analytica 2026\n                            <\/p>\n                        <\/a>\n                        <p class=\"subline\">\n                            Weltleitmesse f\u00fcr Labortechnik, Analytik, Biotechnologie und analytica conference\n                        <\/p>\n                    <\/div>\n                    <div class=\"post_content_area_content\">\n                        <div class=\"info-text date\">24.03 - 27.03.2026<\/div>\n                        <div class=\"post_content_text price\">-<\/div>\n                        <div class=\"post_content_text address\">Messegel\u00e4nde M\u00fcnchen, Halle B2 Stand 312<br>81829 M\u00fcnchen<br>Deutschland<\/div>\n                    <\/div>\n                    <p class=\"excerpt\">\n                            Weltleitmesse f\u00fcr Labortechnik, Analytik, Biotechnologie und analytica conference\r\n\n                        <\/p>\n                    <p class=\"meta\">\n                            \n                        <\/p>\n                <\/div>\n            <\/article><\/div><div class=\"clearfix\"><\/div><div class=\"iw-post-list__pagination iw-cpt-events__pagination\"><div class=\"prev_area \"><div class=\"prev_arrow\"><svg class=\"arrow_back_no_fill \" xmlns=\"http:\/\/www.w3.org\/2000\/svg\" height=\"24\" viewBox=\"170 -800 640 640\" width=\"24\">\n                            <path d=\"m313-440 224 224-57 56-320-320 320-320 57 56-224 224h487v80H313Z\" \/>\n                        <\/svg><\/div><div class=\"clearfix\"><\/div><\/div><div class=\"page\">1 \/ 1<\/div><div class=\"next_area \"><div class=\"next_arrow\"><svg class=\"arrow_forward_no_fill \" xmlns=\"http:\/\/www.w3.org\/2000\/svg\" height=\"24\" viewBox=\"170 -800 640 640\" width=\"24\">\n                            <path d=\"M647-440H160v-80h487L423-744l57-56 320 320-320 320-57-56 224-224Z\" \/>\n                        <\/svg><\/div><div class=\"clearfix\"><\/div><\/div><\/div><\/div><\/div>[\/vc_column_inner][\/vc_row_inner][vc_row_inner][vc_column_inner][vc_empty_space height=&#8220;50px&#8220;][\/vc_column_inner][\/vc_row_inner][vc_row_inner][vc_column_inner offset=&#8220;vc_hidden-xs&#8220;][vc_empty_space height=&#8220;50px&#8220;][\/vc_column_inner][\/vc_row_inner][\/vc_column][\/vc_row][vc_row full_width=&#8220;stretch_row&#8220;][vc_column][vc_row_inner][vc_column_inner width=&#8220;1\/2&#8243;][vc_column_text]<\/p>\n<h2>Neuigkeiten<\/h2>\n<p>[\/vc_column_text][vc_column_text]Ein guter Informationsfluss ist essenziell. In diesem Bereich informieren wir Sie regelm\u00e4\u00dfig \u00fcber alle Neuigkeiten rund um unser Unternehmen und unsere Produkte.[\/vc_column_text]                <div class=\"iw_wbs_button \" style=\"text-align:left\"\">\n                    <a href=\"https:\/\/www.koettermann.com\/de\/info-center\/neuigkeiten-pressemitteilungen\/?blog_cat=1\"  target=\"\">\n                        <button >\n                            \n                            MEHR ERFAHREN\n                        <\/button>\n                    <\/a>\n                <\/div>\n[vc_empty_space height=&#8220;50px&#8220;][\/vc_column_inner][vc_column_inner width=&#8220;1\/2&#8243;][vc_column_text]<\/p>\n<h2>Pressemitteilungen<\/h2>\n<p>[\/vc_column_text][vc_column_text]Informieren Sie sich \u00fcber die aktuellen Entwicklungen in unserem Unternehmen. Hier finden Sie eine Liste der neuesten Pressemitteilungen in deutscher und englischer Sprache.[\/vc_column_text]                <div class=\"iw_wbs_button \" style=\"text-align:left\"\">\n                    <a href=\"https:\/\/www.koettermann.com\/de\/info-center\/neuigkeiten-pressemitteilungen\/?blog_cat=43\"  target=\"\">\n                        <button >\n                            \n                            MEHR ERFAHREN\n                        <\/button>\n                    <\/a>\n                <\/div>\n[vc_empty_space height=&#8220;50px&#8220;][\/vc_column_inner][\/vc_row_inner][vc_row_inner][vc_column_inner][vc_empty_space height=&#8220;50px&#8220;][\/vc_column_inner][\/vc_row_inner][vc_row_inner][vc_column_inner offset=&#8220;vc_hidden-xs&#8220;][vc_empty_space height=&#8220;50px&#8220;][\/vc_column_inner][\/vc_row_inner][\/vc_column][\/vc_row]<\/p>\n<\/div>","protected":false},"excerpt":{"rendered":"<p>[vc_row full_width=&#8220;stretch_row_content_no_spaces&#8220;][vc_column][vc_row_inner][vc_column_inner][\/vc_column_inner][\/vc_row_inner][\/vc_column][\/vc_row][vc_row full_width=&#8220;stretch_row&#8220;][vc_column][vc_row_inner][vc_column_inner offset=&#8220;vc_hidden-sm vc_hidden-xs&#8220;][vc_empty_space height=&#8220;50px&#8220;][\/vc_column_inner][\/vc_row_inner][vc_row_inner][vc_column_inner][vc_empty_space height=&#8220;50px&#8220;][\/vc_column_inner][\/vc_row_inner][vc_row_inner][vc_column_inner][vc_column_text] Messen &amp; Events [\/vc_column_text][\/vc_column_inner][\/vc_row_inner][vc_row_inner][vc_column_inner width=&#8220;1\/6&#8243;][\/vc_column_inner][vc_column_inner width=&#8220;5\/6&#8243; offset=&#8220;vc_hidden-sm vc_hidden-xs&#8220;][vc_column_text] Um Sie pers\u00f6nlich von unseren Produkten zu \u00fcberzeugen, freuen wir uns, wenn Sie uns auf den folgenden Messen und Veranstaltungen besuchen: [\/vc_column_text][\/vc_column_inner][\/vc_row_inner][vc_row_inner][vc_column_inner offset=&#8220;vc_hidden-lg vc_hidden-md&#8220;][vc_column_text] Um Sie pers\u00f6nlich von unseren Produkten zu \u00fcberzeugen, freuen wir uns, wenn Sie uns auf den [&hellip;]<\/p>\n","protected":false},"author":1,"featured_media":0,"parent":341,"menu_order":0,"comment_status":"closed","ping_status":"closed","template":"","meta":{"content-type":"","footnotes":""},"class_list":["post-343","page","type-page","status-publish","hentry"],"yoast_head":"<!-- This site is optimized with the Yoast SEO plugin v27.0 - https:\/\/yoast.com\/product\/yoast-seo-wordpress\/ -->\n<title>Messen &amp; Events in der Laborbranche | K\u00f6ttermann<\/title>\n<meta name=\"description\" content=\"In einer schnellen \u00dcbersicht finden Sie hier alle Messen, Veranstaltungen mit unserer Beteiligung f\u00fcr Sie.\" \/>\n<meta name=\"robots\" content=\"index, follow, max-snippet:-1, max-image-preview:large, max-video-preview:-1\" \/>\n<link rel=\"canonical\" href=\"https:\/\/www.koettermann.com\/de\/info-center\/messen-events\/\" \/>\n<meta property=\"og:locale\" content=\"de_DE\" \/>\n<meta property=\"og:type\" content=\"article\" \/>\n<meta property=\"og:title\" content=\"Messen &amp; Events in der Laborbranche | K\u00f6ttermann\" \/>\n<meta property=\"og:description\" content=\"In einer schnellen \u00dcbersicht finden Sie hier alle Messen, Veranstaltungen mit unserer Beteiligung f\u00fcr Sie.\" \/>\n<meta property=\"og:url\" content=\"https:\/\/www.koettermann.com\/de\/info-center\/messen-events\/\" \/>\n<meta property=\"og:site_name\" content=\"K\u00f6ttermann GmbH\" \/>\n<meta property=\"article:modified_time\" content=\"2025-08-30T08:37:23+00:00\" \/>\n<meta name=\"twitter:card\" content=\"summary_large_image\" \/>\n<meta name=\"twitter:label1\" content=\"Gesch\u00e4tzte Lesezeit\" \/>\n\t<meta name=\"twitter:data1\" content=\"2\u00a0Minuten\" \/>\n<script type=\"application\/ld+json\" class=\"yoast-schema-graph\">{\"@context\":\"https:\/\/schema.org\",\"@graph\":[{\"@type\":\"WebPage\",\"@id\":\"https:\/\/www.koettermann.com\/de\/info-center\/messen-events\/\",\"url\":\"https:\/\/www.koettermann.com\/de\/info-center\/messen-events\/\",\"name\":\"Messen & Events in der Laborbranche | K\u00f6ttermann\",\"isPartOf\":{\"@id\":\"https:\/\/www.koettermann.com\/de\/#website\"},\"datePublished\":\"2020-11-25T09:28:12+00:00\",\"dateModified\":\"2025-08-30T08:37:23+00:00\",\"description\":\"In einer schnellen \u00dcbersicht finden Sie hier alle Messen, Veranstaltungen mit unserer Beteiligung f\u00fcr Sie.\",\"breadcrumb\":{\"@id\":\"https:\/\/www.koettermann.com\/de\/info-center\/messen-events\/#breadcrumb\"},\"inLanguage\":\"de\",\"potentialAction\":[{\"@type\":\"ReadAction\",\"target\":[\"https:\/\/www.koettermann.com\/de\/info-center\/messen-events\/\"]}]},{\"@type\":\"BreadcrumbList\",\"@id\":\"https:\/\/www.koettermann.com\/de\/info-center\/messen-events\/#breadcrumb\",\"itemListElement\":[{\"@type\":\"ListItem\",\"position\":1,\"name\":\"Startseite\",\"item\":\"https:\/\/www.koettermann.com\/de\/\"},{\"@type\":\"ListItem\",\"position\":2,\"name\":\"Info Center\",\"item\":\"https:\/\/www.koettermann.com\/de\/info-center\/\"},{\"@type\":\"ListItem\",\"position\":3,\"name\":\"Messen &#038; Events\"}]},{\"@type\":\"WebSite\",\"@id\":\"https:\/\/www.koettermann.com\/de\/#website\",\"url\":\"https:\/\/www.koettermann.com\/de\/\",\"name\":\"K\u00f6ttermann GmbH\",\"description\":\"\",\"potentialAction\":[{\"@type\":\"SearchAction\",\"target\":{\"@type\":\"EntryPoint\",\"urlTemplate\":\"https:\/\/www.koettermann.com\/de\/?s={search_term_string}\"},\"query-input\":{\"@type\":\"PropertyValueSpecification\",\"valueRequired\":true,\"valueName\":\"search_term_string\"}}],\"inLanguage\":\"de\"}]}<\/script>\n<!-- \/ Yoast SEO plugin. -->","yoast_head_json":{"title":"Messen & Events in der Laborbranche | K\u00f6ttermann","description":"In einer schnellen \u00dcbersicht finden Sie hier alle Messen, Veranstaltungen mit unserer Beteiligung f\u00fcr Sie.","robots":{"index":"index","follow":"follow","max-snippet":"max-snippet:-1","max-image-preview":"max-image-preview:large","max-video-preview":"max-video-preview:-1"},"canonical":"https:\/\/www.koettermann.com\/de\/info-center\/messen-events\/","og_locale":"de_DE","og_type":"article","og_title":"Messen & Events in der Laborbranche | K\u00f6ttermann","og_description":"In einer schnellen \u00dcbersicht finden Sie hier alle Messen, Veranstaltungen mit unserer Beteiligung f\u00fcr Sie.","og_url":"https:\/\/www.koettermann.com\/de\/info-center\/messen-events\/","og_site_name":"K\u00f6ttermann GmbH","article_modified_time":"2025-08-30T08:37:23+00:00","twitter_card":"summary_large_image","twitter_misc":{"Gesch\u00e4tzte Lesezeit":"2\u00a0Minuten"},"schema":{"@context":"https:\/\/schema.org","@graph":[{"@type":"WebPage","@id":"https:\/\/www.koettermann.com\/de\/info-center\/messen-events\/","url":"https:\/\/www.koettermann.com\/de\/info-center\/messen-events\/","name":"Messen & Events in der Laborbranche | K\u00f6ttermann","isPartOf":{"@id":"https:\/\/www.koettermann.com\/de\/#website"},"datePublished":"2020-11-25T09:28:12+00:00","dateModified":"2025-08-30T08:37:23+00:00","description":"In einer schnellen \u00dcbersicht finden Sie hier alle Messen, Veranstaltungen mit unserer Beteiligung f\u00fcr Sie.","breadcrumb":{"@id":"https:\/\/www.koettermann.com\/de\/info-center\/messen-events\/#breadcrumb"},"inLanguage":"de","potentialAction":[{"@type":"ReadAction","target":["https:\/\/www.koettermann.com\/de\/info-center\/messen-events\/"]}]},{"@type":"BreadcrumbList","@id":"https:\/\/www.koettermann.com\/de\/info-center\/messen-events\/#breadcrumb","itemListElement":[{"@type":"ListItem","position":1,"name":"Startseite","item":"https:\/\/www.koettermann.com\/de\/"},{"@type":"ListItem","position":2,"name":"Info Center","item":"https:\/\/www.koettermann.com\/de\/info-center\/"},{"@type":"ListItem","position":3,"name":"Messen &#038; Events"}]},{"@type":"WebSite","@id":"https:\/\/www.koettermann.com\/de\/#website","url":"https:\/\/www.koettermann.com\/de\/","name":"K\u00f6ttermann GmbH","description":"","potentialAction":[{"@type":"SearchAction","target":{"@type":"EntryPoint","urlTemplate":"https:\/\/www.koettermann.com\/de\/?s={search_term_string}"},"query-input":{"@type":"PropertyValueSpecification","valueRequired":true,"valueName":"search_term_string"}}],"inLanguage":"de"}]}},"_links":{"self":[{"href":"https:\/\/www.koettermann.com\/de\/wp-json\/wp\/v2\/pages\/343","targetHints":{"allow":["GET"]}}],"collection":[{"href":"https:\/\/www.koettermann.com\/de\/wp-json\/wp\/v2\/pages"}],"about":[{"href":"https:\/\/www.koettermann.com\/de\/wp-json\/wp\/v2\/types\/page"}],"author":[{"embeddable":true,"href":"https:\/\/www.koettermann.com\/de\/wp-json\/wp\/v2\/users\/1"}],"replies":[{"embeddable":true,"href":"https:\/\/www.koettermann.com\/de\/wp-json\/wp\/v2\/comments?post=343"}],"version-history":[{"count":32,"href":"https:\/\/www.koettermann.com\/de\/wp-json\/wp\/v2\/pages\/343\/revisions"}],"predecessor-version":[{"id":13061,"href":"https:\/\/www.koettermann.com\/de\/wp-json\/wp\/v2\/pages\/343\/revisions\/13061"}],"up":[{"embeddable":true,"href":"https:\/\/www.koettermann.com\/de\/wp-json\/wp\/v2\/pages\/341"}],"wp:attachment":[{"href":"https:\/\/www.koettermann.com\/de\/wp-json\/wp\/v2\/media?parent=343"}],"curies":[{"name":"wp","href":"https:\/\/api.w.org\/{rel}","templated":true}]}}