{"id":461,"date":"2020-11-27T10:38:50","date_gmt":"2020-11-27T09:38:50","guid":{"rendered":"https:\/\/www.koettermann.com\/?page_id=461"},"modified":"2021-02-11T08:06:07","modified_gmt":"2021-02-11T07:06:07","slug":"academy","status":"publish","type":"page","link":"https:\/\/www.koettermann.com\/de\/unternehmen\/academy\/","title":{"rendered":"Academy"},"content":{"rendered":"<div class=\"wpb-content-wrapper\"><p>[vc_row full_width=&#8220;stretch_row_content_no_spaces&#8220;][vc_column][vc_row_inner][vc_column_inner]            <div class=\"iw_header_image \" >\n                <div class=\"iw_header_image_image_wrapper\">\n                    <div class=\"iw_header_image_image_rescue\" aria-hidden=\"true\"><\/div>\n                    <div class=\"picture-tag-wrapper\">\n                                        <picture>\n                    <source media=\"(max-width: 465px)\" srcset=\"https:\/\/www.koettermann.com\/wp-content\/uploads\/2020\/11\/koettermann-de-header-image-academy-573px.jpg\">\n                    <source media=\"(max-width: 860px)\" srcset=\"https:\/\/www.koettermann.com\/wp-content\/uploads\/2020\/11\/koettermann-de-header-image-academy-860px.jpg\">\n                    <img decoding=\"async\" src=\"https:\/\/www.koettermann.com\/wp-content\/uploads\/2020\/11\/koettermann-de-header-image-academy.jpg\" alt=\"\" width=\"2400\" height=\"813\" style=\"width: 100%; height: 100%; object-fit: cover\" loading=\"lazy\"\/>\n                <\/picture>\n                    <\/div>\n                    <div class=\"iw-image-alt-caption iw-image-alt-caption--center\">\n                        \n                    <\/div>\n                <\/div>\n                \n                            <div class=\"iw_header_image_image_content\">\n                \n            <\/div>\n\n                \n            <\/div>\n\n[\/vc_column_inner][\/vc_row_inner][\/vc_column][\/vc_row][vc_row full_width=&#8220;stretch_row&#8220;][vc_column][vc_row_inner][vc_column_inner offset=&#8220;vc_hidden-sm vc_hidden-xs&#8220;][vc_empty_space height=&#8220;50px&#8220;][\/vc_column_inner][\/vc_row_inner][vc_row_inner][vc_column_inner][vc_empty_space height=&#8220;50px&#8220;][\/vc_column_inner][\/vc_row_inner][vc_row_inner][vc_column_inner][vc_column_text]<\/p>\n<h1 style=\"text-align: left;\">Academy &amp; Showroom<\/h1>\n<p>[\/vc_column_text][\/vc_column_inner][\/vc_row_inner][vc_row_inner][vc_column_inner width=&#8220;1\/6&#8243;][\/vc_column_inner][vc_column_inner width=&#8220;5\/6&#8243; offset=&#8220;vc_hidden-sm vc_hidden-xs&#8220;][vc_column_text]<\/p>\n<h4>Mehrere Seminarr\u00e4ume und ein Showroom, ausgestattet mit modernen Laborm\u00f6beln und Laborabz\u00fcgen. Im K\u00f6ttermann Showroom und der Academy werden Vertriebs- und Montagepartner sowie eigene Mitarbeiter aus der ganzen Welt geschult. Das Schulungsangebot umfasst Themen rund um das Produktprogramm EXPLORIS\u00ae. Auch die pers\u00f6nliche Entwicklung der Mitarbeiter und Partner steht im Fokus.<\/h4>\n<p>[\/vc_column_text][\/vc_column_inner][\/vc_row_inner][vc_row_inner][vc_column_inner offset=&#8220;vc_hidden-lg vc_hidden-md&#8220;][vc_column_text]<\/p>\n<h4>Mehrere Seminarr\u00e4ume und ein Showroom, ausgestattet mit modernen Laborm\u00f6beln und Laborabz\u00fcgen. Im K\u00f6ttermann Showroom und der Academy werden Vertriebs- und Montagepartner sowie eigene Mitarbeiter aus der ganzen Welt geschult. Das Schulungsangebot umfasst Themen rund um das Produktprogramm EXPLORIS\u00ae. Auch die pers\u00f6nliche Entwicklung der Mitarbeiter und Partner steht im Fokus.<\/h4>\n<p>[\/vc_column_text][\/vc_column_inner][\/vc_row_inner][vc_row_inner][vc_column_inner][vc_empty_space height=&#8220;25px&#8220;][\/vc_column_inner][\/vc_row_inner][vc_row_inner][vc_column_inner offset=&#8220;vc_hidden-xs&#8220;][vc_empty_space height=&#8220;50px&#8220;][\/vc_column_inner][\/vc_row_inner][\/vc_column][\/vc_row][vc_row full_width=&#8220;stretch_row&#8220;][vc_column][vc_row_inner][vc_column_inner width=&#8220;1\/2&#8243;][vc_single_image image=&#8220;874&#8243; img_size=&#8220;full&#8220; alignment=&#8220;center&#8220;][vc_column_text]<\/p>\n<h4>Die K\u00f6ttermann Academy<\/h4>\n<p>[\/vc_column_text][vc_column_text css=&#8220;.vc_custom_1606472269834{margin-top: -15px !important;}&#8220;]<\/p>\n<h6>Ein Ort f\u00fcr Vielseitigkeit<\/h6>\n<p>[\/vc_column_text][vc_column_text css=&#8220;.vc_custom_1606472188456{margin-top: -10px !important;}&#8220;]Ob Schulungen, Zertifizierungen, Veranstaltungen oder Freiraum zum Denken: Die K\u00f6ttermann Academy bietet nicht nur kreativen Raum, sondern auch technisch modernste Unterst\u00fctzung.[\/vc_column_text][vc_empty_space height=&#8220;50px&#8220;][\/vc_column_inner][vc_column_inner width=&#8220;1\/2&#8243;][vc_single_image image=&#8220;503&#8243; img_size=&#8220;full&#8220; alignment=&#8220;center&#8220;][vc_column_text]<\/p>\n<h4>Der K\u00f6ttermann Showroom<\/h4>\n<p>[\/vc_column_text][vc_column_text css=&#8220;.vc_custom_1606472275682{margin-top: -15px !important;}&#8220;]<\/p>\n<h6>Labor zum Anfassen<\/h6>\n<p>[\/vc_column_text][vc_column_text css=&#8220;.vc_custom_1606472231817{margin-top: -10px !important;}&#8220;]M\u00f6glichkeiten wirken lassen und ausprobieren. Mit dem K\u00f6ttermann Showroom erhalten Sie nicht nur ein Gesp\u00fcr f\u00fcr Ihr zuk\u00fcnftige Umgebung, sondern auch einen Raum f\u00fcr Ideen. Vielleicht findet hier auch Ihr Produkt-Fotoshooting statt.[\/vc_column_text][vc_empty_space height=&#8220;50px&#8220;][\/vc_column_inner][\/vc_row_inner][vc_row_inner][vc_column_inner][vc_empty_space height=&#8220;50px&#8220;][\/vc_column_inner][\/vc_row_inner][vc_row_inner][vc_column_inner][vc_empty_space height=&#8220;50px&#8220;][\/vc_column_inner][\/vc_row_inner][\/vc_column][\/vc_row]<\/p>\n<\/div>","protected":false},"excerpt":{"rendered":"<p>[vc_row full_width=&#8220;stretch_row_content_no_spaces&#8220;][vc_column][vc_row_inner][vc_column_inner][\/vc_column_inner][\/vc_row_inner][\/vc_column][\/vc_row][vc_row full_width=&#8220;stretch_row&#8220;][vc_column][vc_row_inner][vc_column_inner offset=&#8220;vc_hidden-sm vc_hidden-xs&#8220;][vc_empty_space height=&#8220;50px&#8220;][\/vc_column_inner][\/vc_row_inner][vc_row_inner][vc_column_inner][vc_empty_space height=&#8220;50px&#8220;][\/vc_column_inner][\/vc_row_inner][vc_row_inner][vc_column_inner][vc_column_text] Academy &amp; Showroom [\/vc_column_text][\/vc_column_inner][\/vc_row_inner][vc_row_inner][vc_column_inner width=&#8220;1\/6&#8243;][\/vc_column_inner][vc_column_inner width=&#8220;5\/6&#8243; offset=&#8220;vc_hidden-sm vc_hidden-xs&#8220;][vc_column_text] Mehrere Seminarr\u00e4ume und ein Showroom, ausgestattet mit modernen Laborm\u00f6beln und Laborabz\u00fcgen. Im K\u00f6ttermann Showroom und der Academy werden Vertriebs- und Montagepartner sowie eigene Mitarbeiter aus der ganzen Welt geschult. Das Schulungsangebot umfasst Themen rund um das Produktprogramm EXPLORIS\u00ae. Auch die [&hellip;]<\/p>\n","protected":false},"author":3,"featured_media":0,"parent":427,"menu_order":0,"comment_status":"closed","ping_status":"closed","template":"","meta":{"content-type":"","footnotes":""},"class_list":["post-461","page","type-page","status-publish","hentry"],"yoast_head":"<!-- This site is optimized with the Yoast SEO plugin v27.0 - https:\/\/yoast.com\/product\/yoast-seo-wordpress\/ -->\n<title>Academy - das Schulungs- und Fortbildungszentrum | K\u00f6ttermann<\/title>\n<meta name=\"description\" content=\"Die Academy ist der Ort f\u00fcr Weiterbildungen und Trainings zu fachlichen und individuellen Kompetenzen bei K\u00f6ttermann.\" \/>\n<meta name=\"robots\" content=\"index, follow, max-snippet:-1, max-image-preview:large, max-video-preview:-1\" \/>\n<link rel=\"canonical\" href=\"https:\/\/www.koettermann.com\/de\/unternehmen\/academy\/\" \/>\n<meta property=\"og:locale\" content=\"de_DE\" \/>\n<meta property=\"og:type\" content=\"article\" \/>\n<meta property=\"og:title\" content=\"Academy - das Schulungs- und Fortbildungszentrum | K\u00f6ttermann\" \/>\n<meta property=\"og:description\" content=\"Die Academy ist der Ort f\u00fcr Weiterbildungen und Trainings zu fachlichen und individuellen Kompetenzen bei K\u00f6ttermann.\" \/>\n<meta property=\"og:url\" content=\"https:\/\/www.koettermann.com\/de\/unternehmen\/academy\/\" \/>\n<meta property=\"og:site_name\" content=\"K\u00f6ttermann GmbH\" \/>\n<meta property=\"article:modified_time\" content=\"2021-02-11T07:06:07+00:00\" \/>\n<meta name=\"twitter:card\" content=\"summary_large_image\" \/>\n<meta name=\"twitter:label1\" content=\"Gesch\u00e4tzte Lesezeit\" \/>\n\t<meta name=\"twitter:data1\" content=\"1\u00a0Minute\" \/>\n<script type=\"application\/ld+json\" class=\"yoast-schema-graph\">{\"@context\":\"https:\/\/schema.org\",\"@graph\":[{\"@type\":\"WebPage\",\"@id\":\"https:\/\/www.koettermann.com\/de\/unternehmen\/academy\/\",\"url\":\"https:\/\/www.koettermann.com\/de\/unternehmen\/academy\/\",\"name\":\"Academy - das Schulungs- und Fortbildungszentrum | K\u00f6ttermann\",\"isPartOf\":{\"@id\":\"https:\/\/www.koettermann.com\/de\/#website\"},\"datePublished\":\"2020-11-27T09:38:50+00:00\",\"dateModified\":\"2021-02-11T07:06:07+00:00\",\"description\":\"Die Academy ist der Ort f\u00fcr Weiterbildungen und Trainings zu fachlichen und individuellen Kompetenzen bei K\u00f6ttermann.\",\"breadcrumb\":{\"@id\":\"https:\/\/www.koettermann.com\/de\/unternehmen\/academy\/#breadcrumb\"},\"inLanguage\":\"de\",\"potentialAction\":[{\"@type\":\"ReadAction\",\"target\":[\"https:\/\/www.koettermann.com\/de\/unternehmen\/academy\/\"]}]},{\"@type\":\"BreadcrumbList\",\"@id\":\"https:\/\/www.koettermann.com\/de\/unternehmen\/academy\/#breadcrumb\",\"itemListElement\":[{\"@type\":\"ListItem\",\"position\":1,\"name\":\"Startseite\",\"item\":\"https:\/\/www.koettermann.com\/de\/\"},{\"@type\":\"ListItem\",\"position\":2,\"name\":\"Unternehmen\",\"item\":\"https:\/\/www.koettermann.com\/de\/unternehmen\/\"},{\"@type\":\"ListItem\",\"position\":3,\"name\":\"Academy\"}]},{\"@type\":\"WebSite\",\"@id\":\"https:\/\/www.koettermann.com\/de\/#website\",\"url\":\"https:\/\/www.koettermann.com\/de\/\",\"name\":\"K\u00f6ttermann GmbH\",\"description\":\"\",\"potentialAction\":[{\"@type\":\"SearchAction\",\"target\":{\"@type\":\"EntryPoint\",\"urlTemplate\":\"https:\/\/www.koettermann.com\/de\/?s={search_term_string}\"},\"query-input\":{\"@type\":\"PropertyValueSpecification\",\"valueRequired\":true,\"valueName\":\"search_term_string\"}}],\"inLanguage\":\"de\"}]}<\/script>\n<!-- \/ Yoast SEO plugin. -->","yoast_head_json":{"title":"Academy - das Schulungs- und Fortbildungszentrum | K\u00f6ttermann","description":"Die Academy ist der Ort f\u00fcr Weiterbildungen und Trainings zu fachlichen und individuellen Kompetenzen bei K\u00f6ttermann.","robots":{"index":"index","follow":"follow","max-snippet":"max-snippet:-1","max-image-preview":"max-image-preview:large","max-video-preview":"max-video-preview:-1"},"canonical":"https:\/\/www.koettermann.com\/de\/unternehmen\/academy\/","og_locale":"de_DE","og_type":"article","og_title":"Academy - das Schulungs- und Fortbildungszentrum | K\u00f6ttermann","og_description":"Die Academy ist der Ort f\u00fcr Weiterbildungen und Trainings zu fachlichen und individuellen Kompetenzen bei K\u00f6ttermann.","og_url":"https:\/\/www.koettermann.com\/de\/unternehmen\/academy\/","og_site_name":"K\u00f6ttermann GmbH","article_modified_time":"2021-02-11T07:06:07+00:00","twitter_card":"summary_large_image","twitter_misc":{"Gesch\u00e4tzte Lesezeit":"1\u00a0Minute"},"schema":{"@context":"https:\/\/schema.org","@graph":[{"@type":"WebPage","@id":"https:\/\/www.koettermann.com\/de\/unternehmen\/academy\/","url":"https:\/\/www.koettermann.com\/de\/unternehmen\/academy\/","name":"Academy - das Schulungs- und Fortbildungszentrum | K\u00f6ttermann","isPartOf":{"@id":"https:\/\/www.koettermann.com\/de\/#website"},"datePublished":"2020-11-27T09:38:50+00:00","dateModified":"2021-02-11T07:06:07+00:00","description":"Die Academy ist der Ort f\u00fcr Weiterbildungen und Trainings zu fachlichen und individuellen Kompetenzen bei K\u00f6ttermann.","breadcrumb":{"@id":"https:\/\/www.koettermann.com\/de\/unternehmen\/academy\/#breadcrumb"},"inLanguage":"de","potentialAction":[{"@type":"ReadAction","target":["https:\/\/www.koettermann.com\/de\/unternehmen\/academy\/"]}]},{"@type":"BreadcrumbList","@id":"https:\/\/www.koettermann.com\/de\/unternehmen\/academy\/#breadcrumb","itemListElement":[{"@type":"ListItem","position":1,"name":"Startseite","item":"https:\/\/www.koettermann.com\/de\/"},{"@type":"ListItem","position":2,"name":"Unternehmen","item":"https:\/\/www.koettermann.com\/de\/unternehmen\/"},{"@type":"ListItem","position":3,"name":"Academy"}]},{"@type":"WebSite","@id":"https:\/\/www.koettermann.com\/de\/#website","url":"https:\/\/www.koettermann.com\/de\/","name":"K\u00f6ttermann GmbH","description":"","potentialAction":[{"@type":"SearchAction","target":{"@type":"EntryPoint","urlTemplate":"https:\/\/www.koettermann.com\/de\/?s={search_term_string}"},"query-input":{"@type":"PropertyValueSpecification","valueRequired":true,"valueName":"search_term_string"}}],"inLanguage":"de"}]}},"_links":{"self":[{"href":"https:\/\/www.koettermann.com\/de\/wp-json\/wp\/v2\/pages\/461","targetHints":{"allow":["GET"]}}],"collection":[{"href":"https:\/\/www.koettermann.com\/de\/wp-json\/wp\/v2\/pages"}],"about":[{"href":"https:\/\/www.koettermann.com\/de\/wp-json\/wp\/v2\/types\/page"}],"author":[{"embeddable":true,"href":"https:\/\/www.koettermann.com\/de\/wp-json\/wp\/v2\/users\/3"}],"replies":[{"embeddable":true,"href":"https:\/\/www.koettermann.com\/de\/wp-json\/wp\/v2\/comments?post=461"}],"version-history":[{"count":5,"href":"https:\/\/www.koettermann.com\/de\/wp-json\/wp\/v2\/pages\/461\/revisions"}],"predecessor-version":[{"id":1905,"href":"https:\/\/www.koettermann.com\/de\/wp-json\/wp\/v2\/pages\/461\/revisions\/1905"}],"up":[{"embeddable":true,"href":"https:\/\/www.koettermann.com\/de\/wp-json\/wp\/v2\/pages\/427"}],"wp:attachment":[{"href":"https:\/\/www.koettermann.com\/de\/wp-json\/wp\/v2\/media?parent=461"}],"curies":[{"name":"wp","href":"https:\/\/api.w.org\/{rel}","templated":true}]}}