{"id":463,"date":"2020-11-27T10:39:16","date_gmt":"2020-11-27T09:39:16","guid":{"rendered":"https:\/\/www.koettermann.com\/?page_id=463"},"modified":"2026-02-20T12:18:21","modified_gmt":"2026-02-20T11:18:21","slug":"nachhaltigkeit","status":"publish","type":"page","link":"https:\/\/www.koettermann.com\/de\/unternehmen\/nachhaltigkeit\/","title":{"rendered":"Nachhaltigkeit"},"content":{"rendered":"<div class=\"wpb-content-wrapper\"><p>[vc_row full_width=&#8220;stretch_row_content_no_spaces&#8220;][vc_column][vc_row_inner][vc_column_inner]            <div class=\"iw_header_image \" >\n                <div class=\"iw_header_image_image_wrapper\">\n                    <div class=\"iw_header_image_image_rescue\" aria-hidden=\"true\"><\/div>\n                    <div class=\"picture-tag-wrapper\">\n                                        <picture>\n                    <source media=\"(max-width: 465px)\" srcset=\"https:\/\/www.koettermann.com\/wp-content\/uploads\/2020\/11\/koettermann-de-header-image-nachhaltigkeit-573px.jpg\">\n                    <source media=\"(max-width: 860px)\" srcset=\"https:\/\/www.koettermann.com\/wp-content\/uploads\/2020\/11\/koettermann-de-header-image-nachhaltigkeit-860px.jpg\">\n                    <img decoding=\"async\" src=\"https:\/\/www.koettermann.com\/wp-content\/uploads\/2020\/11\/koettermann-de-header-image-nachhaltigkeit.jpg\" alt=\"\" width=\"2400\" height=\"813\" style=\"width: 100%; height: 100%; object-fit: cover\" loading=\"lazy\"\/>\n                <\/picture>\n                    <\/div>\n                    <div class=\"iw-image-alt-caption iw-image-alt-caption--center\">\n                        \n                    <\/div>\n                <\/div>\n                \n                            <div class=\"iw_header_image_image_content\">\n                \n            <\/div>\n\n                \n            <\/div>\n\n[\/vc_column_inner][\/vc_row_inner][\/vc_column][\/vc_row][vc_row full_width=&#8220;stretch_row&#8220;][vc_column][vc_row_inner][vc_column_inner offset=&#8220;vc_hidden-sm vc_hidden-xs&#8220;][vc_empty_space height=&#8220;50px&#8220;][\/vc_column_inner][\/vc_row_inner][vc_row_inner][vc_column_inner][vc_empty_space height=&#8220;50px&#8220;][\/vc_column_inner][\/vc_row_inner][vc_row_inner][vc_column_inner][vc_column_text]<\/p>\n<h1 style=\"text-align: left;\">Wir \u00fcbernehmen Verantwortung<\/h1>\n<p>[\/vc_column_text][\/vc_column_inner][\/vc_row_inner][vc_row_inner][vc_column_inner width=&#8220;1\/6&#8243;][\/vc_column_inner][vc_column_inner width=&#8220;5\/6&#8243; offset=&#8220;vc_hidden-sm vc_hidden-xs&#8220;][vc_column_text]<\/p>\n<h4>Unser Standort ist ein klares Bekenntnis zur Natur. Im Gr\u00fcnen gelegen, nutzen wir die Ressourcen, die uns zur Verf\u00fcgung stehen und achten auf ihren nachhaltigen Einsatz.<\/h4>\n<p>[\/vc_column_text][\/vc_column_inner][\/vc_row_inner][vc_row_inner][vc_column_inner offset=&#8220;vc_hidden-lg vc_hidden-md&#8220;][vc_column_text]<\/p>\n<h4>Unser Standort ist ein klares Bekenntnis zur Natur. Im Gr\u00fcnen gelegen, nutzen wir die Ressourcen, die uns zur Verf\u00fcgung stehen und achten auf ihren nachhaltigen Einsatz.<\/h4>\n<p>[\/vc_column_text][\/vc_column_inner][\/vc_row_inner][vc_row_inner][vc_column_inner][vc_empty_space height=&#8220;25px&#8220;][\/vc_column_inner][\/vc_row_inner][vc_row_inner][vc_column_inner offset=&#8220;vc_hidden-xs&#8220;][vc_empty_space height=&#8220;50px&#8220;][\/vc_column_inner][\/vc_row_inner][vc_row_inner][vc_column_inner offset=&#8220;vc_hidden-sm vc_hidden-xs&#8220;][vc_empty_space height=&#8220;50px&#8220;][\/vc_column_inner][\/vc_row_inner][\/vc_column][\/vc_row][vc_row full_width=&#8220;stretch_row&#8220;][vc_column][vc_row_inner][vc_column_inner][vc_empty_space height=&#8220;50px&#8220;][\/vc_column_inner][\/vc_row_inner][vc_row_inner equal_height=&#8220;yes&#8220; content_placement=&#8220;middle&#8220;][vc_column_inner width=&#8220;1\/2&#8243; offset=&#8220;vc_hidden-sm vc_hidden-xs&#8220;][vc_single_image image=&#8220;509&#8243; img_size=&#8220;full&#8220;][vc_empty_space height=&#8220;25px&#8220;][\/vc_column_inner][vc_column_inner width=&#8220;1\/3&#8243; offset=&#8220;vc_hidden-sm vc_hidden-xs&#8220;][vc_column_text]<\/p>\n<h3>Basis mit Mehrwert<\/h3>\n<p>[\/vc_column_text][vc_column_text css=&#8220;.vc_custom_1606472738017{margin-top: -15px !important;}&#8220;]Die Basis all unserer Produkte ist Stahl, ein Werkstoff, der zu 100 Prozent recycelbar ist. Stahl l\u00e4sst sich \u00fcber mehrere Lebenszyklen recyceln und spart so 50 Prozent der urspr\u00fcnglichen CO2 Emissionen ein.[\/vc_column_text][vc_empty_space height=&#8220;25px&#8220;][\/vc_column_inner][vc_column_inner width=&#8220;1\/6&#8243;][\/vc_column_inner][\/vc_row_inner][vc_row_inner][vc_column_inner offset=&#8220;vc_hidden-lg vc_hidden-md&#8220;][vc_single_image image=&#8220;509&#8243; img_size=&#8220;full&#8220;][vc_column_text]<\/p>\n<h3>Basis mit Mehrwert<\/h3>\n<p>[\/vc_column_text][vc_column_text css=&#8220;.vc_custom_1606472738017{margin-top: -15px !important;}&#8220;]Die Basis all unserer Produkte ist Stahl, ein Werkstoff, der zu 100 Prozent recycelbar ist. Stahl l\u00e4sst sich \u00fcber mehrere Lebenszyklen recyceln und spart so 50 Prozent der urspr\u00fcnglichen CO2 Emissionen ein.[\/vc_column_text][vc_empty_space height=&#8220;25px&#8220;][\/vc_column_inner][\/vc_row_inner][vc_row_inner][vc_column_inner offset=&#8220;vc_hidden-sm vc_hidden-xs&#8220;][vc_empty_space height=&#8220;50px&#8220;][\/vc_column_inner][\/vc_row_inner][vc_row_inner][vc_column_inner]            <div class=\"iw_svg_viewer \" style=\"text-align:center\"\">\n                \n                    <div class=\"iw_svg_viewer_content_wrapper\" style=\"width:80px; height:80px\">\n                        <svg xmlns=\"http:\/\/www.w3.org\/2000\/svg\" width=\"80\" height=\"80\" viewBox=\"0 0 80 80\">\n  <g id=\"arrow_forward_ios-24px\" transform=\"translate(80) rotate(90)\">\n    <path id=\"Pfad_232\" data-name=\"Pfad 232\" d=\"M0,0H80V80H0Z\" fill=\"none\"\/>\n    <path id=\"Pfad_233\" data-name=\"Pfad 233\" d=\"M5.88,9.067,32.147,35.333,5.88,61.6l7.067,7.067L46.28,35.333,12.947,2Z\" transform=\"translate(13.72 4.667)\" fill=\"#31b9d5\"\/>\n  <\/g>\n<\/svg>\n\n                    <\/div>\n                \n            <\/div>\n[vc_empty_space height=&#8220;50px&#8220;][\/vc_column_inner][\/vc_row_inner][vc_row_inner][vc_column_inner offset=&#8220;vc_hidden-sm vc_hidden-xs&#8220;][vc_empty_space height=&#8220;50px&#8220;][\/vc_column_inner][\/vc_row_inner][\/vc_column][\/vc_row][vc_row full_width=&#8220;stretch_row&#8220;][vc_column][vc_row_inner equal_height=&#8220;yes&#8220; content_placement=&#8220;middle&#8220;][vc_column_inner width=&#8220;1\/6&#8243;][\/vc_column_inner][vc_column_inner width=&#8220;1\/3&#8243; offset=&#8220;vc_hidden-sm vc_hidden-xs&#8220;][vc_column_text]<\/p>\n<h3>Wertvolle Ressourcen<\/h3>\n<p>[\/vc_column_text][vc_column_text css=&#8220;.vc_custom_1606472997033{margin-top: -15px !important;}&#8220;]Da unsere Produktion energieaufw\u00e4ndig ist, achten wir nicht nur auf den Verbrauch, sondern versuchen zu erg\u00e4nzen und einzusparen: Unsere Beleuchtung ist an die Intensit\u00e4t der Sonneneinstrahlung gekoppelt, 85 Prozent des W\u00e4rmebedarfs decken wir durch Abw\u00e4rme aus einer nahen Biogasanlage und eine Wasseraufbereitungsanlage spart Abwasser. Ein Vakuumverdampfer reduziert die Abwassermenge unserer Beschichtungsanlage um 98 Prozent.[\/vc_column_text][vc_empty_space height=&#8220;25px&#8220;][\/vc_column_inner][vc_column_inner width=&#8220;1\/2&#8243; offset=&#8220;vc_hidden-sm vc_hidden-xs&#8220;][vc_single_image image=&#8220;510&#8243; img_size=&#8220;full&#8220;][vc_empty_space height=&#8220;25px&#8220;][\/vc_column_inner][\/vc_row_inner][vc_row_inner][vc_column_inner offset=&#8220;vc_hidden-lg vc_hidden-md&#8220;][vc_single_image image=&#8220;510&#8243; img_size=&#8220;full&#8220;][vc_column_text]<\/p>\n<h3>Wertvolle Ressourcen<\/h3>\n<p>[\/vc_column_text][vc_column_text css=&#8220;.vc_custom_1606473000756{margin-top: -15px !important;}&#8220;]Da unsere Produktion energieaufw\u00e4ndig ist, achten wir nicht nur auf den Verbrauch, sondern versuchen zu erg\u00e4nzen und einzusparen: Unsere Beleuchtung ist an die Intensit\u00e4t der Sonneneinstrahlung gekoppelt, 85 Prozent des W\u00e4rmebedarfs decken wir durch Abw\u00e4rme aus einer nahen Biogasanlage und eine Wasseraufbereitungsanlage spart Abwasser. Ein Vakuumverdampfer reduziert die Abwassermenge unserer Beschichtungsanlage um 98 Prozent.[\/vc_column_text][\/vc_column_inner][\/vc_row_inner][vc_row_inner][vc_column_inner offset=&#8220;vc_hidden-sm vc_hidden-xs&#8220;][vc_empty_space height=&#8220;50px&#8220;][\/vc_column_inner][\/vc_row_inner][vc_row_inner][vc_column_inner]            <div class=\"iw_svg_viewer \" style=\"text-align:center\"\">\n                \n                    <div class=\"iw_svg_viewer_content_wrapper\" style=\"width:80px; height:80px\">\n                        <svg xmlns=\"http:\/\/www.w3.org\/2000\/svg\" width=\"80\" height=\"80\" viewBox=\"0 0 80 80\">\n  <g id=\"arrow_forward_ios-24px\" transform=\"translate(80) rotate(90)\">\n    <path id=\"Pfad_232\" data-name=\"Pfad 232\" d=\"M0,0H80V80H0Z\" fill=\"none\"\/>\n    <path id=\"Pfad_233\" data-name=\"Pfad 233\" d=\"M5.88,9.067,32.147,35.333,5.88,61.6l7.067,7.067L46.28,35.333,12.947,2Z\" transform=\"translate(13.72 4.667)\" fill=\"#31b9d5\"\/>\n  <\/g>\n<\/svg>\n\n                    <\/div>\n                \n            <\/div>\n[vc_empty_space height=&#8220;50px&#8220;][\/vc_column_inner][\/vc_row_inner][vc_row_inner][vc_column_inner offset=&#8220;vc_hidden-sm vc_hidden-xs&#8220;][vc_empty_space height=&#8220;50px&#8220;][\/vc_column_inner][\/vc_row_inner][\/vc_column][\/vc_row][vc_row full_width=&#8220;stretch_row&#8220;][vc_column][vc_row_inner equal_height=&#8220;yes&#8220; content_placement=&#8220;middle&#8220;][vc_column_inner width=&#8220;1\/2&#8243; offset=&#8220;vc_hidden-sm vc_hidden-xs&#8220;][vc_single_image image=&#8220;511&#8243; img_size=&#8220;full&#8220;][vc_empty_space height=&#8220;25px&#8220;][\/vc_column_inner][vc_column_inner width=&#8220;1\/3&#8243; offset=&#8220;vc_hidden-sm vc_hidden-xs&#8220;][vc_column_text]<\/p>\n<h3>Wir stehen f\u00fcr Transparenz<\/h3>\n<p>[\/vc_column_text][vc_column_text css=&#8220;.vc_custom_1606473046727{margin-top: -15px !important;}&#8220;]Die hohen Anforderungen, die wir an uns stellen, halten wir ein und zeigen das transparent. Als erstes Unternehmen unserer Branche sind wir seit 1997 nach DIN EN ISO 14001 f\u00fcr Umweltmanagement zertifiziert. Weitere Zertifizierungen haben wir auf den Gebieten Qualit\u00e4tsmanagement mit DIN EN ISO 9001, Arbeitssicherheit mit OHSAS 18001 sowie Energiemanagement mit DIN EN ISO 50001.[\/vc_column_text][vc_empty_space height=&#8220;25px&#8220;][\/vc_column_inner][vc_column_inner width=&#8220;1\/6&#8243;][\/vc_column_inner][\/vc_row_inner][vc_row_inner][vc_column_inner offset=&#8220;vc_hidden-lg vc_hidden-md&#8220;][vc_single_image image=&#8220;511&#8243; img_size=&#8220;full&#8220;][vc_column_text]<\/p>\n<h3>Wir stehen f\u00fcr Transparenz<\/h3>\n<p>[\/vc_column_text][vc_column_text css=&#8220;.vc_custom_1606473050295{margin-top: -15px !important;}&#8220;]Die hohen Anforderungen, die wir an uns stellen, halten wir ein und zeigen das transparent. Als erstes Unternehmen unserer Branche sind wir seit 1997 nach DIN EN ISO 14001 f\u00fcr Umweltmanagement zertifiziert. Weitere Zertifizierungen haben wir auf den Gebieten Qualit\u00e4tsmanagement mit DIN EN ISO 9001, Arbeitssicherheit mit OHSAS 18001 sowie Energiemanagement mit DIN EN ISO 50001.[\/vc_column_text][\/vc_column_inner][\/vc_row_inner][vc_row_inner][vc_column_inner][vc_empty_space height=&#8220;50px&#8220;][\/vc_column_inner][\/vc_row_inner][\/vc_column][\/vc_row][vc_row full_width=&#8220;stretch_row&#8220;][vc_column][vc_row_inner][vc_column_inner][vc_empty_space height=&#8220;50px&#8220;][\/vc_column_inner][\/vc_row_inner][vc_row_inner][vc_column_inner width=&#8220;1\/6&#8243;][\/vc_column_inner][vc_column_inner width=&#8220;4\/6&#8243;]\t\t            <div class=\"ktm_std_contact_cta \">\n                            <div class=\"contact_cta_title\">\n                                <h2>\n                                    Kontaktieren Sie uns\n                                <\/h2>\n                            <\/div>\n                            <div class=\"contact_cta_text\">\n                                Der Austausch mit Ihnen ist essenziell f\u00fcr unsere Arbeit. Ihre Bed\u00fcrfnisse zu verstehen, bildet die Grundlage f\u00fcr unsere passgenaue Planung. Wir sind f\u00fcr Sie da \u2013 egal ob es um Fragen, W\u00fcnsche, Kritik oder Anregungen geht. Melden Sie sich gern gleich \u00fcber das Kontaktformular oder per E-Mail, Telefon oder WhatsApp.\n                            <\/div>\n                            <div class=\"contact_cta_button\">\n                                                <div class=\"iw_wbs_button \" style=\"text-align:left\"\">\n                    <a href=\"\/de\/kontakt\/\"  target=\"\">\n                        <button >\n                            \n                            JETZT BERATEN LASSEN\n                        <\/button>\n                    <\/a>\n                <\/div>\n\n                            <\/div>\n                        <\/div>[vc_empty_space height=&#8220;50px&#8220;][\/vc_column_inner][vc_column_inner width=&#8220;1\/6&#8243;][\/vc_column_inner][\/vc_row_inner][vc_row_inner][vc_column_inner][vc_empty_space height=&#8220;50px&#8220;][\/vc_column_inner][\/vc_row_inner][vc_row_inner][vc_column_inner offset=&#8220;vc_hidden-sm vc_hidden-xs&#8220;][vc_empty_space height=&#8220;50px&#8220;][\/vc_column_inner][\/vc_row_inner][\/vc_column][\/vc_row]<\/p>\n<\/div>","protected":false},"excerpt":{"rendered":"<p>[vc_row full_width=&#8220;stretch_row_content_no_spaces&#8220;][vc_column][vc_row_inner][vc_column_inner][\/vc_column_inner][\/vc_row_inner][\/vc_column][\/vc_row][vc_row full_width=&#8220;stretch_row&#8220;][vc_column][vc_row_inner][vc_column_inner offset=&#8220;vc_hidden-sm vc_hidden-xs&#8220;][vc_empty_space height=&#8220;50px&#8220;][\/vc_column_inner][\/vc_row_inner][vc_row_inner][vc_column_inner][vc_empty_space height=&#8220;50px&#8220;][\/vc_column_inner][\/vc_row_inner][vc_row_inner][vc_column_inner][vc_column_text] Wir \u00fcbernehmen Verantwortung [\/vc_column_text][\/vc_column_inner][\/vc_row_inner][vc_row_inner][vc_column_inner width=&#8220;1\/6&#8243;][\/vc_column_inner][vc_column_inner width=&#8220;5\/6&#8243; offset=&#8220;vc_hidden-sm vc_hidden-xs&#8220;][vc_column_text] Unser Standort ist ein klares Bekenntnis zur Natur. Im Gr\u00fcnen gelegen, nutzen wir die Ressourcen, die uns zur Verf\u00fcgung stehen und achten auf ihren nachhaltigen Einsatz. [\/vc_column_text][\/vc_column_inner][\/vc_row_inner][vc_row_inner][vc_column_inner offset=&#8220;vc_hidden-lg vc_hidden-md&#8220;][vc_column_text] Unser Standort ist ein klares Bekenntnis zur Natur. Im Gr\u00fcnen gelegen, [&hellip;]<\/p>\n","protected":false},"author":3,"featured_media":0,"parent":427,"menu_order":0,"comment_status":"closed","ping_status":"closed","template":"","meta":{"content-type":"","footnotes":""},"class_list":["post-463","page","type-page","status-publish","hentry"],"yoast_head":"<!-- This site is optimized with the Yoast SEO plugin v27.0 - https:\/\/yoast.com\/product\/yoast-seo-wordpress\/ -->\n<title>Nachhaltige Laboreinrichtungen \u2013 Recycelbar &amp; ISO-zertifiziert \u2013 K\u00f6ttermann<\/title>\n<meta name=\"description\" content=\"K\u00f6ttermann produziert Laboreinrichtungen aus 100 % recycelbarem Stahl \u2013 ISO 14001-zertifiziert seit 1997. Erfahren Sie, wie wir Ressourcen schonend einsetzen.\" \/>\n<meta name=\"robots\" content=\"index, follow, max-snippet:-1, max-image-preview:large, max-video-preview:-1\" \/>\n<link rel=\"canonical\" href=\"https:\/\/www.koettermann.com\/de\/unternehmen\/nachhaltigkeit\/\" \/>\n<meta property=\"og:locale\" content=\"de_DE\" \/>\n<meta property=\"og:type\" content=\"article\" \/>\n<meta property=\"og:title\" content=\"Nachhaltige Laboreinrichtungen \u2013 Recycelbar &amp; ISO-zertifiziert \u2013 K\u00f6ttermann\" \/>\n<meta property=\"og:description\" content=\"K\u00f6ttermann produziert Laboreinrichtungen aus 100 % recycelbarem Stahl \u2013 ISO 14001-zertifiziert seit 1997. Erfahren Sie, wie wir Ressourcen schonend einsetzen.\" \/>\n<meta property=\"og:url\" content=\"https:\/\/www.koettermann.com\/de\/unternehmen\/nachhaltigkeit\/\" \/>\n<meta property=\"og:site_name\" content=\"K\u00f6ttermann GmbH\" \/>\n<meta property=\"article:modified_time\" content=\"2026-02-20T11:18:21+00:00\" \/>\n<meta name=\"twitter:card\" content=\"summary_large_image\" \/>\n<meta name=\"twitter:label1\" content=\"Gesch\u00e4tzte Lesezeit\" \/>\n\t<meta name=\"twitter:data1\" content=\"3\u00a0Minuten\" \/>\n<script type=\"application\/ld+json\" class=\"yoast-schema-graph\">{\"@context\":\"https:\/\/schema.org\",\"@graph\":[{\"@type\":\"WebPage\",\"@id\":\"https:\/\/www.koettermann.com\/de\/unternehmen\/nachhaltigkeit\/\",\"url\":\"https:\/\/www.koettermann.com\/de\/unternehmen\/nachhaltigkeit\/\",\"name\":\"Nachhaltige Laboreinrichtungen \u2013 Recycelbar & ISO-zertifiziert \u2013 K\u00f6ttermann\",\"isPartOf\":{\"@id\":\"https:\/\/www.koettermann.com\/de\/#website\"},\"datePublished\":\"2020-11-27T09:39:16+00:00\",\"dateModified\":\"2026-02-20T11:18:21+00:00\",\"description\":\"K\u00f6ttermann produziert Laboreinrichtungen aus 100 % recycelbarem Stahl \u2013 ISO 14001-zertifiziert seit 1997. Erfahren Sie, wie wir Ressourcen schonend einsetzen.\",\"breadcrumb\":{\"@id\":\"https:\/\/www.koettermann.com\/de\/unternehmen\/nachhaltigkeit\/#breadcrumb\"},\"inLanguage\":\"de\",\"potentialAction\":[{\"@type\":\"ReadAction\",\"target\":[\"https:\/\/www.koettermann.com\/de\/unternehmen\/nachhaltigkeit\/\"]}]},{\"@type\":\"BreadcrumbList\",\"@id\":\"https:\/\/www.koettermann.com\/de\/unternehmen\/nachhaltigkeit\/#breadcrumb\",\"itemListElement\":[{\"@type\":\"ListItem\",\"position\":1,\"name\":\"Startseite\",\"item\":\"https:\/\/www.koettermann.com\/de\/\"},{\"@type\":\"ListItem\",\"position\":2,\"name\":\"Unternehmen\",\"item\":\"https:\/\/www.koettermann.com\/de\/unternehmen\/\"},{\"@type\":\"ListItem\",\"position\":3,\"name\":\"Nachhaltigkeit\"}]},{\"@type\":\"WebSite\",\"@id\":\"https:\/\/www.koettermann.com\/de\/#website\",\"url\":\"https:\/\/www.koettermann.com\/de\/\",\"name\":\"K\u00f6ttermann GmbH\",\"description\":\"\",\"potentialAction\":[{\"@type\":\"SearchAction\",\"target\":{\"@type\":\"EntryPoint\",\"urlTemplate\":\"https:\/\/www.koettermann.com\/de\/?s={search_term_string}\"},\"query-input\":{\"@type\":\"PropertyValueSpecification\",\"valueRequired\":true,\"valueName\":\"search_term_string\"}}],\"inLanguage\":\"de\"}]}<\/script>\n<!-- \/ Yoast SEO plugin. -->","yoast_head_json":{"title":"Nachhaltige Laboreinrichtungen \u2013 Recycelbar & ISO-zertifiziert \u2013 K\u00f6ttermann","description":"K\u00f6ttermann produziert Laboreinrichtungen aus 100 % recycelbarem Stahl \u2013 ISO 14001-zertifiziert seit 1997. Erfahren Sie, wie wir Ressourcen schonend einsetzen.","robots":{"index":"index","follow":"follow","max-snippet":"max-snippet:-1","max-image-preview":"max-image-preview:large","max-video-preview":"max-video-preview:-1"},"canonical":"https:\/\/www.koettermann.com\/de\/unternehmen\/nachhaltigkeit\/","og_locale":"de_DE","og_type":"article","og_title":"Nachhaltige Laboreinrichtungen \u2013 Recycelbar & ISO-zertifiziert \u2013 K\u00f6ttermann","og_description":"K\u00f6ttermann produziert Laboreinrichtungen aus 100 % recycelbarem Stahl \u2013 ISO 14001-zertifiziert seit 1997. Erfahren Sie, wie wir Ressourcen schonend einsetzen.","og_url":"https:\/\/www.koettermann.com\/de\/unternehmen\/nachhaltigkeit\/","og_site_name":"K\u00f6ttermann GmbH","article_modified_time":"2026-02-20T11:18:21+00:00","twitter_card":"summary_large_image","twitter_misc":{"Gesch\u00e4tzte Lesezeit":"3\u00a0Minuten"},"schema":{"@context":"https:\/\/schema.org","@graph":[{"@type":"WebPage","@id":"https:\/\/www.koettermann.com\/de\/unternehmen\/nachhaltigkeit\/","url":"https:\/\/www.koettermann.com\/de\/unternehmen\/nachhaltigkeit\/","name":"Nachhaltige Laboreinrichtungen \u2013 Recycelbar & ISO-zertifiziert \u2013 K\u00f6ttermann","isPartOf":{"@id":"https:\/\/www.koettermann.com\/de\/#website"},"datePublished":"2020-11-27T09:39:16+00:00","dateModified":"2026-02-20T11:18:21+00:00","description":"K\u00f6ttermann produziert Laboreinrichtungen aus 100 % recycelbarem Stahl \u2013 ISO 14001-zertifiziert seit 1997. Erfahren Sie, wie wir Ressourcen schonend einsetzen.","breadcrumb":{"@id":"https:\/\/www.koettermann.com\/de\/unternehmen\/nachhaltigkeit\/#breadcrumb"},"inLanguage":"de","potentialAction":[{"@type":"ReadAction","target":["https:\/\/www.koettermann.com\/de\/unternehmen\/nachhaltigkeit\/"]}]},{"@type":"BreadcrumbList","@id":"https:\/\/www.koettermann.com\/de\/unternehmen\/nachhaltigkeit\/#breadcrumb","itemListElement":[{"@type":"ListItem","position":1,"name":"Startseite","item":"https:\/\/www.koettermann.com\/de\/"},{"@type":"ListItem","position":2,"name":"Unternehmen","item":"https:\/\/www.koettermann.com\/de\/unternehmen\/"},{"@type":"ListItem","position":3,"name":"Nachhaltigkeit"}]},{"@type":"WebSite","@id":"https:\/\/www.koettermann.com\/de\/#website","url":"https:\/\/www.koettermann.com\/de\/","name":"K\u00f6ttermann GmbH","description":"","potentialAction":[{"@type":"SearchAction","target":{"@type":"EntryPoint","urlTemplate":"https:\/\/www.koettermann.com\/de\/?s={search_term_string}"},"query-input":{"@type":"PropertyValueSpecification","valueRequired":true,"valueName":"search_term_string"}}],"inLanguage":"de"}]}},"_links":{"self":[{"href":"https:\/\/www.koettermann.com\/de\/wp-json\/wp\/v2\/pages\/463","targetHints":{"allow":["GET"]}}],"collection":[{"href":"https:\/\/www.koettermann.com\/de\/wp-json\/wp\/v2\/pages"}],"about":[{"href":"https:\/\/www.koettermann.com\/de\/wp-json\/wp\/v2\/types\/page"}],"author":[{"embeddable":true,"href":"https:\/\/www.koettermann.com\/de\/wp-json\/wp\/v2\/users\/3"}],"replies":[{"embeddable":true,"href":"https:\/\/www.koettermann.com\/de\/wp-json\/wp\/v2\/comments?post=463"}],"version-history":[{"count":7,"href":"https:\/\/www.koettermann.com\/de\/wp-json\/wp\/v2\/pages\/463\/revisions"}],"predecessor-version":[{"id":11126,"href":"https:\/\/www.koettermann.com\/de\/wp-json\/wp\/v2\/pages\/463\/revisions\/11126"}],"up":[{"embeddable":true,"href":"https:\/\/www.koettermann.com\/de\/wp-json\/wp\/v2\/pages\/427"}],"wp:attachment":[{"href":"https:\/\/www.koettermann.com\/de\/wp-json\/wp\/v2\/media?parent=463"}],"curies":[{"name":"wp","href":"https:\/\/api.w.org\/{rel}","templated":true}]}}