{"id":465,"date":"2020-11-27T10:39:32","date_gmt":"2020-11-27T09:39:32","guid":{"rendered":"https:\/\/www.koettermann.com\/?page_id=465"},"modified":"2021-01-12T11:24:14","modified_gmt":"2021-01-12T10:24:14","slug":"service","status":"publish","type":"page","link":"https:\/\/www.koettermann.com\/de\/service\/","title":{"rendered":"Service"},"content":{"rendered":"<div class=\"wpb-content-wrapper\"><p>[vc_row full_width=&#8220;stretch_row_content_no_spaces&#8220;][vc_column][vc_row_inner][vc_column_inner]            <div class=\"iw_header_image \" >\n                <div class=\"iw_header_image_image_wrapper\">\n                    <div class=\"iw_header_image_image_rescue\" aria-hidden=\"true\"><\/div>\n                    <div class=\"picture-tag-wrapper\">\n                                        <picture>\n                    <source media=\"(max-width: 465px)\" srcset=\"https:\/\/www.koettermann.com\/wp-content\/uploads\/2020\/11\/koettermann-de-header-image-service-573px.jpg\">\n                    <source media=\"(max-width: 860px)\" srcset=\"https:\/\/www.koettermann.com\/wp-content\/uploads\/2020\/11\/koettermann-de-header-image-service-860px.jpg\">\n                    <img decoding=\"async\" src=\"https:\/\/www.koettermann.com\/wp-content\/uploads\/2020\/11\/koettermann-de-header-image-service.jpg\" alt=\"\" width=\"2400\" height=\"813\" style=\"width: 100%; height: 100%; object-fit: cover\" loading=\"lazy\"\/>\n                <\/picture>\n                    <\/div>\n                    <div class=\"iw-image-alt-caption iw-image-alt-caption--center\">\n                        \n                    <\/div>\n                <\/div>\n                \n                            <div class=\"iw_header_image_image_content\">\n                \n            <\/div>\n\n                \n            <\/div>\n\n[\/vc_column_inner][\/vc_row_inner][\/vc_column][\/vc_row][vc_row full_width=&#8220;stretch_row&#8220;][vc_column][vc_row_inner][vc_column_inner offset=&#8220;vc_hidden-sm vc_hidden-xs&#8220;][vc_empty_space height=&#8220;50px&#8220;][\/vc_column_inner][\/vc_row_inner][vc_row_inner][vc_column_inner][vc_empty_space height=&#8220;50px&#8220;][\/vc_column_inner][\/vc_row_inner][vc_row_inner][vc_column_inner][vc_column_text]<\/p>\n<h1 style=\"text-align: left;\">Service bei K\u00f6ttermann<\/h1>\n<p>[\/vc_column_text][\/vc_column_inner][\/vc_row_inner][vc_row_inner][vc_column_inner width=&#8220;1\/6&#8243;][\/vc_column_inner][vc_column_inner width=&#8220;5\/6&#8243; offset=&#8220;vc_hidden-sm vc_hidden-xs&#8220;][vc_column_text]<\/p>\n<h4>Unser Service umfasst nicht nur das Planen, Produzieren und Montieren von Laboreinrichtungen, auch das Thema Wartung und die generelle Sicherheit im Labor wird bei uns gro\u00df geschrieben.<\/h4>\n<p>[\/vc_column_text][\/vc_column_inner][\/vc_row_inner][vc_row_inner][vc_column_inner offset=&#8220;vc_hidden-lg vc_hidden-md&#8220;][vc_column_text]<\/p>\n<h4>Unser Service umfasst nicht nur das Planen, Produzieren und Montieren von Laboreinrichtungen, auch das Thema Wartung und die generelle Sicherheit im Labor wird bei uns gro\u00df geschrieben.<\/h4>\n<p>[\/vc_column_text][\/vc_column_inner][\/vc_row_inner][vc_row_inner][vc_column_inner][vc_empty_space height=&#8220;25px&#8220;][\/vc_column_inner][\/vc_row_inner][vc_row_inner][vc_column_inner offset=&#8220;vc_hidden-xs&#8220;][vc_empty_space height=&#8220;50px&#8220;][\/vc_column_inner][\/vc_row_inner][\/vc_column][\/vc_row][vc_row full_width=&#8220;stretch_row&#8220;][vc_column][vc_row_inner][vc_column_inner width=&#8220;1\/2&#8243;][vc_column_text]<\/p>\n<h5>Wartung<\/h5>\n<p>[\/vc_column_text][vc_column_text css=&#8220;.vc_custom_1606473504594{margin-top: -15px !important;}&#8220;]Auch nach der Installation sind wir f\u00fcr Sie da und \u00fcbernehmen in Zusammenarbeit mit unseren Partnern umfassende und gr\u00fcndliche Service- und Wartungsarbeiten.[\/vc_column_text]                <div class=\"iw_wbs_button \" style=\"text-align:left\"\">\n                    <a href=\"https:\/\/www.koettermann.com\/de\/service\/wartung\/\"  target=\"\">\n                        <button >\n                            \n                            MEHR ERFAHREN\n                        <\/button>\n                    <\/a>\n                <\/div>\n[vc_empty_space height=&#8220;50px&#8220;][\/vc_column_inner][vc_column_inner width=&#8220;1\/2&#8243;][vc_column_text]<\/p>\n<h5>Partner Bereich<\/h5>\n<p>[\/vc_column_text][vc_column_text css=&#8220;.vc_custom_1606473515056{margin-top: -15px !important;}&#8220;]Ein guter Austausch ist die Grundlage f\u00fcr eine erfolgreiche Zusammenarbeit. In diesem Bereich finden unsere Partner*innen alle relevanten Informationen[\/vc_column_text]                <div class=\"iw_wbs_button \" style=\"text-align:left\"\">\n                    <a href=\"https:\/\/download.koettermann.com\/#\/login\"  target=\"_blank\">\n                        <button >\n                            \n                            MEHR ERFAHREN\n                        <\/button>\n                    <\/a>\n                <\/div>\n[vc_empty_space height=&#8220;50px&#8220;][\/vc_column_inner][\/vc_row_inner][vc_row_inner][vc_column_inner offset=&#8220;vc_hidden-xs&#8220;][vc_empty_space height=&#8220;50px&#8220;][\/vc_column_inner][\/vc_row_inner][\/vc_column][\/vc_row][vc_row full_width=&#8220;stretch_row&#8220; disable_element=&#8220;yes&#8220;][vc_column][vc_row_inner][vc_column_inner width=&#8220;1\/3&#8243;][vc_column_text]<\/p>\n<h5>Sicherheit im Labor<\/h5>\n<p>[\/vc_column_text][vc_column_text css=&#8220;.vc_custom_1606473495007{margin-top: -15px !important;}&#8220;]Die Sicherheit steht \u00fcber allem &#8211; Sie m\u00fcssen wissen, dass Sie an Ihrem Arbeitsplatz gut gesch\u00fctzt sind. Daf\u00fcr bieten Ihnen unsere Produkte ein H\u00f6chstma\u00df an Sicherheit.[\/vc_column_text]                <div class=\"iw_wbs_button \" style=\"text-align:left\"\">\n                    <a href=\"https:\/\/www.koettermann.com\/service\/sicherheit-im-labor\/\"  target=\"\">\n                        <button >\n                            \n                            MEHR ERFAHREN\n                        <\/button>\n                    <\/a>\n                <\/div>\n[vc_empty_space height=&#8220;50px&#8220;][\/vc_column_inner][vc_column_inner width=&#8220;1\/3&#8243;][vc_column_text]<\/p>\n<h5>Wartung<\/h5>\n<p>[\/vc_column_text][vc_column_text css=&#8220;.vc_custom_1606473504594{margin-top: -15px !important;}&#8220;]Auch nach der Installation sind wir f\u00fcr Sie da und \u00fcbernehmen in Zusammenarbeit mit unseren Partnern umfassende und gr\u00fcndliche Service- und Wartungsarbeiten.[\/vc_column_text]                <div class=\"iw_wbs_button \" style=\"text-align:left\"\">\n                    <a href=\"https:\/\/www.koettermann.com\/service\/wartung\/\"  target=\"\">\n                        <button >\n                            \n                            MEHR ERFAHREN\n                        <\/button>\n                    <\/a>\n                <\/div>\n[vc_empty_space height=&#8220;50px&#8220;][\/vc_column_inner][vc_column_inner width=&#8220;1\/3&#8243;][vc_column_text]<\/p>\n<h5>Partner Bereich<\/h5>\n<p>[\/vc_column_text][vc_column_text css=&#8220;.vc_custom_1606473515056{margin-top: -15px !important;}&#8220;]Ein guter Austausch ist die Grundlage f\u00fcr eine erfolgreiche Zusammenarbeit. In diesem Bereich finden unsere Partner*innen alle relevanten Informationen[\/vc_column_text]                <div class=\"iw_wbs_button \" style=\"text-align:left\"\">\n                    <a href=\"https:\/\/www.koettermann.com\/service\/partnerbereich\/\"  target=\"\">\n                        <button >\n                            \n                            MEHR ERFAHREN\n                        <\/button>\n                    <\/a>\n                <\/div>\n[vc_empty_space height=&#8220;50px&#8220;][\/vc_column_inner][\/vc_row_inner][vc_row_inner][vc_column_inner offset=&#8220;vc_hidden-xs&#8220;][vc_empty_space height=&#8220;50px&#8220;][\/vc_column_inner][\/vc_row_inner][\/vc_column][\/vc_row][vc_row full_width=&#8220;stretch_row_content_no_spaces&#8220;][vc_column][vc_row_inner gap=&#8220;30&#8243;][vc_column_inner width=&#8220;1\/3&#8243; offset=&#8220;vc_hidden-sm vc_hidden-xs&#8220;][vc_single_image image=&#8220;519&#8243; img_size=&#8220;ktm-standard-image&#8220; alignment=&#8220;center&#8220;][\/vc_column_inner][vc_column_inner width=&#8220;1\/3&#8243; offset=&#8220;vc_hidden-sm vc_hidden-xs&#8220;][vc_single_image image=&#8220;520&#8243; img_size=&#8220;ktm-standard-image&#8220; alignment=&#8220;center&#8220;][\/vc_column_inner][vc_column_inner width=&#8220;1\/3&#8243; offset=&#8220;vc_hidden-sm vc_hidden-xs&#8220;][vc_single_image image=&#8220;521&#8243; img_size=&#8220;ktm-standard-image&#8220; alignment=&#8220;center&#8220;][\/vc_column_inner][\/vc_row_inner][vc_row_inner][vc_column_inner offset=&#8220;vc_hidden-lg vc_hidden-md&#8220;][vc_single_image image=&#8220;518&#8243; img_size=&#8220;ktm-standard-image&#8220; alignment=&#8220;center&#8220;][\/vc_column_inner][\/vc_row_inner][vc_row_inner][vc_column_inner][vc_empty_space height=&#8220;25px&#8220;][\/vc_column_inner][\/vc_row_inner][vc_row_inner][vc_column_inner offset=&#8220;vc_hidden-xs&#8220;][vc_empty_space height=&#8220;50px&#8220;][\/vc_column_inner][\/vc_row_inner][\/vc_column][\/vc_row][vc_row full_width=&#8220;stretch_row&#8220;][vc_column][vc_row_inner][vc_column_inner width=&#8220;1\/6&#8243;][\/vc_column_inner][vc_column_inner width=&#8220;4\/6&#8243;]\t\t            <div class=\"ktm_std_contact_cta \">\n                            <div class=\"contact_cta_title\">\n                                <h2>\n                                    Kontaktieren Sie uns\n                                <\/h2>\n                            <\/div>\n                            <div class=\"contact_cta_text\">\n                                Der Austausch mit Ihnen ist essenziell f\u00fcr unsere Arbeit. Ihre Bed\u00fcrfnisse zu verstehen, bildet die Grundlage f\u00fcr unsere passgenaue Planung. Wir sind f\u00fcr Sie da \u2013 egal ob es um Fragen, W\u00fcnsche, Kritik oder Anregungen geht. Melden Sie sich gern gleich \u00fcber das Kontaktformular oder per E-Mail, Telefon oder WhatsApp.\n                            <\/div>\n                            <div class=\"contact_cta_button\">\n                                                <div class=\"iw_wbs_button \" style=\"text-align:left\"\">\n                    <a href=\"\/de\/kontakt\/\"  target=\"\">\n                        <button >\n                            \n                            JETZT BERATEN LASSEN\n                        <\/button>\n                    <\/a>\n                <\/div>\n\n                            <\/div>\n                        <\/div>[vc_empty_space height=&#8220;50px&#8220;][\/vc_column_inner][vc_column_inner width=&#8220;1\/6&#8243;][\/vc_column_inner][\/vc_row_inner][vc_row_inner][vc_column_inner][vc_empty_space height=&#8220;50px&#8220;][\/vc_column_inner][\/vc_row_inner][vc_row_inner][vc_column_inner][vc_empty_space height=&#8220;50px&#8220;][\/vc_column_inner][\/vc_row_inner][\/vc_column][\/vc_row]<\/p>\n<\/div>","protected":false},"excerpt":{"rendered":"<p>[vc_row full_width=&#8220;stretch_row_content_no_spaces&#8220;][vc_column][vc_row_inner][vc_column_inner][\/vc_column_inner][\/vc_row_inner][\/vc_column][\/vc_row][vc_row full_width=&#8220;stretch_row&#8220;][vc_column][vc_row_inner][vc_column_inner offset=&#8220;vc_hidden-sm vc_hidden-xs&#8220;][vc_empty_space height=&#8220;50px&#8220;][\/vc_column_inner][\/vc_row_inner][vc_row_inner][vc_column_inner][vc_empty_space height=&#8220;50px&#8220;][\/vc_column_inner][\/vc_row_inner][vc_row_inner][vc_column_inner][vc_column_text] Service bei K\u00f6ttermann [\/vc_column_text][\/vc_column_inner][\/vc_row_inner][vc_row_inner][vc_column_inner width=&#8220;1\/6&#8243;][\/vc_column_inner][vc_column_inner width=&#8220;5\/6&#8243; offset=&#8220;vc_hidden-sm vc_hidden-xs&#8220;][vc_column_text] Unser Service umfasst nicht nur das Planen, Produzieren und Montieren von Laboreinrichtungen, auch das Thema Wartung und die generelle Sicherheit im Labor wird bei uns gro\u00df geschrieben. [\/vc_column_text][\/vc_column_inner][\/vc_row_inner][vc_row_inner][vc_column_inner offset=&#8220;vc_hidden-lg vc_hidden-md&#8220;][vc_column_text] Unser Service umfasst nicht nur das Planen, Produzieren und Montieren [&hellip;]<\/p>\n","protected":false},"author":3,"featured_media":0,"parent":0,"menu_order":0,"comment_status":"closed","ping_status":"closed","template":"","meta":{"content-type":"","footnotes":""},"class_list":["post-465","page","type-page","status-publish","hentry"],"yoast_head":"<!-- This site is optimized with the Yoast SEO plugin v27.0 - https:\/\/yoast.com\/product\/yoast-seo-wordpress\/ -->\n<title>Service von A bis Z f\u00fcr Ihre Laboreinrichtung | K\u00f6ttermann<\/title>\n<meta name=\"description\" content=\"Laboreinrichtungen erhalten Sie bei uns komplett aus einer Hand. Exakt nach Ihren W\u00fcnschen erstellen wir Ihre Laborplanung.\" \/>\n<meta name=\"robots\" content=\"index, follow, max-snippet:-1, max-image-preview:large, max-video-preview:-1\" \/>\n<link rel=\"canonical\" href=\"https:\/\/www.koettermann.com\/de\/service\/\" \/>\n<meta property=\"og:locale\" content=\"de_DE\" \/>\n<meta property=\"og:type\" content=\"article\" \/>\n<meta property=\"og:title\" content=\"Service von A bis Z f\u00fcr Ihre Laboreinrichtung | K\u00f6ttermann\" \/>\n<meta property=\"og:description\" content=\"Laboreinrichtungen erhalten Sie bei uns komplett aus einer Hand. Exakt nach Ihren W\u00fcnschen erstellen wir Ihre Laborplanung.\" \/>\n<meta property=\"og:url\" content=\"https:\/\/www.koettermann.com\/de\/service\/\" \/>\n<meta property=\"og:site_name\" content=\"K\u00f6ttermann GmbH\" \/>\n<meta property=\"article:modified_time\" content=\"2021-01-12T10:24:14+00:00\" \/>\n<meta name=\"twitter:card\" content=\"summary_large_image\" \/>\n<meta name=\"twitter:label1\" content=\"Gesch\u00e4tzte Lesezeit\" \/>\n\t<meta name=\"twitter:data1\" content=\"5\u00a0Minuten\" \/>\n<script type=\"application\/ld+json\" class=\"yoast-schema-graph\">{\"@context\":\"https:\/\/schema.org\",\"@graph\":[{\"@type\":\"WebPage\",\"@id\":\"https:\/\/www.koettermann.com\/de\/service\/\",\"url\":\"https:\/\/www.koettermann.com\/de\/service\/\",\"name\":\"Service von A bis Z f\u00fcr Ihre Laboreinrichtung | K\u00f6ttermann\",\"isPartOf\":{\"@id\":\"https:\/\/www.koettermann.com\/de\/#website\"},\"datePublished\":\"2020-11-27T09:39:32+00:00\",\"dateModified\":\"2021-01-12T10:24:14+00:00\",\"description\":\"Laboreinrichtungen erhalten Sie bei uns komplett aus einer Hand. Exakt nach Ihren W\u00fcnschen erstellen wir Ihre Laborplanung.\",\"breadcrumb\":{\"@id\":\"https:\/\/www.koettermann.com\/de\/service\/#breadcrumb\"},\"inLanguage\":\"de\",\"potentialAction\":[{\"@type\":\"ReadAction\",\"target\":[\"https:\/\/www.koettermann.com\/de\/service\/\"]}]},{\"@type\":\"BreadcrumbList\",\"@id\":\"https:\/\/www.koettermann.com\/de\/service\/#breadcrumb\",\"itemListElement\":[{\"@type\":\"ListItem\",\"position\":1,\"name\":\"Startseite\",\"item\":\"https:\/\/www.koettermann.com\/de\/\"},{\"@type\":\"ListItem\",\"position\":2,\"name\":\"Service\"}]},{\"@type\":\"WebSite\",\"@id\":\"https:\/\/www.koettermann.com\/de\/#website\",\"url\":\"https:\/\/www.koettermann.com\/de\/\",\"name\":\"K\u00f6ttermann GmbH\",\"description\":\"\",\"potentialAction\":[{\"@type\":\"SearchAction\",\"target\":{\"@type\":\"EntryPoint\",\"urlTemplate\":\"https:\/\/www.koettermann.com\/de\/?s={search_term_string}\"},\"query-input\":{\"@type\":\"PropertyValueSpecification\",\"valueRequired\":true,\"valueName\":\"search_term_string\"}}],\"inLanguage\":\"de\"}]}<\/script>\n<!-- \/ Yoast SEO plugin. -->","yoast_head_json":{"title":"Service von A bis Z f\u00fcr Ihre Laboreinrichtung | K\u00f6ttermann","description":"Laboreinrichtungen erhalten Sie bei uns komplett aus einer Hand. Exakt nach Ihren W\u00fcnschen erstellen wir Ihre Laborplanung.","robots":{"index":"index","follow":"follow","max-snippet":"max-snippet:-1","max-image-preview":"max-image-preview:large","max-video-preview":"max-video-preview:-1"},"canonical":"https:\/\/www.koettermann.com\/de\/service\/","og_locale":"de_DE","og_type":"article","og_title":"Service von A bis Z f\u00fcr Ihre Laboreinrichtung | K\u00f6ttermann","og_description":"Laboreinrichtungen erhalten Sie bei uns komplett aus einer Hand. Exakt nach Ihren W\u00fcnschen erstellen wir Ihre Laborplanung.","og_url":"https:\/\/www.koettermann.com\/de\/service\/","og_site_name":"K\u00f6ttermann GmbH","article_modified_time":"2021-01-12T10:24:14+00:00","twitter_card":"summary_large_image","twitter_misc":{"Gesch\u00e4tzte Lesezeit":"5\u00a0Minuten"},"schema":{"@context":"https:\/\/schema.org","@graph":[{"@type":"WebPage","@id":"https:\/\/www.koettermann.com\/de\/service\/","url":"https:\/\/www.koettermann.com\/de\/service\/","name":"Service von A bis Z f\u00fcr Ihre Laboreinrichtung | K\u00f6ttermann","isPartOf":{"@id":"https:\/\/www.koettermann.com\/de\/#website"},"datePublished":"2020-11-27T09:39:32+00:00","dateModified":"2021-01-12T10:24:14+00:00","description":"Laboreinrichtungen erhalten Sie bei uns komplett aus einer Hand. Exakt nach Ihren W\u00fcnschen erstellen wir Ihre Laborplanung.","breadcrumb":{"@id":"https:\/\/www.koettermann.com\/de\/service\/#breadcrumb"},"inLanguage":"de","potentialAction":[{"@type":"ReadAction","target":["https:\/\/www.koettermann.com\/de\/service\/"]}]},{"@type":"BreadcrumbList","@id":"https:\/\/www.koettermann.com\/de\/service\/#breadcrumb","itemListElement":[{"@type":"ListItem","position":1,"name":"Startseite","item":"https:\/\/www.koettermann.com\/de\/"},{"@type":"ListItem","position":2,"name":"Service"}]},{"@type":"WebSite","@id":"https:\/\/www.koettermann.com\/de\/#website","url":"https:\/\/www.koettermann.com\/de\/","name":"K\u00f6ttermann GmbH","description":"","potentialAction":[{"@type":"SearchAction","target":{"@type":"EntryPoint","urlTemplate":"https:\/\/www.koettermann.com\/de\/?s={search_term_string}"},"query-input":{"@type":"PropertyValueSpecification","valueRequired":true,"valueName":"search_term_string"}}],"inLanguage":"de"}]}},"_links":{"self":[{"href":"https:\/\/www.koettermann.com\/de\/wp-json\/wp\/v2\/pages\/465","targetHints":{"allow":["GET"]}}],"collection":[{"href":"https:\/\/www.koettermann.com\/de\/wp-json\/wp\/v2\/pages"}],"about":[{"href":"https:\/\/www.koettermann.com\/de\/wp-json\/wp\/v2\/types\/page"}],"author":[{"embeddable":true,"href":"https:\/\/www.koettermann.com\/de\/wp-json\/wp\/v2\/users\/3"}],"replies":[{"embeddable":true,"href":"https:\/\/www.koettermann.com\/de\/wp-json\/wp\/v2\/comments?post=465"}],"version-history":[{"count":5,"href":"https:\/\/www.koettermann.com\/de\/wp-json\/wp\/v2\/pages\/465\/revisions"}],"predecessor-version":[{"id":1794,"href":"https:\/\/www.koettermann.com\/de\/wp-json\/wp\/v2\/pages\/465\/revisions\/1794"}],"wp:attachment":[{"href":"https:\/\/www.koettermann.com\/de\/wp-json\/wp\/v2\/media?parent=465"}],"curies":[{"name":"wp","href":"https:\/\/api.w.org\/{rel}","templated":true}]}}