{"id":469,"date":"2020-11-27T10:40:22","date_gmt":"2020-11-27T09:40:22","guid":{"rendered":"https:\/\/www.koettermann.com\/?page_id=469"},"modified":"2021-01-18T14:13:05","modified_gmt":"2021-01-18T13:13:05","slug":"wartung","status":"publish","type":"page","link":"https:\/\/www.koettermann.com\/de\/service\/wartung\/","title":{"rendered":"Wartung"},"content":{"rendered":"<div class=\"wpb-content-wrapper\"><p>[vc_row full_width=&#8220;stretch_row_content_no_spaces&#8220;][vc_column][vc_row_inner][vc_column_inner]            <div class=\"iw_header_image \" >\n                <div class=\"iw_header_image_image_wrapper\">\n                    <div class=\"iw_header_image_image_rescue\" aria-hidden=\"true\"><\/div>\n                    <div class=\"picture-tag-wrapper\">\n                                        <picture>\n                    <source media=\"(max-width: 465px)\" srcset=\"https:\/\/www.koettermann.com\/wp-content\/uploads\/2020\/11\/koettermann-de-header-image-wartung-573px.jpg\">\n                    <source media=\"(max-width: 860px)\" srcset=\"https:\/\/www.koettermann.com\/wp-content\/uploads\/2020\/11\/koettermann-de-header-image-wartung-860px.jpg\">\n                    <img decoding=\"async\" src=\"https:\/\/www.koettermann.com\/wp-content\/uploads\/2020\/11\/koettermann-de-header-image-wartung.jpg\" alt=\"\" width=\"2400\" height=\"813\" style=\"width: 100%; height: 100%; object-fit: cover\" loading=\"lazy\"\/>\n                <\/picture>\n                    <\/div>\n                    <div class=\"iw-image-alt-caption iw-image-alt-caption--center\">\n                        \n                    <\/div>\n                <\/div>\n                \n                            <div class=\"iw_header_image_image_content\">\n                \n            <\/div>\n\n                \n            <\/div>\n\n[\/vc_column_inner][\/vc_row_inner][\/vc_column][\/vc_row][vc_row full_width=&#8220;stretch_row&#8220;][vc_column][vc_row_inner][vc_column_inner offset=&#8220;vc_hidden-sm vc_hidden-xs&#8220;][vc_empty_space height=&#8220;50px&#8220;][\/vc_column_inner][\/vc_row_inner][vc_row_inner][vc_column_inner][vc_empty_space height=&#8220;50px&#8220;][\/vc_column_inner][\/vc_row_inner][vc_row_inner][vc_column_inner][vc_column_text]<\/p>\n<h1 style=\"text-align: left;\">Wartung durch Profis<\/h1>\n<p>[\/vc_column_text][\/vc_column_inner][\/vc_row_inner][vc_row_inner][vc_column_inner width=&#8220;1\/6&#8243;][\/vc_column_inner][vc_column_inner width=&#8220;5\/6&#8243; offset=&#8220;vc_hidden-sm vc_hidden-xs&#8220;][vc_column_text]<\/p>\n<h4>F\u00fcr Produkte, wie Abz\u00fcge und Sicherheitsschr\u00e4nke besteht eine gesetzliche Wartungspflicht. Das bedeutet eine regelm\u00e4\u00dfige Wartung durch einen von K\u00d6TTERMANN zertifizierten Wartungsbetrieb ist Voraussetzung f\u00fcr die Aufrechterhaltung der Sicherheitsstandards in Ihrem Labor. Um die Qualit\u00e4t der Wartung zu gew\u00e4hrleisten, werden die Vertragspartner in der K\u00d6TTERMANN Academy regelm\u00e4\u00dfig zertifiziert und geschult.<\/h4>\n<p>[\/vc_column_text][\/vc_column_inner][\/vc_row_inner][vc_row_inner][vc_column_inner offset=&#8220;vc_hidden-lg vc_hidden-md&#8220;][vc_column_text]<\/p>\n<h4>F\u00fcr Produkte, wie Abz\u00fcge und Sicherheitsschr\u00e4nke besteht eine gesetzliche Wartungspflicht. Das bedeutet eine regelm\u00e4\u00dfige Wartung durch einen von K\u00d6TTERMANN zertifizierten Wartungsbetrieb ist Voraussetzung f\u00fcr die Aufrechterhaltung der Sicherheitsstandards in Ihrem Labor. Um die Qualit\u00e4t der Wartung zu gew\u00e4hrleisten, werden die Vertragspartner in der K\u00d6TTERMANN Academy regelm\u00e4\u00dfig zertifiziert und geschult.<\/h4>\n<p>[\/vc_column_text][\/vc_column_inner][\/vc_row_inner][vc_row_inner][vc_column_inner][vc_empty_space height=&#8220;25px&#8220;][\/vc_column_inner][\/vc_row_inner][vc_row_inner][vc_column_inner offset=&#8220;vc_hidden-sm vc_hidden-xs&#8220;][vc_empty_space height=&#8220;50px&#8220;][\/vc_column_inner][\/vc_row_inner][\/vc_column][\/vc_row][vc_row][vc_column][vc_row_inner][vc_column_inner offset=&#8220;vc_hidden-xs&#8220;][vc_empty_space height=&#8220;50px&#8220;][\/vc_column_inner][\/vc_row_inner][vc_row_inner][vc_column_inner width=&#8220;1\/6&#8243;][\/vc_column_inner][vc_column_inner width=&#8220;2\/3&#8243;][vc_column_text]<\/p>\n<h2>Sie ben\u00f6tigen Hilfe?<\/h2>\n<p>[\/vc_column_text][vc_column_text]Bei Fragen steht Ihnen Ihr K\u00d6TTERMANN Service Team unter <strong>+49 5147 976-7000<\/strong> gerne telefonisch oder per WhatsApp zur Verf\u00fcgung! Oder Sie nehmen online Kontakt mit uns auf.[\/vc_column_text]                <div class=\"iw_wbs_button \" style=\"text-align:left\"\">\n                    <a href=\"https:\/\/www.koettermann.com\/de\/kontakt\/\"  target=\"\">\n                        <button >\n                            \n                            JETZT BERATEN LASSEN\n                        <\/button>\n                    <\/a>\n                <\/div>\n[\/vc_column_inner][vc_column_inner width=&#8220;1\/6&#8243;][\/vc_column_inner][\/vc_row_inner][vc_row_inner][vc_column_inner][vc_empty_space height=&#8220;50px&#8220;][\/vc_column_inner][\/vc_row_inner][vc_row_inner][vc_column_inner][vc_empty_space height=&#8220;50px&#8220;][\/vc_column_inner][\/vc_row_inner][vc_row_inner][vc_column_inner offset=&#8220;vc_hidden-xs&#8220;][vc_empty_space height=&#8220;50px&#8220;][\/vc_column_inner][\/vc_row_inner][\/vc_column][\/vc_row]<\/p>\n<\/div>","protected":false},"excerpt":{"rendered":"<p>[vc_row full_width=&#8220;stretch_row_content_no_spaces&#8220;][vc_column][vc_row_inner][vc_column_inner][\/vc_column_inner][\/vc_row_inner][\/vc_column][\/vc_row][vc_row full_width=&#8220;stretch_row&#8220;][vc_column][vc_row_inner][vc_column_inner offset=&#8220;vc_hidden-sm vc_hidden-xs&#8220;][vc_empty_space height=&#8220;50px&#8220;][\/vc_column_inner][\/vc_row_inner][vc_row_inner][vc_column_inner][vc_empty_space height=&#8220;50px&#8220;][\/vc_column_inner][\/vc_row_inner][vc_row_inner][vc_column_inner][vc_column_text] Wartung durch Profis [\/vc_column_text][\/vc_column_inner][\/vc_row_inner][vc_row_inner][vc_column_inner width=&#8220;1\/6&#8243;][\/vc_column_inner][vc_column_inner width=&#8220;5\/6&#8243; offset=&#8220;vc_hidden-sm vc_hidden-xs&#8220;][vc_column_text] F\u00fcr Produkte, wie Abz\u00fcge und Sicherheitsschr\u00e4nke besteht eine gesetzliche Wartungspflicht. Das bedeutet eine regelm\u00e4\u00dfige Wartung durch einen von K\u00d6TTERMANN zertifizierten Wartungsbetrieb ist Voraussetzung f\u00fcr die Aufrechterhaltung der Sicherheitsstandards in Ihrem Labor. Um die Qualit\u00e4t der Wartung zu gew\u00e4hrleisten, werden die [&hellip;]<\/p>\n","protected":false},"author":3,"featured_media":0,"parent":465,"menu_order":0,"comment_status":"closed","ping_status":"closed","template":"","meta":{"content-type":"","footnotes":""},"class_list":["post-469","page","type-page","status-publish","hentry"],"yoast_head":"<!-- This site is optimized with the Yoast SEO plugin v27.0 - https:\/\/yoast.com\/product\/yoast-seo-wordpress\/ -->\n<title>Wartung - Sicheres Arbeiten durch regelm\u00e4\u00dfige \u00dcberpr\u00fcfung | K\u00f6ttermann<\/title>\n<meta name=\"description\" content=\"For products such as fume cupboards and safety cabinets, there is a statutory maintenance obligation. We take care of it!\" \/>\n<meta name=\"robots\" content=\"index, follow, max-snippet:-1, max-image-preview:large, max-video-preview:-1\" \/>\n<link rel=\"canonical\" href=\"https:\/\/www.koettermann.com\/de\/service\/wartung\/\" \/>\n<meta property=\"og:locale\" content=\"de_DE\" \/>\n<meta property=\"og:type\" content=\"article\" \/>\n<meta property=\"og:title\" content=\"Wartung - Sicheres Arbeiten durch regelm\u00e4\u00dfige \u00dcberpr\u00fcfung | K\u00f6ttermann\" \/>\n<meta property=\"og:description\" content=\"For products such as fume cupboards and safety cabinets, there is a statutory maintenance obligation. We take care of it!\" \/>\n<meta property=\"og:url\" content=\"https:\/\/www.koettermann.com\/de\/service\/wartung\/\" \/>\n<meta property=\"og:site_name\" content=\"K\u00f6ttermann GmbH\" \/>\n<meta property=\"article:modified_time\" content=\"2021-01-18T13:13:05+00:00\" \/>\n<meta name=\"twitter:card\" content=\"summary_large_image\" \/>\n<meta name=\"twitter:label1\" content=\"Gesch\u00e4tzte Lesezeit\" \/>\n\t<meta name=\"twitter:data1\" content=\"2\u00a0Minuten\" \/>\n<script type=\"application\/ld+json\" class=\"yoast-schema-graph\">{\"@context\":\"https:\/\/schema.org\",\"@graph\":[{\"@type\":\"WebPage\",\"@id\":\"https:\/\/www.koettermann.com\/de\/service\/wartung\/\",\"url\":\"https:\/\/www.koettermann.com\/de\/service\/wartung\/\",\"name\":\"Wartung - Sicheres Arbeiten durch regelm\u00e4\u00dfige \u00dcberpr\u00fcfung | K\u00f6ttermann\",\"isPartOf\":{\"@id\":\"https:\/\/www.koettermann.com\/de\/#website\"},\"datePublished\":\"2020-11-27T09:40:22+00:00\",\"dateModified\":\"2021-01-18T13:13:05+00:00\",\"description\":\"For products such as fume cupboards and safety cabinets, there is a statutory maintenance obligation. We take care of it!\",\"breadcrumb\":{\"@id\":\"https:\/\/www.koettermann.com\/de\/service\/wartung\/#breadcrumb\"},\"inLanguage\":\"de\",\"potentialAction\":[{\"@type\":\"ReadAction\",\"target\":[\"https:\/\/www.koettermann.com\/de\/service\/wartung\/\"]}]},{\"@type\":\"BreadcrumbList\",\"@id\":\"https:\/\/www.koettermann.com\/de\/service\/wartung\/#breadcrumb\",\"itemListElement\":[{\"@type\":\"ListItem\",\"position\":1,\"name\":\"Startseite\",\"item\":\"https:\/\/www.koettermann.com\/de\/\"},{\"@type\":\"ListItem\",\"position\":2,\"name\":\"Service\",\"item\":\"https:\/\/www.koettermann.com\/de\/service\/\"},{\"@type\":\"ListItem\",\"position\":3,\"name\":\"Wartung\"}]},{\"@type\":\"WebSite\",\"@id\":\"https:\/\/www.koettermann.com\/de\/#website\",\"url\":\"https:\/\/www.koettermann.com\/de\/\",\"name\":\"K\u00f6ttermann GmbH\",\"description\":\"\",\"potentialAction\":[{\"@type\":\"SearchAction\",\"target\":{\"@type\":\"EntryPoint\",\"urlTemplate\":\"https:\/\/www.koettermann.com\/de\/?s={search_term_string}\"},\"query-input\":{\"@type\":\"PropertyValueSpecification\",\"valueRequired\":true,\"valueName\":\"search_term_string\"}}],\"inLanguage\":\"de\"}]}<\/script>\n<!-- \/ Yoast SEO plugin. -->","yoast_head_json":{"title":"Wartung - Sicheres Arbeiten durch regelm\u00e4\u00dfige \u00dcberpr\u00fcfung | K\u00f6ttermann","description":"For products such as fume cupboards and safety cabinets, there is a statutory maintenance obligation. We take care of it!","robots":{"index":"index","follow":"follow","max-snippet":"max-snippet:-1","max-image-preview":"max-image-preview:large","max-video-preview":"max-video-preview:-1"},"canonical":"https:\/\/www.koettermann.com\/de\/service\/wartung\/","og_locale":"de_DE","og_type":"article","og_title":"Wartung - Sicheres Arbeiten durch regelm\u00e4\u00dfige \u00dcberpr\u00fcfung | K\u00f6ttermann","og_description":"For products such as fume cupboards and safety cabinets, there is a statutory maintenance obligation. We take care of it!","og_url":"https:\/\/www.koettermann.com\/de\/service\/wartung\/","og_site_name":"K\u00f6ttermann GmbH","article_modified_time":"2021-01-18T13:13:05+00:00","twitter_card":"summary_large_image","twitter_misc":{"Gesch\u00e4tzte Lesezeit":"2\u00a0Minuten"},"schema":{"@context":"https:\/\/schema.org","@graph":[{"@type":"WebPage","@id":"https:\/\/www.koettermann.com\/de\/service\/wartung\/","url":"https:\/\/www.koettermann.com\/de\/service\/wartung\/","name":"Wartung - Sicheres Arbeiten durch regelm\u00e4\u00dfige \u00dcberpr\u00fcfung | K\u00f6ttermann","isPartOf":{"@id":"https:\/\/www.koettermann.com\/de\/#website"},"datePublished":"2020-11-27T09:40:22+00:00","dateModified":"2021-01-18T13:13:05+00:00","description":"For products such as fume cupboards and safety cabinets, there is a statutory maintenance obligation. We take care of it!","breadcrumb":{"@id":"https:\/\/www.koettermann.com\/de\/service\/wartung\/#breadcrumb"},"inLanguage":"de","potentialAction":[{"@type":"ReadAction","target":["https:\/\/www.koettermann.com\/de\/service\/wartung\/"]}]},{"@type":"BreadcrumbList","@id":"https:\/\/www.koettermann.com\/de\/service\/wartung\/#breadcrumb","itemListElement":[{"@type":"ListItem","position":1,"name":"Startseite","item":"https:\/\/www.koettermann.com\/de\/"},{"@type":"ListItem","position":2,"name":"Service","item":"https:\/\/www.koettermann.com\/de\/service\/"},{"@type":"ListItem","position":3,"name":"Wartung"}]},{"@type":"WebSite","@id":"https:\/\/www.koettermann.com\/de\/#website","url":"https:\/\/www.koettermann.com\/de\/","name":"K\u00f6ttermann GmbH","description":"","potentialAction":[{"@type":"SearchAction","target":{"@type":"EntryPoint","urlTemplate":"https:\/\/www.koettermann.com\/de\/?s={search_term_string}"},"query-input":{"@type":"PropertyValueSpecification","valueRequired":true,"valueName":"search_term_string"}}],"inLanguage":"de"}]}},"_links":{"self":[{"href":"https:\/\/www.koettermann.com\/de\/wp-json\/wp\/v2\/pages\/469","targetHints":{"allow":["GET"]}}],"collection":[{"href":"https:\/\/www.koettermann.com\/de\/wp-json\/wp\/v2\/pages"}],"about":[{"href":"https:\/\/www.koettermann.com\/de\/wp-json\/wp\/v2\/types\/page"}],"author":[{"embeddable":true,"href":"https:\/\/www.koettermann.com\/de\/wp-json\/wp\/v2\/users\/3"}],"replies":[{"embeddable":true,"href":"https:\/\/www.koettermann.com\/de\/wp-json\/wp\/v2\/comments?post=469"}],"version-history":[{"count":6,"href":"https:\/\/www.koettermann.com\/de\/wp-json\/wp\/v2\/pages\/469\/revisions"}],"predecessor-version":[{"id":1795,"href":"https:\/\/www.koettermann.com\/de\/wp-json\/wp\/v2\/pages\/469\/revisions\/1795"}],"up":[{"embeddable":true,"href":"https:\/\/www.koettermann.com\/de\/wp-json\/wp\/v2\/pages\/465"}],"wp:attachment":[{"href":"https:\/\/www.koettermann.com\/de\/wp-json\/wp\/v2\/media?parent=469"}],"curies":[{"name":"wp","href":"https:\/\/api.w.org\/{rel}","templated":true}]}}