{"id":475,"date":"2020-11-27T10:41:40","date_gmt":"2020-11-27T09:41:40","guid":{"rendered":"https:\/\/www.koettermann.com\/?page_id=475"},"modified":"2025-11-11T14:46:45","modified_gmt":"2025-11-11T13:46:45","slug":"newsletter","status":"publish","type":"page","link":"https:\/\/www.koettermann.com\/de\/info-center\/newsletter\/","title":{"rendered":"Newsletter"},"content":{"rendered":"<div class=\"wpb-content-wrapper\"><p>[vc_row full_width=&#8220;stretch_row&#8220;][vc_column][vc_row_inner][vc_column_inner offset=&#8220;vc_hidden-sm vc_hidden-xs&#8220;][vc_empty_space height=&#8220;50px&#8220;][vc_column_text css=&#8220;&#8220;]<\/p>\n<h1>K\u00f6ttermann Insights \u2013 Ihr Newsletter f\u00fcr Expertenwissen und Einblicke hinter die Kulissen<\/h1>\n<p>[\/vc_column_text][vc_column_text css=&#8220;&#8220;]Seit fast 80 Jahren entwickeln wir bei K\u00f6ttermann hochwertige Laboreinrichtungen aus Stahl \u2013 langlebig, nachhaltig und mit echter Leidenschaft. Mit unserem Newsletter erhalten Sie exklusive Einblicke in die Welt der Laborm\u00f6bel, Laborplanung und Laborpraxis.<br \/>\nWir teilen spannende Projekte, Innovationen, Tipps &amp; Tricks aus der Praxis sowie exklusive News aus unserer Produktion. Ob Produktneuheiten, Planungsideen oder Einrichtungsinspirationen: Unser Newsletter bietet Ihnen kompakte Inhalte, die im Laboralltag weiterhelfen.<br \/>\nMelden Sie sich jetzt kostenlos an und werden Sie Teil der K\u00f6ttermann Community. F\u00fcr regelm\u00e4\u00dfige Updates, Fachwissen und Inspiration.[\/vc_column_text][\/vc_column_inner][vc_column_inner][\/vc_column_inner][\/vc_row_inner][vc_row_inner][vc_column_inner offset=&#8220;vc_hidden-xs&#8220;][vc_column_text css=&#8220;&#8220;]\n\t\t\t<div\n\t\t\tclass=\"hs-form-frame\"\n\t\t\tdata-region=\"eu1\"\n\t\t\tdata-form-id=\"2626e96a-3017-4533-98d5-679f99f77609\"\n\t\t\tdata-portal-id=\"143360296\"\n\t\t\t >\n\t\t\t<\/div>\n\t\t\t[\/vc_column_text][vc_empty_space height=&#8220;50px&#8220;][\/vc_column_inner][\/vc_row_inner][vc_row_inner][vc_column_inner offset=&#8220;vc_hidden-sm vc_hidden-xs&#8220;][vc_empty_space height=&#8220;50px&#8220;][\/vc_column_inner][\/vc_row_inner][vc_row_inner][vc_column_inner offset=&#8220;vc_hidden-sm vc_hidden-xs&#8220;][vc_empty_space height=&#8220;50px&#8220;][\/vc_column_inner][\/vc_row_inner][\/vc_column][\/vc_row]<\/p>\n<\/div>","protected":false},"excerpt":{"rendered":"<p>[vc_row full_width=&#8220;stretch_row&#8220;][vc_column][vc_row_inner][vc_column_inner offset=&#8220;vc_hidden-sm vc_hidden-xs&#8220;][vc_empty_space height=&#8220;50px&#8220;][vc_column_text css=&#8220;&#8220;] K\u00f6ttermann Insights \u2013 Ihr Newsletter f\u00fcr Expertenwissen und Einblicke hinter die Kulissen [\/vc_column_text][vc_column_text css=&#8220;&#8220;]Seit fast 80 Jahren entwickeln wir bei K\u00f6ttermann hochwertige Laboreinrichtungen aus Stahl \u2013 langlebig, nachhaltig und mit echter Leidenschaft. Mit unserem Newsletter erhalten Sie exklusive Einblicke in die Welt der Laborm\u00f6bel, Laborplanung und Laborpraxis. Wir teilen [&hellip;]<\/p>\n","protected":false},"author":3,"featured_media":0,"parent":341,"menu_order":0,"comment_status":"closed","ping_status":"closed","template":"","meta":{"content-type":"","footnotes":""},"class_list":["post-475","page","type-page","status-publish","hentry"],"yoast_head":"<!-- This site is optimized with the Yoast SEO plugin v27.0 - https:\/\/yoast.com\/product\/yoast-seo-wordpress\/ -->\n<title>Newsletter f\u00fcr Insights und Expertenwissen | K\u00f6ttermann GmbH<\/title>\n<meta name=\"description\" content=\"Mit unserem Newsletter erhalten Sie exklusive Einblicke in die Welt der Laborm\u00f6bel, Laborplanung und Laborpraxis. Hier abbonieren!\" \/>\n<meta name=\"robots\" content=\"index, follow, max-snippet:-1, max-image-preview:large, max-video-preview:-1\" \/>\n<link rel=\"canonical\" href=\"https:\/\/www.koettermann.com\/de\/info-center\/newsletter\/\" \/>\n<meta property=\"og:locale\" content=\"de_DE\" \/>\n<meta property=\"og:type\" content=\"article\" \/>\n<meta property=\"og:title\" content=\"Newsletter f\u00fcr Insights und Expertenwissen | K\u00f6ttermann GmbH\" \/>\n<meta property=\"og:description\" content=\"Mit unserem Newsletter erhalten Sie exklusive Einblicke in die Welt der Laborm\u00f6bel, Laborplanung und Laborpraxis. Hier abbonieren!\" \/>\n<meta property=\"og:url\" content=\"https:\/\/www.koettermann.com\/de\/info-center\/newsletter\/\" \/>\n<meta property=\"og:site_name\" content=\"K\u00f6ttermann GmbH\" \/>\n<meta property=\"article:modified_time\" content=\"2025-11-11T13:46:45+00:00\" \/>\n<meta name=\"twitter:card\" content=\"summary_large_image\" \/>\n<meta name=\"twitter:label1\" content=\"Gesch\u00e4tzte Lesezeit\" \/>\n\t<meta name=\"twitter:data1\" content=\"1\u00a0Minute\" \/>\n<script type=\"application\/ld+json\" class=\"yoast-schema-graph\">{\"@context\":\"https:\/\/schema.org\",\"@graph\":[{\"@type\":\"WebPage\",\"@id\":\"https:\/\/www.koettermann.com\/de\/info-center\/newsletter\/\",\"url\":\"https:\/\/www.koettermann.com\/de\/info-center\/newsletter\/\",\"name\":\"Newsletter f\u00fcr Insights und Expertenwissen | K\u00f6ttermann GmbH\",\"isPartOf\":{\"@id\":\"https:\/\/www.koettermann.com\/de\/#website\"},\"datePublished\":\"2020-11-27T09:41:40+00:00\",\"dateModified\":\"2025-11-11T13:46:45+00:00\",\"description\":\"Mit unserem Newsletter erhalten Sie exklusive Einblicke in die Welt der Laborm\u00f6bel, Laborplanung und Laborpraxis. Hier abbonieren!\",\"breadcrumb\":{\"@id\":\"https:\/\/www.koettermann.com\/de\/info-center\/newsletter\/#breadcrumb\"},\"inLanguage\":\"de\",\"potentialAction\":[{\"@type\":\"ReadAction\",\"target\":[\"https:\/\/www.koettermann.com\/de\/info-center\/newsletter\/\"]}]},{\"@type\":\"BreadcrumbList\",\"@id\":\"https:\/\/www.koettermann.com\/de\/info-center\/newsletter\/#breadcrumb\",\"itemListElement\":[{\"@type\":\"ListItem\",\"position\":1,\"name\":\"Startseite\",\"item\":\"https:\/\/www.koettermann.com\/de\/\"},{\"@type\":\"ListItem\",\"position\":2,\"name\":\"Info Center\",\"item\":\"https:\/\/www.koettermann.com\/de\/info-center\/\"},{\"@type\":\"ListItem\",\"position\":3,\"name\":\"Newsletter\"}]},{\"@type\":\"WebSite\",\"@id\":\"https:\/\/www.koettermann.com\/de\/#website\",\"url\":\"https:\/\/www.koettermann.com\/de\/\",\"name\":\"K\u00f6ttermann GmbH\",\"description\":\"\",\"potentialAction\":[{\"@type\":\"SearchAction\",\"target\":{\"@type\":\"EntryPoint\",\"urlTemplate\":\"https:\/\/www.koettermann.com\/de\/?s={search_term_string}\"},\"query-input\":{\"@type\":\"PropertyValueSpecification\",\"valueRequired\":true,\"valueName\":\"search_term_string\"}}],\"inLanguage\":\"de\"}]}<\/script>\n<!-- \/ Yoast SEO plugin. -->","yoast_head_json":{"title":"Newsletter f\u00fcr Insights und Expertenwissen | K\u00f6ttermann GmbH","description":"Mit unserem Newsletter erhalten Sie exklusive Einblicke in die Welt der Laborm\u00f6bel, Laborplanung und Laborpraxis. Hier abbonieren!","robots":{"index":"index","follow":"follow","max-snippet":"max-snippet:-1","max-image-preview":"max-image-preview:large","max-video-preview":"max-video-preview:-1"},"canonical":"https:\/\/www.koettermann.com\/de\/info-center\/newsletter\/","og_locale":"de_DE","og_type":"article","og_title":"Newsletter f\u00fcr Insights und Expertenwissen | K\u00f6ttermann GmbH","og_description":"Mit unserem Newsletter erhalten Sie exklusive Einblicke in die Welt der Laborm\u00f6bel, Laborplanung und Laborpraxis. Hier abbonieren!","og_url":"https:\/\/www.koettermann.com\/de\/info-center\/newsletter\/","og_site_name":"K\u00f6ttermann GmbH","article_modified_time":"2025-11-11T13:46:45+00:00","twitter_card":"summary_large_image","twitter_misc":{"Gesch\u00e4tzte Lesezeit":"1\u00a0Minute"},"schema":{"@context":"https:\/\/schema.org","@graph":[{"@type":"WebPage","@id":"https:\/\/www.koettermann.com\/de\/info-center\/newsletter\/","url":"https:\/\/www.koettermann.com\/de\/info-center\/newsletter\/","name":"Newsletter f\u00fcr Insights und Expertenwissen | K\u00f6ttermann GmbH","isPartOf":{"@id":"https:\/\/www.koettermann.com\/de\/#website"},"datePublished":"2020-11-27T09:41:40+00:00","dateModified":"2025-11-11T13:46:45+00:00","description":"Mit unserem Newsletter erhalten Sie exklusive Einblicke in die Welt der Laborm\u00f6bel, Laborplanung und Laborpraxis. Hier abbonieren!","breadcrumb":{"@id":"https:\/\/www.koettermann.com\/de\/info-center\/newsletter\/#breadcrumb"},"inLanguage":"de","potentialAction":[{"@type":"ReadAction","target":["https:\/\/www.koettermann.com\/de\/info-center\/newsletter\/"]}]},{"@type":"BreadcrumbList","@id":"https:\/\/www.koettermann.com\/de\/info-center\/newsletter\/#breadcrumb","itemListElement":[{"@type":"ListItem","position":1,"name":"Startseite","item":"https:\/\/www.koettermann.com\/de\/"},{"@type":"ListItem","position":2,"name":"Info Center","item":"https:\/\/www.koettermann.com\/de\/info-center\/"},{"@type":"ListItem","position":3,"name":"Newsletter"}]},{"@type":"WebSite","@id":"https:\/\/www.koettermann.com\/de\/#website","url":"https:\/\/www.koettermann.com\/de\/","name":"K\u00f6ttermann GmbH","description":"","potentialAction":[{"@type":"SearchAction","target":{"@type":"EntryPoint","urlTemplate":"https:\/\/www.koettermann.com\/de\/?s={search_term_string}"},"query-input":{"@type":"PropertyValueSpecification","valueRequired":true,"valueName":"search_term_string"}}],"inLanguage":"de"}]}},"_links":{"self":[{"href":"https:\/\/www.koettermann.com\/de\/wp-json\/wp\/v2\/pages\/475","targetHints":{"allow":["GET"]}}],"collection":[{"href":"https:\/\/www.koettermann.com\/de\/wp-json\/wp\/v2\/pages"}],"about":[{"href":"https:\/\/www.koettermann.com\/de\/wp-json\/wp\/v2\/types\/page"}],"author":[{"embeddable":true,"href":"https:\/\/www.koettermann.com\/de\/wp-json\/wp\/v2\/users\/3"}],"replies":[{"embeddable":true,"href":"https:\/\/www.koettermann.com\/de\/wp-json\/wp\/v2\/comments?post=475"}],"version-history":[{"count":26,"href":"https:\/\/www.koettermann.com\/de\/wp-json\/wp\/v2\/pages\/475\/revisions"}],"predecessor-version":[{"id":13449,"href":"https:\/\/www.koettermann.com\/de\/wp-json\/wp\/v2\/pages\/475\/revisions\/13449"}],"up":[{"embeddable":true,"href":"https:\/\/www.koettermann.com\/de\/wp-json\/wp\/v2\/pages\/341"}],"wp:attachment":[{"href":"https:\/\/www.koettermann.com\/de\/wp-json\/wp\/v2\/media?parent=475"}],"curies":[{"name":"wp","href":"https:\/\/api.w.org\/{rel}","templated":true}]}}