{"id":587,"date":"2020-11-27T14:28:33","date_gmt":"2020-11-27T13:28:33","guid":{"rendered":"https:\/\/www.koettermann.com\/?page_id=587"},"modified":"2026-02-25T13:15:27","modified_gmt":"2026-02-25T12:15:27","slug":"impressum","status":"publish","type":"page","link":"https:\/\/www.koettermann.com\/de\/impressum\/","title":{"rendered":"Impressum"},"content":{"rendered":"<div class=\"wpb-content-wrapper\"><p>[vc_row full_width=&#8220;stretch_row&#8220;][vc_column][vc_row_inner][vc_column_inner offset=&#8220;vc_hidden-sm vc_hidden-xs&#8220;][vc_empty_space height=&#8220;50px&#8220;][\/vc_column_inner][\/vc_row_inner][vc_row_inner][vc_column_inner][vc_empty_space height=&#8220;50px&#8220;][\/vc_column_inner][\/vc_row_inner][vc_row_inner][vc_column_inner][vc_column_text]<\/p>\n<h1 style=\"text-align: left;\">Impressum<\/h1>\n<p>[\/vc_column_text][vc_empty_space height=&#8220;25px&#8220;][\/vc_column_inner][\/vc_row_inner][vc_row_inner][vc_column_inner][vc_column_text]<strong>K\u00f6ttermann GmbH<\/strong><br \/>\nIndustriestra\u00dfe 2<br \/>\nD-31311 Uetze<br \/>\nGERMANY<\/p>\n<p>Telefon: +49 (0) 5147 976-0<br \/>\nFax: +49 (0) 5147 976-844<\/p>\n<p>E-Mail:\u00a0<span id=\"wpmt-118400-62553\">website@koettermann.com<\/span><br \/>\nWebsite: webdev.koettermann.com<\/p>\n<p>Registergericht: Amtsgericht Hildesheim<br \/>\nRegisternummer: HRB 206061<br \/>\nUSt.-IdNr.: DE321080097[\/vc_column_text][vc_empty_space height=&#8220;50px&#8220;][vc_column_text css=&#8220;&#8220;]<strong>Gesch\u00e4ftsf\u00fchrer<\/strong><br \/>\nJ\u00f6rg Hoffmann<br \/>\nKazim Doyuran<br \/>\nJens Buchholz<br \/>\nMarek Krsek[\/vc_column_text][vc_empty_space height=&#8220;50px&#8220;]<div class=\"iw-tech-agency-legal\">\n\t<div class=\"iw-tal-headline\">\n\t\t<p style=\"font-weight:bold\">Agentur<\/p>\n\t<\/div>\n\t<div class=\"iw-tal-content\">\n\t\t<p>inwendo GmbH<\/p>\n\t\t<p>Jakobistr. 39<\/p>\n\t\t<p>30163 Hannover<\/p>\n\t\t<p><a href=\"mailto:made-by@inwendo.de?subject=Kontaktanfrage \u00fcber K\u00f6ttermann GmbH Website\">made-by@inwendo.de<\/a><\/p>\n\t\t<p><a href=\"https:\/\/inwendo.de\/?utm_source=client-website&utm_medium=imprint-link&utm_campaign=made-by-inwendo\" target=\"_blank\">inwendo.de<\/a><\/p>\n\t<\/div>\n<\/div>[vc_empty_space height=&#8220;50px&#8220;][vc_column_text]<strong>Haftungshinweis<\/strong><br \/>\nTrotz sorgf\u00e4ltiger inhaltlicher Kontrolle \u00fcbernehmen wir keine Haftung f\u00fcr die Inhalte externer Links. F\u00fcr den Inhalt der verlinkten Seiten sind ausschlie\u00dflich deren Betreiber verantwortlich.<br \/>\nAlle Bildrechte f\u00fcr die Abbildungen auf dieser Internetpr\u00e4senz liegen bei der K\u00f6ttermann GmbH, ihren Tochtergesellschaften oder Partnern. Eine Verwendung ohne ausdr\u00fcckliche Zustimmung ist nicht gestattet.[\/vc_column_text][\/vc_column_inner][\/vc_row_inner][vc_row_inner][vc_column_inner][vc_empty_space height=&#8220;50px&#8220;][\/vc_column_inner][\/vc_row_inner][vc_row_inner][vc_column_inner offset=&#8220;vc_hidden-xs&#8220;][vc_empty_space height=&#8220;50px&#8220;][\/vc_column_inner][\/vc_row_inner][\/vc_column][\/vc_row]<\/p>\n<\/div>","protected":false},"excerpt":{"rendered":"<p>[vc_row full_width=&#8220;stretch_row&#8220;][vc_column][vc_row_inner][vc_column_inner offset=&#8220;vc_hidden-sm vc_hidden-xs&#8220;][vc_empty_space height=&#8220;50px&#8220;][\/vc_column_inner][\/vc_row_inner][vc_row_inner][vc_column_inner][vc_empty_space height=&#8220;50px&#8220;][\/vc_column_inner][\/vc_row_inner][vc_row_inner][vc_column_inner][vc_column_text] Impressum [\/vc_column_text][vc_empty_space height=&#8220;25px&#8220;][\/vc_column_inner][\/vc_row_inner][vc_row_inner][vc_column_inner][vc_column_text]K\u00f6ttermann GmbH Industriestra\u00dfe 2 D-31311 Uetze GERMANY Telefon: +49 (0) 5147 976-0 Fax: +49 (0) 5147 976-844 E-Mail:\u00a0website@koettermann.com Website: webdev.koettermann.com Registergericht: Amtsgericht Hildesheim Registernummer: HRB 206061 USt.-IdNr.: DE321080097[\/vc_column_text][vc_empty_space height=&#8220;50px&#8220;][vc_column_text css=&#8220;&#8220;]Gesch\u00e4ftsf\u00fchrer J\u00f6rg Hoffmann Kazim Doyuran Jens Buchholz Marek Krsek[\/vc_column_text][vc_empty_space height=&#8220;50px&#8220;][vc_empty_space height=&#8220;50px&#8220;][vc_column_text]Haftungshinweis Trotz sorgf\u00e4ltiger inhaltlicher Kontrolle \u00fcbernehmen wir keine [&hellip;]<\/p>\n","protected":false},"author":3,"featured_media":0,"parent":0,"menu_order":0,"comment_status":"closed","ping_status":"closed","template":"","meta":{"content-type":"","footnotes":""},"class_list":["post-587","page","type-page","status-publish","hentry"],"yoast_head":"<!-- This site is optimized with the Yoast SEO plugin v27.0 - https:\/\/yoast.com\/product\/yoast-seo-wordpress\/ -->\n<title>Impressum - K\u00f6ttermann GmbH<\/title>\n<meta name=\"robots\" content=\"index, follow, max-snippet:-1, max-image-preview:large, max-video-preview:-1\" \/>\n<link rel=\"canonical\" href=\"https:\/\/www.koettermann.com\/de\/impressum\/\" \/>\n<meta property=\"og:locale\" content=\"de_DE\" \/>\n<meta property=\"og:type\" content=\"article\" \/>\n<meta property=\"og:title\" content=\"Impressum - K\u00f6ttermann GmbH\" \/>\n<meta property=\"og:description\" content=\"[vc_row full_width=&#8220;stretch_row&#8220;][vc_column][vc_row_inner][vc_column_inner offset=&#8220;vc_hidden-sm vc_hidden-xs&#8220;][vc_empty_space height=&#8220;50px&#8220;][\/vc_column_inner][\/vc_row_inner][vc_row_inner][vc_column_inner][vc_empty_space height=&#8220;50px&#8220;][\/vc_column_inner][\/vc_row_inner][vc_row_inner][vc_column_inner][vc_column_text] Impressum [\/vc_column_text][vc_empty_space height=&#8220;25px&#8220;][\/vc_column_inner][\/vc_row_inner][vc_row_inner][vc_column_inner][vc_column_text]K\u00f6ttermann GmbH Industriestra\u00dfe 2 D-31311 Uetze GERMANY Telefon: +49 (0) 5147 976-0 Fax: +49 (0) 5147 976-844 E-Mail:\u00a0website@koettermann.com Website: webdev.koettermann.com Registergericht: Amtsgericht Hildesheim Registernummer: HRB 206061 USt.-IdNr.: DE321080097[\/vc_column_text][vc_empty_space height=&#8220;50px&#8220;][vc_column_text css=&#8220;&#8220;]Gesch\u00e4ftsf\u00fchrer J\u00f6rg Hoffmann Kazim Doyuran Jens Buchholz Marek Krsek[\/vc_column_text][vc_empty_space height=&#8220;50px&#8220;][vc_empty_space height=&#8220;50px&#8220;][vc_column_text]Haftungshinweis Trotz sorgf\u00e4ltiger inhaltlicher Kontrolle \u00fcbernehmen wir keine [&hellip;]\" \/>\n<meta property=\"og:url\" content=\"https:\/\/www.koettermann.com\/de\/impressum\/\" \/>\n<meta property=\"og:site_name\" content=\"K\u00f6ttermann GmbH\" \/>\n<meta property=\"article:modified_time\" content=\"2026-02-25T12:15:27+00:00\" \/>\n<meta name=\"twitter:card\" content=\"summary_large_image\" \/>\n<meta name=\"twitter:label1\" content=\"Gesch\u00e4tzte Lesezeit\" \/>\n\t<meta name=\"twitter:data1\" content=\"1\u00a0Minute\" \/>\n<script type=\"application\/ld+json\" class=\"yoast-schema-graph\">{\"@context\":\"https:\/\/schema.org\",\"@graph\":[{\"@type\":\"WebPage\",\"@id\":\"https:\/\/www.koettermann.com\/de\/impressum\/\",\"url\":\"https:\/\/www.koettermann.com\/de\/impressum\/\",\"name\":\"Impressum - K\u00f6ttermann GmbH\",\"isPartOf\":{\"@id\":\"https:\/\/www.koettermann.com\/de\/#website\"},\"datePublished\":\"2020-11-27T13:28:33+00:00\",\"dateModified\":\"2026-02-25T12:15:27+00:00\",\"breadcrumb\":{\"@id\":\"https:\/\/www.koettermann.com\/de\/impressum\/#breadcrumb\"},\"inLanguage\":\"de\",\"potentialAction\":[{\"@type\":\"ReadAction\",\"target\":[\"https:\/\/www.koettermann.com\/de\/impressum\/\"]}]},{\"@type\":\"BreadcrumbList\",\"@id\":\"https:\/\/www.koettermann.com\/de\/impressum\/#breadcrumb\",\"itemListElement\":[{\"@type\":\"ListItem\",\"position\":1,\"name\":\"Startseite\",\"item\":\"https:\/\/www.koettermann.com\/de\/\"},{\"@type\":\"ListItem\",\"position\":2,\"name\":\"Impressum\"}]},{\"@type\":\"WebSite\",\"@id\":\"https:\/\/www.koettermann.com\/de\/#website\",\"url\":\"https:\/\/www.koettermann.com\/de\/\",\"name\":\"K\u00f6ttermann GmbH\",\"description\":\"\",\"potentialAction\":[{\"@type\":\"SearchAction\",\"target\":{\"@type\":\"EntryPoint\",\"urlTemplate\":\"https:\/\/www.koettermann.com\/de\/?s={search_term_string}\"},\"query-input\":{\"@type\":\"PropertyValueSpecification\",\"valueRequired\":true,\"valueName\":\"search_term_string\"}}],\"inLanguage\":\"de\"}]}<\/script>\n<!-- \/ Yoast SEO plugin. -->","yoast_head_json":{"title":"Impressum - K\u00f6ttermann GmbH","robots":{"index":"index","follow":"follow","max-snippet":"max-snippet:-1","max-image-preview":"max-image-preview:large","max-video-preview":"max-video-preview:-1"},"canonical":"https:\/\/www.koettermann.com\/de\/impressum\/","og_locale":"de_DE","og_type":"article","og_title":"Impressum - K\u00f6ttermann GmbH","og_description":"[vc_row full_width=&#8220;stretch_row&#8220;][vc_column][vc_row_inner][vc_column_inner offset=&#8220;vc_hidden-sm vc_hidden-xs&#8220;][vc_empty_space height=&#8220;50px&#8220;][\/vc_column_inner][\/vc_row_inner][vc_row_inner][vc_column_inner][vc_empty_space height=&#8220;50px&#8220;][\/vc_column_inner][\/vc_row_inner][vc_row_inner][vc_column_inner][vc_column_text] Impressum [\/vc_column_text][vc_empty_space height=&#8220;25px&#8220;][\/vc_column_inner][\/vc_row_inner][vc_row_inner][vc_column_inner][vc_column_text]K\u00f6ttermann GmbH Industriestra\u00dfe 2 D-31311 Uetze GERMANY Telefon: +49 (0) 5147 976-0 Fax: +49 (0) 5147 976-844 E-Mail:\u00a0website@koettermann.com Website: webdev.koettermann.com Registergericht: Amtsgericht Hildesheim Registernummer: HRB 206061 USt.-IdNr.: DE321080097[\/vc_column_text][vc_empty_space height=&#8220;50px&#8220;][vc_column_text css=&#8220;&#8220;]Gesch\u00e4ftsf\u00fchrer J\u00f6rg Hoffmann Kazim Doyuran Jens Buchholz Marek Krsek[\/vc_column_text][vc_empty_space height=&#8220;50px&#8220;][vc_empty_space height=&#8220;50px&#8220;][vc_column_text]Haftungshinweis Trotz sorgf\u00e4ltiger inhaltlicher Kontrolle \u00fcbernehmen wir keine [&hellip;]","og_url":"https:\/\/www.koettermann.com\/de\/impressum\/","og_site_name":"K\u00f6ttermann GmbH","article_modified_time":"2026-02-25T12:15:27+00:00","twitter_card":"summary_large_image","twitter_misc":{"Gesch\u00e4tzte Lesezeit":"1\u00a0Minute"},"schema":{"@context":"https:\/\/schema.org","@graph":[{"@type":"WebPage","@id":"https:\/\/www.koettermann.com\/de\/impressum\/","url":"https:\/\/www.koettermann.com\/de\/impressum\/","name":"Impressum - K\u00f6ttermann GmbH","isPartOf":{"@id":"https:\/\/www.koettermann.com\/de\/#website"},"datePublished":"2020-11-27T13:28:33+00:00","dateModified":"2026-02-25T12:15:27+00:00","breadcrumb":{"@id":"https:\/\/www.koettermann.com\/de\/impressum\/#breadcrumb"},"inLanguage":"de","potentialAction":[{"@type":"ReadAction","target":["https:\/\/www.koettermann.com\/de\/impressum\/"]}]},{"@type":"BreadcrumbList","@id":"https:\/\/www.koettermann.com\/de\/impressum\/#breadcrumb","itemListElement":[{"@type":"ListItem","position":1,"name":"Startseite","item":"https:\/\/www.koettermann.com\/de\/"},{"@type":"ListItem","position":2,"name":"Impressum"}]},{"@type":"WebSite","@id":"https:\/\/www.koettermann.com\/de\/#website","url":"https:\/\/www.koettermann.com\/de\/","name":"K\u00f6ttermann GmbH","description":"","potentialAction":[{"@type":"SearchAction","target":{"@type":"EntryPoint","urlTemplate":"https:\/\/www.koettermann.com\/de\/?s={search_term_string}"},"query-input":{"@type":"PropertyValueSpecification","valueRequired":true,"valueName":"search_term_string"}}],"inLanguage":"de"}]}},"_links":{"self":[{"href":"https:\/\/www.koettermann.com\/de\/wp-json\/wp\/v2\/pages\/587","targetHints":{"allow":["GET"]}}],"collection":[{"href":"https:\/\/www.koettermann.com\/de\/wp-json\/wp\/v2\/pages"}],"about":[{"href":"https:\/\/www.koettermann.com\/de\/wp-json\/wp\/v2\/types\/page"}],"author":[{"embeddable":true,"href":"https:\/\/www.koettermann.com\/de\/wp-json\/wp\/v2\/users\/3"}],"replies":[{"embeddable":true,"href":"https:\/\/www.koettermann.com\/de\/wp-json\/wp\/v2\/comments?post=587"}],"version-history":[{"count":5,"href":"https:\/\/www.koettermann.com\/de\/wp-json\/wp\/v2\/pages\/587\/revisions"}],"predecessor-version":[{"id":13997,"href":"https:\/\/www.koettermann.com\/de\/wp-json\/wp\/v2\/pages\/587\/revisions\/13997"}],"wp:attachment":[{"href":"https:\/\/www.koettermann.com\/de\/wp-json\/wp\/v2\/media?parent=587"}],"curies":[{"name":"wp","href":"https:\/\/api.w.org\/{rel}","templated":true}]}}