{"id":7601,"date":"2023-01-26T15:20:52","date_gmt":"2023-01-26T14:20:52","guid":{"rendered":"https:\/\/www.koettermann.com\/?page_id=7601"},"modified":"2023-01-26T15:42:02","modified_gmt":"2023-01-26T14:42:02","slug":"datenschutzerklaerung-fuer-bewerbungen","status":"publish","type":"page","link":"https:\/\/www.koettermann.com\/de\/datenschutzerklaerung-fuer-bewerbungen\/","title":{"rendered":"Datenschutzerkl\u00e4rung f\u00fcr Bewerbungen"},"content":{"rendered":"<div class=\"wpb-content-wrapper\"><p>[vc_row full_width=&#8220;stretch_row&#8220;][vc_column][vc_row_inner][vc_column_inner offset=&#8220;vc_hidden-sm vc_hidden-xs&#8220;][vc_empty_space height=&#8220;50px&#8220;][\/vc_column_inner][\/vc_row_inner][vc_row_inner][vc_column_inner][vc_empty_space height=&#8220;50px&#8220;][\/vc_column_inner][\/vc_row_inner][vc_row_inner][vc_column_inner][vc_column_text]<\/p>\n<h1 style=\"text-align: left;\">Datenschutzerkl\u00e4rung f\u00fcr Bewerbungen<\/h1>\n<p>[\/vc_column_text][vc_empty_space height=&#8220;25px&#8220;][\/vc_column_inner][\/vc_row_inner][vc_row_inner][vc_column_inner][vc_column_text]<strong>Datenschutzinformationen f\u00fcr Bewerber*innen <\/strong><\/p>\n<p><strong>\u00a0<\/strong><\/p>\n<p>wir freuen uns \u00fcber Ihre Bewerbung. Gem\u00e4\u00df den Vorgaben der Art. 13, 14 und 21 der Datenschutz-Grundverordnung (DSGVO) informieren wir Sie hiermit \u00fcber die Verarbeitung der von Ihnen im Rahmen des Bewerbungsprozesses \u00fcbermittelten sowie ggf. von uns erhobenen personenbezogenen Daten und Ihre diesbez\u00fcglichen Rechte. Um zu gew\u00e4hrleisten, dass Sie in vollem Umfang \u00fcber die Verarbeitung Ihrer personenbezogenen Daten im Rahmen des Bewerbungsprozesses informiert sind, nehmen Sie bitte nachstehende Informationen zur Kenntnis.<\/p>\n<p>&nbsp;<\/p>\n<p><strong>Verantwortliche Stelle im Sinne des Datenschutzes <\/strong><\/p>\n<p>&nbsp;<\/p>\n<p>K\u00f6ttermann GmbH<\/p>\n<p>Industriestra\u00dfe 2<\/p>\n<p>31311 Uetze<\/p>\n<p>&nbsp;<\/p>\n<p>Telefon: 49 5147 976-0<\/p>\n<p>\u200dE-Mail: website@koettermann.com<\/p>\n<p>Website: webdev.koettermann.com<\/p>\n<p>&nbsp;<\/p>\n<p><strong>Kontaktdaten Datenschutzbeauftragter<\/strong><\/p>\n<p>&nbsp;<\/p>\n<p>Michael Will<\/p>\n<p>DOS Software-Systeme GmbH<\/p>\n<p>Am Haselborn 21<\/p>\n<p>38448 Wolfsburg<\/p>\n<p>&nbsp;<\/p>\n<p>E-Mail: Michael.will@dos-online.de<\/p>\n<p>&nbsp;<\/p>\n<p><strong>Zwecke und Rechtsgrundlage der Verarbeitung<\/strong><\/p>\n<p>&nbsp;<\/p>\n<p>Wir verarbeiten Ihre personenbezogenen Daten im Einklang mit den Bestimmungen der<\/p>\n<p>europ\u00e4ischen Datenschutz-Grundverordnung (EU-DSGVO) und dem Bundesdatenschutzgesetz (BDSG), soweit dies f\u00fcr die Entscheidung \u00fcber die Begr\u00fcndung eines Besch\u00e4ftigungsverh\u00e4ltnisses mit uns erforderlich ist. Rechtsgrundlage ist dabei Art. 88 DSGVO i. V. m. \u00a7 26 BDSG-neu sowie ggf. Art. 6 Abs. 1 lit. b DSGVO zur Anbahnung oder Durchf\u00fchrung von Vertragsverh\u00e4ltnissen. Weiterhin k\u00f6nnen wir personenbezogene Daten von Ihnen verarbeiten, sofern dies zur Erf\u00fcllung rechtlicher Verpflichtungen (Art. 6 Abs. 1 lit. c DSGVO) oder zur Abwehr von geltend gemachten Rechtsanspr\u00fcchen gegen uns erforderlich ist. Rechtsgrundlage ist dabei Art. 6 Abs. 1 lit. f DSGVO. Das berechtigte Interesse ist beispielsweise eine Beweispflicht in einem Verfahren nach dem Allgemeinen Gleichbehandlungsgesetz (AGG). Erteilen Sie uns eine ausdr\u00fcckliche Einwilligung zur Verarbeitung von personenbezogenen Daten f\u00fcr bestimmte Zwecke, ist die Rechtm\u00e4\u00dfigkeit dieser Verarbeitung auf Basis Ihrer Einwilligung nach Art. 6 Abs. 1 lit. a DSGVO gegeben. Eine erteilte Einwilligung kann jederzeit, mit Wirkung f\u00fcr die Zukunft, widerrufen werden (s. Ziffer 9 dieser Datenschutzinformation).<\/p>\n<p>Kommt es zu einem Besch\u00e4ftigungsverh\u00e4ltnis zwischen Ihnen und uns, k\u00f6nnen wir gem\u00e4\u00df Art. 88 DSGVO i. V. m. \u00a7 26 BDSG-neu die bereits von Ihnen erhaltenen personenbezogenen Daten f\u00fcr Zwecke des Besch\u00e4ftigungsverh\u00e4ltnisses weiterverarbeiten, soweit dies f\u00fcr die Durchf\u00fchrung oder Beendigung des Besch\u00e4ftigungsverh\u00e4ltnisses oder zur Aus\u00fcbung bzw. Erf\u00fcllung der sich aus einem Gesetz oder einem Tarifvertrag, einer Betriebs- oder Dienstvereinbarung (Kollektivvereinbarung) ergebenden Rechte und Pflichten der<\/p>\n<p>Interessenvertretung der Besch\u00e4ftigten erforderlich ist.<\/p>\n<p>&nbsp;<\/p>\n<p><strong>Kategorien personenbezogener Daten<\/strong><\/p>\n<p>&nbsp;<\/p>\n<p>Wir verarbeiten nur solche Daten, die im Zusammenhang mit Ihrer Bewerbung stehen. Dies k\u00f6nnen allgemeine Daten zu Ihrer Person (Name, Anschrift, Kontaktdaten etc.), Angaben zu Ihrer beruflichen Qualifikation und Schulausbildung, Angaben zur beruflichen Weiterbildung sowie ggf. weitere Daten sein, die Sie uns im Zusammenhang mit Ihrer Bewerbung \u00fcbermitteln.<\/p>\n<p>&nbsp;<\/p>\n<p><strong>Quellen der Daten<\/strong><\/p>\n<p>&nbsp;<\/p>\n<p>Wir verarbeiten personenbezogene Daten, die wir im Rahmen der Kontaktaufnahme bzw. Ihrer Bewerbung von Ihnen postalisch oder per E-Mail erhalten bzw. die Sie uns \u00fcber andere Quellen \u00fcbermitteln.<\/p>\n<p>&nbsp;<\/p>\n<p><strong>Empf\u00e4nger der Daten<\/strong><\/p>\n<p>&nbsp;<\/p>\n<p>Wir geben Ihre personenbezogenen Daten innerhalb unseres Unternehmens ausschlie\u00dflich an die Bereiche und Personen weiter, die diese Daten zur Erf\u00fcllung der vertraglichen und<\/p>\n<p>gesetzlichen Pflichten bzw. zur Umsetzung unseres berechtigten Interesses ben\u00f6tigen.<\/p>\n<p>Wir k\u00f6nnen Ihre personenbezogenen Daten an mit uns verbundene Unternehmen \u00fcbermitteln, soweit dies im Rahmen der unter Ziffer 3 dieses Datenschutzinformationsblatts dargelegten Zwecke und Rechtsgrundlagen zul\u00e4ssig ist.<\/p>\n<p>Ihre personenbezogenen Daten werden in unserem Auftrag auf Basis von<\/p>\n<p>Auftragsverarbeitungsvertr\u00e4gen nach Art. 28 DSGVO verarbeitet. In diesen F\u00e4llen stellen wir sicher, dass die Verarbeitung von personenbezogenen Daten im Einklang mit den<\/p>\n<p>Bestimmungen der DSGVO erfolgt.<\/p>\n<p>Der Datenempf\u00e4nger ist unser Dienstleister f\u00fcr Mailhosting.<\/p>\n<p>&nbsp;<\/p>\n<p>Auftragsverarbeiter ist:<\/p>\n<p>&nbsp;<\/p>\n<p><strong>Microsoft Deutschland GmbH<\/strong><\/p>\n<p>Walter-Gropius-Stra\u00dfe 5<\/p>\n<p>80807 M\u00fcnchen<br \/>\nDeutschland<\/p>\n<p>&nbsp;<\/p>\n<p>Die Verarbeitung erfolgt zur bereitstellung der Kontaktm\u00f6glichkeit \u00fcber unsere Website.<\/p>\n<p>&nbsp;<\/p>\n<p>Eine Datenweitergabe an Empf\u00e4nger au\u00dferhalb des Unternehmens erfolgt ansonsten nur, soweit gesetzliche Bestimmungen dies erlauben oder gebieten, die Weitergabe zur Erf\u00fcllung rechtlicher Verpflichtungen erforderlich ist oder uns Ihre Einwilligung vorliegt.<\/p>\n<p>&nbsp;<\/p>\n<p><strong>\u00dcbermittlung in ein Drittland<\/strong><\/p>\n<p>&nbsp;<\/p>\n<p>Eine \u00dcbermittlung in ein Drittland ist nicht beabsichtigt. Aufgrund der aktuellen Rechtslage kann es vorkommen, dass trotz der Datenresidenz im europ\u00e4ischen Wirtschaftsraums Daten in die USA (somit in ein Drittland) geschickt werden k\u00f6nnen, wenn amerikanische Beh\u00f6rden bei einem amerikanischen Unternehmen die Datenherausgabe verlangen.<\/p>\n<p>&nbsp;<\/p>\n<p><strong>Dauer der Datenspeicherung<\/strong><\/p>\n<p>&nbsp;<\/p>\n<p>Wir speichern Ihre personenbezogenen Daten solange dies f\u00fcr die Entscheidung \u00fcber Ihre Bewerbung erforderlich ist. Ihre personenbezogenen Daten bzw. Bewerbungsunterlagen werden maximal sechs Monate nach Beendigung des Bewerbungsverfahrens (z. B. der Bekanntgabe der Absageentscheidung) gel\u00f6scht, sofern nicht eine l\u00e4ngere Speicherung rechtlich erforderlich oder zul\u00e4ssig ist. Wir speichern Ihre personenbezogenen Daten dar\u00fcber hinaus nur, soweit dies gesetzlich oder im konkreten Fall zur Geltendmachung, Aus\u00fcbung oder Verteidigung von Rechtsanspr\u00fcchen f\u00fcr die Dauer eines Rechtsstreits erforderlich ist. F\u00fcr den Fall, dass Sie einer l\u00e4ngeren Speicherung Ihrer personenbezogenen Daten zugestimmt haben, speichern wir diese nach Ma\u00dfgabe Ihrer Einwilligungserkl\u00e4rung. Kommt es im Anschluss an das Bewerbungsverfahren zu einem Besch\u00e4ftigungsverh\u00e4ltnis, Ausbildungsverh\u00e4ltnis oder Praktikantenverh\u00e4ltnis, werden Ihre Daten, soweit erforderlich und zul\u00e4ssig, zun\u00e4chst weiterhin gespeichert und anschlie\u00dfend in die Personalakte \u00fcberf\u00fchrt. Gegebenenfalls erhalten Sie im Anschluss an das Bewerbungsverfahren eine Einladung zur Aufnahme in unseren Talentpool. Dies erlaubt uns, Sie auch in Zukunft bei passenden Vakanzen bei unserer Bewerber*innensauswahl zu ber\u00fccksichtigen. Liegt uns eine entsprechende Einwilligung Ihrerseits vor, werden wir Ihre Bewerbungsdaten nach Ma\u00dfgabe Ihrer Einwilligung bzw. ggf. zuk\u00fcnftigen Einwilligungen in unserem Talentpool speichern.<\/p>\n<p>&nbsp;<\/p>\n<p><strong>Ihre Rechte<\/strong><\/p>\n<p>&nbsp;<\/p>\n<p>Jede betroffene Person hat das Recht auf Auskunft nach Art. 15 DSGVO, das Recht auf<\/p>\n<p>Berichtigung nach Art. 16 DSGVO, das Recht auf L\u00f6schung nach Art. 17 DSGVO, das Recht auf Einschr\u00e4nkung der Verarbeitung nach Art. 18 DSGVO, das Recht auf Mitteilung nach Art. 19 DSGVO sowie das Recht auf Daten\u00fcbertragbarkeit nach Art. 20 DSGVO.<\/p>\n<p>Dar\u00fcber hinaus besteht ein Beschwerderecht bei einer Datenschutzaufsichtsbeh\u00f6rde nach Art.<\/p>\n<p>77 DSGVO, wenn Sie der Ansicht sind, dass die Verarbeitung Ihrer personenbezogenen Daten nicht rechtm\u00e4\u00dfig erfolgt. Das Beschwerderecht besteht unbeschadet eines anderweitigen verwaltungsrechtlichen oder gerichtlichen Rechtsbehelfs.<\/p>\n<p>Sofern die Verarbeitung von Daten auf Grundlage Ihrer Einwilligung erfolgt, sind Sie nach Art. 7 DSGVO berechtigt, die Einwilligung in die Verwendung Ihrer personenbezogenen Daten jederzeit zu widerrufen. Bitte beachten Sie, dass der Widerruf erst f\u00fcr die Zukunft wirkt.<\/p>\n<p>Verarbeitungen, die vor dem Widerruf erfolgt sind, sind davon nicht betroffen. Bitte beachten Sie zudem, dass wir bestimmte Daten f\u00fcr die Erf\u00fcllung gesetzlicher Vorgaben ggf. f\u00fcr einen bestimmten Zeitraum aufbewahren m\u00fcssen (s. Ziffer 8 dieser Datenschutzinformation).<\/p>\n<p><strong>\u00a0<\/strong><\/p>\n<p><strong>\u00a0<\/strong><\/p>\n<p><strong>Widerspruchsrecht<\/strong><\/p>\n<p><strong>Soweit die Verarbeitung Ihrer personenbezogenen Daten nach Art. 6 Abs 1 lit. f DSGVO zur Wahrung berechtigter Interessen erfolgt, haben Sie gem\u00e4\u00df Art. 21 DSGVO das Recht, aus Gr\u00fcnden, die sich aus Ihrer besonderen Situation ergeben, jederzeit Widerspruch gegen die Verarbeitung dieser Daten einzulegen. Wir verarbeiten diese personenbezogenen Daten dann nicht mehr, es sei denn, wir k\u00f6nnen zwingende schutzw\u00fcrdige Gr\u00fcnde f\u00fcr die Verarbeitung nachweisen. Diese m\u00fcssen Ihre Interessen, Rechte und Freiheiten \u00fcberwiegen, oder die Verarbeitung muss der Geltendmachung, Aus\u00fcbung oder Verteidigung von Rechtsanspr\u00fcchen dienen. <\/strong><\/p>\n<p><strong>\u00a0<\/strong><\/p>\n<p>Zur Wahrung Ihrer Rechte k\u00f6nnen Sie uns gerne kontaktieren.<\/p>\n<p>&nbsp;<\/p>\n<p><strong>Erforderlichkeit der Bereitstellung personenbezogener Daten<\/strong><\/p>\n<p>&nbsp;<\/p>\n<p>Die Bereitstellung personenbezogener Daten im Rahmen von Bewerbungsprozessen ist weder gesetzlich noch vertraglich vorgeschrieben. Sie sind somit nicht verpflichtet, Angaben zu Ihren personenbezogenen Daten zu machen. Bitte beachten Sie jedoch, dass diese f\u00fcr die Entscheidung \u00fcber eine Bewerbung bzw. einen Vertragsabschluss in Bezug auf ein Besch\u00e4ftigungsverh\u00e4ltnis mit uns erforderlich sind. Soweit Sie uns keine personenbezogenen Daten bereitstellen, k\u00f6nnen wir keine Entscheidung zur Begr\u00fcndung eines Besch\u00e4ftigungsverh\u00e4ltnisses treffen. Wir empfehlen, im Rahmen Ihrer Bewerbung nur solche personenbezogenen Daten anzugeben, die zur Durchf\u00fchrung der Bewerbung erforderlich sind.<\/p>\n<p>&nbsp;<\/p>\n<p><strong>Automatisierte Entscheidungsfindung<\/strong><\/p>\n<p>&nbsp;<\/p>\n<p>Da die Entscheidung \u00fcber Ihre Bewerbung nicht ausschlie\u00dflich auf einer automatisierten Verarbeitung beruht, findet keine automatisierte Entscheidung im Einzelfall im Sinne des Art. 22 DSGVO statt.<\/p>\n<p>[\/vc_column_text][\/vc_column_inner][\/vc_row_inner][vc_row_inner][vc_column_inner][vc_empty_space height=&#8220;50px&#8220;][\/vc_column_inner][\/vc_row_inner][vc_row_inner][vc_column_inner offset=&#8220;vc_hidden-xs&#8220;][vc_empty_space height=&#8220;50px&#8220;][\/vc_column_inner][\/vc_row_inner][\/vc_column][\/vc_row]<\/p>\n<\/div>","protected":false},"excerpt":{"rendered":"<p>[vc_row full_width=&#8220;stretch_row&#8220;][vc_column][vc_row_inner][vc_column_inner offset=&#8220;vc_hidden-sm vc_hidden-xs&#8220;][vc_empty_space height=&#8220;50px&#8220;][\/vc_column_inner][\/vc_row_inner][vc_row_inner][vc_column_inner][vc_empty_space height=&#8220;50px&#8220;][\/vc_column_inner][\/vc_row_inner][vc_row_inner][vc_column_inner][vc_column_text] Datenschutzerkl\u00e4rung f\u00fcr Bewerbungen [\/vc_column_text][vc_empty_space height=&#8220;25px&#8220;][\/vc_column_inner][\/vc_row_inner][vc_row_inner][vc_column_inner][vc_column_text]Datenschutzinformationen f\u00fcr Bewerber*innen \u00a0 wir freuen uns \u00fcber Ihre Bewerbung. Gem\u00e4\u00df den Vorgaben der Art. 13, 14 und 21 der Datenschutz-Grundverordnung (DSGVO) informieren wir Sie hiermit \u00fcber die Verarbeitung der von Ihnen im Rahmen des Bewerbungsprozesses \u00fcbermittelten sowie ggf. von uns erhobenen personenbezogenen Daten und [&hellip;]<\/p>\n","protected":false},"author":2,"featured_media":0,"parent":0,"menu_order":0,"comment_status":"closed","ping_status":"closed","template":"","meta":{"content-type":"","footnotes":""},"class_list":["post-7601","page","type-page","status-publish","hentry"],"yoast_head":"<!-- This site is optimized with the Yoast SEO plugin v27.0 - https:\/\/yoast.com\/product\/yoast-seo-wordpress\/ -->\n<title>Datenschutzerkl\u00e4rung f\u00fcr Bewerbungen - K\u00f6ttermann GmbH<\/title>\n<meta name=\"robots\" content=\"index, follow, max-snippet:-1, max-image-preview:large, max-video-preview:-1\" \/>\n<link rel=\"canonical\" href=\"https:\/\/www.koettermann.com\/de\/datenschutzerklaerung-fuer-bewerbungen\/\" \/>\n<meta property=\"og:locale\" content=\"de_DE\" \/>\n<meta property=\"og:type\" content=\"article\" \/>\n<meta property=\"og:title\" content=\"Datenschutzerkl\u00e4rung f\u00fcr Bewerbungen - K\u00f6ttermann GmbH\" \/>\n<meta property=\"og:description\" content=\"[vc_row full_width=&#8220;stretch_row&#8220;][vc_column][vc_row_inner][vc_column_inner offset=&#8220;vc_hidden-sm vc_hidden-xs&#8220;][vc_empty_space height=&#8220;50px&#8220;][\/vc_column_inner][\/vc_row_inner][vc_row_inner][vc_column_inner][vc_empty_space height=&#8220;50px&#8220;][\/vc_column_inner][\/vc_row_inner][vc_row_inner][vc_column_inner][vc_column_text] Datenschutzerkl\u00e4rung f\u00fcr Bewerbungen [\/vc_column_text][vc_empty_space height=&#8220;25px&#8220;][\/vc_column_inner][\/vc_row_inner][vc_row_inner][vc_column_inner][vc_column_text]Datenschutzinformationen f\u00fcr Bewerber*innen \u00a0 wir freuen uns \u00fcber Ihre Bewerbung. Gem\u00e4\u00df den Vorgaben der Art. 13, 14 und 21 der Datenschutz-Grundverordnung (DSGVO) informieren wir Sie hiermit \u00fcber die Verarbeitung der von Ihnen im Rahmen des Bewerbungsprozesses \u00fcbermittelten sowie ggf. von uns erhobenen personenbezogenen Daten und [&hellip;]\" \/>\n<meta property=\"og:url\" content=\"https:\/\/www.koettermann.com\/de\/datenschutzerklaerung-fuer-bewerbungen\/\" \/>\n<meta property=\"og:site_name\" content=\"K\u00f6ttermann GmbH\" \/>\n<meta property=\"article:modified_time\" content=\"2023-01-26T14:42:02+00:00\" \/>\n<meta name=\"twitter:card\" content=\"summary_large_image\" \/>\n<meta name=\"twitter:label1\" content=\"Gesch\u00e4tzte Lesezeit\" \/>\n\t<meta name=\"twitter:data1\" content=\"7\u00a0Minuten\" \/>\n<script type=\"application\/ld+json\" class=\"yoast-schema-graph\">{\"@context\":\"https:\/\/schema.org\",\"@graph\":[{\"@type\":\"WebPage\",\"@id\":\"https:\/\/www.koettermann.com\/de\/datenschutzerklaerung-fuer-bewerbungen\/\",\"url\":\"https:\/\/www.koettermann.com\/de\/datenschutzerklaerung-fuer-bewerbungen\/\",\"name\":\"Datenschutzerkl\u00e4rung f\u00fcr Bewerbungen - K\u00f6ttermann GmbH\",\"isPartOf\":{\"@id\":\"https:\/\/www.koettermann.com\/de\/#website\"},\"datePublished\":\"2023-01-26T14:20:52+00:00\",\"dateModified\":\"2023-01-26T14:42:02+00:00\",\"breadcrumb\":{\"@id\":\"https:\/\/www.koettermann.com\/de\/datenschutzerklaerung-fuer-bewerbungen\/#breadcrumb\"},\"inLanguage\":\"de\",\"potentialAction\":[{\"@type\":\"ReadAction\",\"target\":[\"https:\/\/www.koettermann.com\/de\/datenschutzerklaerung-fuer-bewerbungen\/\"]}]},{\"@type\":\"BreadcrumbList\",\"@id\":\"https:\/\/www.koettermann.com\/de\/datenschutzerklaerung-fuer-bewerbungen\/#breadcrumb\",\"itemListElement\":[{\"@type\":\"ListItem\",\"position\":1,\"name\":\"Startseite\",\"item\":\"https:\/\/www.koettermann.com\/de\/\"},{\"@type\":\"ListItem\",\"position\":2,\"name\":\"Datenschutzerkl\u00e4rung f\u00fcr Bewerbungen\"}]},{\"@type\":\"WebSite\",\"@id\":\"https:\/\/www.koettermann.com\/de\/#website\",\"url\":\"https:\/\/www.koettermann.com\/de\/\",\"name\":\"K\u00f6ttermann GmbH\",\"description\":\"\",\"potentialAction\":[{\"@type\":\"SearchAction\",\"target\":{\"@type\":\"EntryPoint\",\"urlTemplate\":\"https:\/\/www.koettermann.com\/de\/?s={search_term_string}\"},\"query-input\":{\"@type\":\"PropertyValueSpecification\",\"valueRequired\":true,\"valueName\":\"search_term_string\"}}],\"inLanguage\":\"de\"}]}<\/script>\n<!-- \/ Yoast SEO plugin. -->","yoast_head_json":{"title":"Datenschutzerkl\u00e4rung f\u00fcr Bewerbungen - K\u00f6ttermann GmbH","robots":{"index":"index","follow":"follow","max-snippet":"max-snippet:-1","max-image-preview":"max-image-preview:large","max-video-preview":"max-video-preview:-1"},"canonical":"https:\/\/www.koettermann.com\/de\/datenschutzerklaerung-fuer-bewerbungen\/","og_locale":"de_DE","og_type":"article","og_title":"Datenschutzerkl\u00e4rung f\u00fcr Bewerbungen - K\u00f6ttermann GmbH","og_description":"[vc_row full_width=&#8220;stretch_row&#8220;][vc_column][vc_row_inner][vc_column_inner offset=&#8220;vc_hidden-sm vc_hidden-xs&#8220;][vc_empty_space height=&#8220;50px&#8220;][\/vc_column_inner][\/vc_row_inner][vc_row_inner][vc_column_inner][vc_empty_space height=&#8220;50px&#8220;][\/vc_column_inner][\/vc_row_inner][vc_row_inner][vc_column_inner][vc_column_text] Datenschutzerkl\u00e4rung f\u00fcr Bewerbungen [\/vc_column_text][vc_empty_space height=&#8220;25px&#8220;][\/vc_column_inner][\/vc_row_inner][vc_row_inner][vc_column_inner][vc_column_text]Datenschutzinformationen f\u00fcr Bewerber*innen \u00a0 wir freuen uns \u00fcber Ihre Bewerbung. Gem\u00e4\u00df den Vorgaben der Art. 13, 14 und 21 der Datenschutz-Grundverordnung (DSGVO) informieren wir Sie hiermit \u00fcber die Verarbeitung der von Ihnen im Rahmen des Bewerbungsprozesses \u00fcbermittelten sowie ggf. von uns erhobenen personenbezogenen Daten und [&hellip;]","og_url":"https:\/\/www.koettermann.com\/de\/datenschutzerklaerung-fuer-bewerbungen\/","og_site_name":"K\u00f6ttermann GmbH","article_modified_time":"2023-01-26T14:42:02+00:00","twitter_card":"summary_large_image","twitter_misc":{"Gesch\u00e4tzte Lesezeit":"7\u00a0Minuten"},"schema":{"@context":"https:\/\/schema.org","@graph":[{"@type":"WebPage","@id":"https:\/\/www.koettermann.com\/de\/datenschutzerklaerung-fuer-bewerbungen\/","url":"https:\/\/www.koettermann.com\/de\/datenschutzerklaerung-fuer-bewerbungen\/","name":"Datenschutzerkl\u00e4rung f\u00fcr Bewerbungen - K\u00f6ttermann GmbH","isPartOf":{"@id":"https:\/\/www.koettermann.com\/de\/#website"},"datePublished":"2023-01-26T14:20:52+00:00","dateModified":"2023-01-26T14:42:02+00:00","breadcrumb":{"@id":"https:\/\/www.koettermann.com\/de\/datenschutzerklaerung-fuer-bewerbungen\/#breadcrumb"},"inLanguage":"de","potentialAction":[{"@type":"ReadAction","target":["https:\/\/www.koettermann.com\/de\/datenschutzerklaerung-fuer-bewerbungen\/"]}]},{"@type":"BreadcrumbList","@id":"https:\/\/www.koettermann.com\/de\/datenschutzerklaerung-fuer-bewerbungen\/#breadcrumb","itemListElement":[{"@type":"ListItem","position":1,"name":"Startseite","item":"https:\/\/www.koettermann.com\/de\/"},{"@type":"ListItem","position":2,"name":"Datenschutzerkl\u00e4rung f\u00fcr Bewerbungen"}]},{"@type":"WebSite","@id":"https:\/\/www.koettermann.com\/de\/#website","url":"https:\/\/www.koettermann.com\/de\/","name":"K\u00f6ttermann GmbH","description":"","potentialAction":[{"@type":"SearchAction","target":{"@type":"EntryPoint","urlTemplate":"https:\/\/www.koettermann.com\/de\/?s={search_term_string}"},"query-input":{"@type":"PropertyValueSpecification","valueRequired":true,"valueName":"search_term_string"}}],"inLanguage":"de"}]}},"_links":{"self":[{"href":"https:\/\/www.koettermann.com\/de\/wp-json\/wp\/v2\/pages\/7601","targetHints":{"allow":["GET"]}}],"collection":[{"href":"https:\/\/www.koettermann.com\/de\/wp-json\/wp\/v2\/pages"}],"about":[{"href":"https:\/\/www.koettermann.com\/de\/wp-json\/wp\/v2\/types\/page"}],"author":[{"embeddable":true,"href":"https:\/\/www.koettermann.com\/de\/wp-json\/wp\/v2\/users\/2"}],"replies":[{"embeddable":true,"href":"https:\/\/www.koettermann.com\/de\/wp-json\/wp\/v2\/comments?post=7601"}],"version-history":[{"count":5,"href":"https:\/\/www.koettermann.com\/de\/wp-json\/wp\/v2\/pages\/7601\/revisions"}],"predecessor-version":[{"id":7619,"href":"https:\/\/www.koettermann.com\/de\/wp-json\/wp\/v2\/pages\/7601\/revisions\/7619"}],"wp:attachment":[{"href":"https:\/\/www.koettermann.com\/de\/wp-json\/wp\/v2\/media?parent=7601"}],"curies":[{"name":"wp","href":"https:\/\/api.w.org\/{rel}","templated":true}]}}